{"id":6172,"date":"2023-10-27T14:01:11","date_gmt":"2023-10-27T14:01:11","guid":{"rendered":"http:\/\/www.pksgitaliana.eu\/?post_type=product&#038;p=6172"},"modified":"2024-02-07T11:25:49","modified_gmt":"2024-02-07T11:25:49","slug":"cannolo-siciliano-2","status":"publish","type":"product","link":"https:\/\/www.pksgitaliana.eu\/it\/product\/cannolo-siciliano-2\/","title":{"rendered":"Cannolo Siciliano"},"content":{"rendered":"<h1>Cannolo Siciliano - Il vero dolce siciliano<\/h1>\n<p>Benvenuti nella cucina dolce italiana! Il cannolo siciliano \u00e8 un dolce tradizionale, eccezionalmente delizioso, che rappresenta l'orgoglio della gastronomia siciliana. Questo dolce non \u00e8 solo un piatto, ma un viaggio nel cuore della Sicilia, dove i sapori e gli aromi offrono un'esperienza unica.<\/p>\n<h2>Caratteristiche:<\/h2>\n<h3>1. <strong>Freschezza e qualit\u00e0:<\/strong><\/h3>\n<p>Il Cannolo Siciliano \u00e8 prodotto utilizzando solo ingredienti freschissimi e di alta qualit\u00e0. La pasta \u00e8 croccante e leggera e il ripieno \u00e8 morbido e cremoso.<\/p>\n<h3>2. <strong>Autentica ricetta siciliana:<\/strong><\/h3>\n<p>La ricetta contiene ingredienti segreti della tradizione siciliana, tramandati di generazione in generazione, per offrire il vero gusto siciliano in ogni boccone.<\/p>\n<h3>3. <strong>Variazioni e combinazioni di sapori:<\/strong><\/h3>\n<p>Il cannolo siciliano \u00e8 disponibile con una variet\u00e0 di ripieni. Con ripieno di ricotta, cioccolato o frutta, ogni versione offre un'esperienza unica.<\/p>\n<p>Questo dessert \u00e8 ottimo da servire con il caff\u00e8 o il t\u00e8, ma \u00e8 perfetto anche da solo. Provatelo per una merenda informale, per una cena romantica o per condividerlo con amici e familiari in un'occasione di festa.<\/p>\n<h2>Ordinate ora e godetevi la cucina siciliana a casa vostra!<\/h2>\n<p>Scoprite la specialit\u00e0 del Cannolo Siciliano e lasciatevi tentare da questo capolavoro siciliano. Ordinate subito e portate l'atmosfera mediterranea a casa vostra!<\/p>\n<p><em>Godetevi i dolci momenti con la Sicilia -<\/em><\/p>","protected":false},"excerpt":{"rendered":"<p>Benvenuti nella cucina dolce italiana! Il cannolo siciliano \u00e8 un dolce tradizionale, eccezionalmente delizioso, che rappresenta l'orgoglio della gastronomia siciliana. Questo dolce non \u00e8 solo un piatto, ma un viaggio nel cuore della Sicilia, dove i sapori e gli aromi offrono un'esperienza unica.<\/p>","protected":false},"featured_media":7034,"template":"","meta":{"site-sidebar-layout":"default","site-content-layout":"","ast-site-content-layout":"default","site-content-style":"default","site-sidebar-style":"default","ast-global-header-display":"","ast-banner-title-visibility":"","ast-main-header-display":"","ast-hfb-above-header-display":"","ast-hfb-below-header-display":"","ast-hfb-mobile-header-display":"","site-post-title":"","ast-breadcrumbs-content":"","ast-featured-img":"","footer-sml-layout":"","theme-transparent-header-meta":"default","adv-header-id-meta":"","stick-header-meta":"","header-above-stick-meta":"","header-main-stick-meta":"","header-below-stick-meta":"","astra-migrate-meta-layouts":"set","ast-page-background-enabled":"default","ast-page-background-meta":{"desktop":{"background-color":"","background-image":"","background-repeat":"repeat","background-position":"center center","background-size":"auto","background-attachment":"scroll","background-type":"","background-media":"","overlay-type":"","overlay-color":"","overlay-gradient":""},"tablet":{"background-color":"","background-image":"","background-repeat":"repeat","background-position":"center center","background-size":"auto","background-attachment":"scroll","background-type":"","background-media":"","overlay-type":"","overlay-color":"","overlay-gradient":""},"mobile":{"background-color":"","background-image":"","background-repeat":"repeat","background-position":"center center","background-size":"auto","background-attachment":"scroll","background-type":"","background-media":"","overlay-type":"","overlay-color":"","overlay-gradient":""}},"ast-content-background-meta":{"desktop":{"background-color":"var(--ast-global-color-5)","background-image":"","background-repeat":"repeat","background-position":"center center","background-size":"auto","background-attachment":"scroll","background-type":"","background-media":"","overlay-type":"","overlay-color":"","overlay-gradient":""},"tablet":{"background-color":"var(--ast-global-color-5)","background-image":"","background-repeat":"repeat","background-position":"center center","background-size":"auto","background-attachment":"scroll","background-type":"","background-media":"","overlay-type":"","overlay-color":"","overlay-gradient":""},"mobile":{"background-color":"var(--ast-global-color-5)","background-image":"","background-repeat":"repeat","background-position":"center center","background-size":"auto","background-attachment":"scroll","background-type":"","background-media":"","overlay-type":"","overlay-color":"","overlay-gradient":""}}},"product_cat":[80],"product_tag":[],"class_list":{"0":"post-6172","1":"product","2":"type-product","3":"status-publish","4":"has-post-thumbnail","6":"product_cat-desszert","7":"desktop-align-center","8":"tablet-align-center","9":"mobile-align-center","11":"first","12":"instock","13":"shipping-taxable","14":"purchasable","15":"product-type-simple"},"yoast_head":"<!-- This site is optimized with the Yoast SEO plugin v23.2 - https:\/\/yoast.com\/wordpress\/plugins\/seo\/ -->\n<title>Cannolo Siciliano - PKSG Italiana Ciuri Ciuri Bistro<\/title>\n<meta name=\"description\" content=\"A Cannolo Siciliano. K\u00f3stold meg ezt a klasszikus szic\u00edliai \u00e9dess\u00e9get, melyet k\u00fcl\u00f6nleges ricottakr\u00e9m, friss citromh\u00e9j \u00e9s ropog\u00f3s cs\u0151be t\u00f6lt\u00f6tt t\u00e9szta alkot.\" \/>\n<meta name=\"robots\" content=\"index, follow, max-snippet:-1, max-image-preview:large, max-video-preview:-1\" \/>\n<link rel=\"canonical\" href=\"https:\/\/www.pksgitaliana.eu\/it\/product\/cannolo-siciliano-2\/\" \/>\n<meta property=\"og:locale\" content=\"it_IT\" \/>\n<meta property=\"og:type\" content=\"article\" \/>\n<meta property=\"og:title\" content=\"Cannolo Siciliano - PKSG Italiana Ciuri Ciuri Bistro\" \/>\n<meta property=\"og:description\" content=\"A Cannolo Siciliano. K\u00f3stold meg ezt a klasszikus szic\u00edliai \u00e9dess\u00e9get, melyet k\u00fcl\u00f6nleges ricottakr\u00e9m, friss citromh\u00e9j \u00e9s ropog\u00f3s cs\u0151be t\u00f6lt\u00f6tt t\u00e9szta alkot.\" \/>\n<meta property=\"og:url\" content=\"https:\/\/www.pksgitaliana.eu\/it\/product\/cannolo-siciliano-2\/\" \/>\n<meta property=\"og:site_name\" content=\"PKSG Italiana Ciuri Ciuri Bistro\" \/>\n<meta property=\"article:publisher\" content=\"https:\/\/www.facebook.com\/pksgitaliana\/\" \/>\n<meta property=\"article:modified_time\" content=\"2024-02-07T11:25:49+00:00\" \/>\n<meta property=\"og:image\" content=\"https:\/\/www.pksgitaliana.eu\/wp-content\/uploads\/2023\/10\/cannolo.webp\" \/>\n\t<meta property=\"og:image:width\" content=\"1024\" \/>\n\t<meta property=\"og:image:height\" content=\"1536\" \/>\n\t<meta property=\"og:image:type\" content=\"image\/webp\" \/>\n<meta name=\"twitter:card\" content=\"summary_large_image\" \/>\n<meta name=\"twitter:label1\" content=\"Tempo di lettura stimato\" \/>\n\t<meta name=\"twitter:data1\" content=\"2 minuti\" \/>\n<script type=\"application\/ld+json\" class=\"yoast-schema-graph\">{\"@context\":\"https:\/\/schema.org\",\"@graph\":[{\"@type\":\"WebPage\",\"@id\":\"https:\/\/www.pksgitaliana.eu\/product\/cannolo-siciliano-2\/\",\"url\":\"https:\/\/www.pksgitaliana.eu\/product\/cannolo-siciliano-2\/\",\"name\":\"Cannolo Siciliano - PKSG Italiana Ciuri Ciuri Bistro\",\"isPartOf\":{\"@id\":\"https:\/\/www.pksgitaliana.eu\/#website\"},\"primaryImageOfPage\":{\"@id\":\"https:\/\/www.pksgitaliana.eu\/product\/cannolo-siciliano-2\/#primaryimage\"},\"image\":{\"@id\":\"https:\/\/www.pksgitaliana.eu\/product\/cannolo-siciliano-2\/#primaryimage\"},\"thumbnailUrl\":\"https:\/\/www.pksgitaliana.eu\/wp-content\/uploads\/2023\/10\/cannolo.webp\",\"datePublished\":\"2023-10-27T14:01:11+00:00\",\"dateModified\":\"2024-02-07T11:25:49+00:00\",\"description\":\"A Cannolo Siciliano. K\u00f3stold meg ezt a klasszikus szic\u00edliai \u00e9dess\u00e9get, melyet k\u00fcl\u00f6nleges ricottakr\u00e9m, friss citromh\u00e9j \u00e9s ropog\u00f3s cs\u0151be t\u00f6lt\u00f6tt t\u00e9szta alkot.\",\"breadcrumb\":{\"@id\":\"https:\/\/www.pksgitaliana.eu\/product\/cannolo-siciliano-2\/#breadcrumb\"},\"inLanguage\":\"it-IT\",\"potentialAction\":[{\"@type\":\"ReadAction\",\"target\":[\"https:\/\/www.pksgitaliana.eu\/product\/cannolo-siciliano-2\/\"]}]},{\"@type\":\"ImageObject\",\"inLanguage\":\"it-IT\",\"@id\":\"https:\/\/www.pksgitaliana.eu\/product\/cannolo-siciliano-2\/#primaryimage\",\"url\":\"https:\/\/www.pksgitaliana.eu\/wp-content\/uploads\/2023\/10\/cannolo.webp\",\"contentUrl\":\"https:\/\/www.pksgitaliana.eu\/wp-content\/uploads\/2023\/10\/cannolo.webp\",\"width\":1024,\"height\":1536},{\"@type\":\"BreadcrumbList\",\"@id\":\"https:\/\/www.pksgitaliana.eu\/product\/cannolo-siciliano-2\/#breadcrumb\",\"itemListElement\":[{\"@type\":\"ListItem\",\"position\":1,\"name\":\"Home\",\"item\":\"https:\/\/www.pksgitaliana.eu\/\"},{\"@type\":\"ListItem\",\"position\":2,\"name\":\"Rendel\u00e9s\",\"item\":\"https:\/\/www.pksgitaliana.eu\/rendeles\/\"},{\"@type\":\"ListItem\",\"position\":3,\"name\":\"Cannolo Siciliano\"}]},{\"@type\":\"WebSite\",\"@id\":\"https:\/\/www.pksgitaliana.eu\/#website\",\"url\":\"https:\/\/www.pksgitaliana.eu\/\",\"name\":\"PKSG Italiana Ciuri Ciuri Bistro\",\"description\":\"Szicil\u00edai \u00e9tterem\",\"publisher\":{\"@id\":\"https:\/\/www.pksgitaliana.eu\/#organization\"},\"alternateName\":\"PKSG Italiana\",\"potentialAction\":[{\"@type\":\"SearchAction\",\"target\":{\"@type\":\"EntryPoint\",\"urlTemplate\":\"https:\/\/www.pksgitaliana.eu\/?s={search_term_string}\"},\"query-input\":\"required name=search_term_string\"}],\"inLanguage\":\"it-IT\"},{\"@type\":\"Organization\",\"@id\":\"https:\/\/www.pksgitaliana.eu\/#organization\",\"name\":\"PKSG Italiana Ciuri Ciuri Bistro\",\"alternateName\":\"PKSG Italiana\",\"url\":\"https:\/\/www.pksgitaliana.eu\/\",\"logo\":{\"@type\":\"ImageObject\",\"inLanguage\":\"it-IT\",\"@id\":\"https:\/\/www.pksgitaliana.eu\/#\/schema\/logo\/image\/\",\"url\":\"https:\/\/www.pksgitaliana.eu\/wp-content\/uploads\/2024\/02\/cropped-sajat-logo-1.webp\",\"contentUrl\":\"https:\/\/www.pksgitaliana.eu\/wp-content\/uploads\/2024\/02\/cropped-sajat-logo-1.webp\",\"width\":886,\"height\":296,\"caption\":\"PKSG Italiana Ciuri Ciuri Bistro\"},\"image\":{\"@id\":\"https:\/\/www.pksgitaliana.eu\/#\/schema\/logo\/image\/\"},\"sameAs\":[\"https:\/\/www.facebook.com\/pksgitaliana\/\"]}]}<\/script>\n<!-- \/ Yoast SEO plugin. -->","yoast_head_json":{"title":"Cannolo Siciliano - PKSG Italiana Ciuri Ciuri Bistro","description":"A Cannolo Siciliano. K\u00f3stold meg ezt a klasszikus szic\u00edliai \u00e9dess\u00e9get, melyet k\u00fcl\u00f6nleges ricottakr\u00e9m, friss citromh\u00e9j \u00e9s ropog\u00f3s cs\u0151be t\u00f6lt\u00f6tt t\u00e9szta alkot.","robots":{"index":"index","follow":"follow","max-snippet":"max-snippet:-1","max-image-preview":"max-image-preview:large","max-video-preview":"max-video-preview:-1"},"canonical":"https:\/\/www.pksgitaliana.eu\/it\/product\/cannolo-siciliano-2\/","og_locale":"it_IT","og_type":"article","og_title":"Cannolo Siciliano - PKSG Italiana Ciuri Ciuri Bistro","og_description":"A Cannolo Siciliano. K\u00f3stold meg ezt a klasszikus szic\u00edliai \u00e9dess\u00e9get, melyet k\u00fcl\u00f6nleges ricottakr\u00e9m, friss citromh\u00e9j \u00e9s ropog\u00f3s cs\u0151be t\u00f6lt\u00f6tt t\u00e9szta alkot.","og_url":"https:\/\/www.pksgitaliana.eu\/it\/product\/cannolo-siciliano-2\/","og_site_name":"PKSG Italiana Ciuri Ciuri Bistro","article_publisher":"https:\/\/www.facebook.com\/pksgitaliana\/","article_modified_time":"2024-02-07T11:25:49+00:00","og_image":[{"width":1024,"height":1536,"url":"https:\/\/www.pksgitaliana.eu\/wp-content\/uploads\/2023\/10\/cannolo.webp","type":"image\/webp"}],"twitter_card":"summary_large_image","twitter_misc":{"Tempo di lettura stimato":"2 minuti"},"schema":{"@context":"https:\/\/schema.org","@graph":[{"@type":"WebPage","@id":"https:\/\/www.pksgitaliana.eu\/product\/cannolo-siciliano-2\/","url":"https:\/\/www.pksgitaliana.eu\/product\/cannolo-siciliano-2\/","name":"Cannolo Siciliano - PKSG Italiana Ciuri Ciuri Bistro","isPartOf":{"@id":"https:\/\/www.pksgitaliana.eu\/#website"},"primaryImageOfPage":{"@id":"https:\/\/www.pksgitaliana.eu\/product\/cannolo-siciliano-2\/#primaryimage"},"image":{"@id":"https:\/\/www.pksgitaliana.eu\/product\/cannolo-siciliano-2\/#primaryimage"},"thumbnailUrl":"https:\/\/www.pksgitaliana.eu\/wp-content\/uploads\/2023\/10\/cannolo.webp","datePublished":"2023-10-27T14:01:11+00:00","dateModified":"2024-02-07T11:25:49+00:00","description":"A Cannolo Siciliano. K\u00f3stold meg ezt a klasszikus szic\u00edliai \u00e9dess\u00e9get, melyet k\u00fcl\u00f6nleges ricottakr\u00e9m, friss citromh\u00e9j \u00e9s ropog\u00f3s cs\u0151be t\u00f6lt\u00f6tt t\u00e9szta alkot.","breadcrumb":{"@id":"https:\/\/www.pksgitaliana.eu\/product\/cannolo-siciliano-2\/#breadcrumb"},"inLanguage":"it-IT","potentialAction":[{"@type":"ReadAction","target":["https:\/\/www.pksgitaliana.eu\/product\/cannolo-siciliano-2\/"]}]},{"@type":"ImageObject","inLanguage":"it-IT","@id":"https:\/\/www.pksgitaliana.eu\/product\/cannolo-siciliano-2\/#primaryimage","url":"https:\/\/www.pksgitaliana.eu\/wp-content\/uploads\/2023\/10\/cannolo.webp","contentUrl":"https:\/\/www.pksgitaliana.eu\/wp-content\/uploads\/2023\/10\/cannolo.webp","width":1024,"height":1536},{"@type":"BreadcrumbList","@id":"https:\/\/www.pksgitaliana.eu\/product\/cannolo-siciliano-2\/#breadcrumb","itemListElement":[{"@type":"ListItem","position":1,"name":"Home","item":"https:\/\/www.pksgitaliana.eu\/"},{"@type":"ListItem","position":2,"name":"Rendel\u00e9s","item":"https:\/\/www.pksgitaliana.eu\/rendeles\/"},{"@type":"ListItem","position":3,"name":"Cannolo Siciliano"}]},{"@type":"WebSite","@id":"https:\/\/www.pksgitaliana.eu\/#website","url":"https:\/\/www.pksgitaliana.eu\/","name":"PKSG Italiana Ciuri Ciuri Bistro","description":"Szicil\u00edai \u00e9tterem","publisher":{"@id":"https:\/\/www.pksgitaliana.eu\/#organization"},"alternateName":"PKSG Italiana","potentialAction":[{"@type":"SearchAction","target":{"@type":"EntryPoint","urlTemplate":"https:\/\/www.pksgitaliana.eu\/?s={search_term_string}"},"query-input":"required name=search_term_string"}],"inLanguage":"it-IT"},{"@type":"Organization","@id":"https:\/\/www.pksgitaliana.eu\/#organization","name":"PKSG Italiana Ciuri Ciuri Bistro","alternateName":"PKSG Italiana","url":"https:\/\/www.pksgitaliana.eu\/","logo":{"@type":"ImageObject","inLanguage":"it-IT","@id":"https:\/\/www.pksgitaliana.eu\/#\/schema\/logo\/image\/","url":"https:\/\/www.pksgitaliana.eu\/wp-content\/uploads\/2024\/02\/cropped-sajat-logo-1.webp","contentUrl":"https:\/\/www.pksgitaliana.eu\/wp-content\/uploads\/2024\/02\/cropped-sajat-logo-1.webp","width":886,"height":296,"caption":"PKSG Italiana Ciuri Ciuri Bistro"},"image":{"@id":"https:\/\/www.pksgitaliana.eu\/#\/schema\/logo\/image\/"},"sameAs":["https:\/\/www.facebook.com\/pksgitaliana\/"]}]}},"_links":{"self":[{"href":"https:\/\/www.pksgitaliana.eu\/it\/wp-json\/wp\/v2\/product\/6172","targetHints":{"allow":["GET"]}}],"collection":[{"href":"https:\/\/www.pksgitaliana.eu\/it\/wp-json\/wp\/v2\/product"}],"about":[{"href":"https:\/\/www.pksgitaliana.eu\/it\/wp-json\/wp\/v2\/types\/product"}],"wp:featuredmedia":[{"embeddable":true,"href":"https:\/\/www.pksgitaliana.eu\/it\/wp-json\/wp\/v2\/media\/7034"}],"wp:attachment":[{"href":"https:\/\/www.pksgitaliana.eu\/it\/wp-json\/wp\/v2\/media?parent=6172"}],"wp:term":[{"taxonomy":"product_cat","embeddable":true,"href":"https:\/\/www.pksgitaliana.eu\/it\/wp-json\/wp\/v2\/product_cat?post=6172"},{"taxonomy":"product_tag","embeddable":true,"href":"https:\/\/www.pksgitaliana.eu\/it\/wp-json\/wp\/v2\/product_tag?post=6172"}],"curies":[{"name":"wp","href":"https:\/\/api.w.org\/{rel}","templated":true}]}}