{"id":6165,"date":"2023-10-27T13:56:17","date_gmt":"2023-10-27T13:56:17","guid":{"rendered":"http:\/\/www.pksgitaliana.eu\/?post_type=product&#038;p=6165"},"modified":"2024-02-07T12:32:11","modified_gmt":"2024-02-07T12:32:11","slug":"penne-o-fusilli-al-ragu-bolognese","status":"publish","type":"product","link":"https:\/\/www.pksgitaliana.eu\/it\/product\/penne-o-fusilli-al-ragu-bolognese\/","title":{"rendered":"Penne o Fusilli al rag\u00f9 bolognese"},"content":{"rendered":"<p><strong>Penne o Fusilli al Ragu con Sugo alla Bolognese<\/strong><\/p>\n<p>Assaporate l'armonia dei sapori italiani in questo piatto eccezionale! Le Penne o Fusilli al Ragu con rag\u00f9 alla bolognese sono un piatto che delizier\u00e0 le vostre papille gustative con un sapore ricco e succoso.<\/p>\n<p><strong>Ingredienti:<\/strong><\/p>\n<ul>\n<li>Penne e Fusilli di farina di grano duro di alta qualit\u00e0.<\/li>\n<li>Sugo alla bolognese a base di pomodori freschi di stagione.<\/li>\n<li>Carne di manzo di alta qualit\u00e0 tritata finemente.<\/li>\n<li>Le verdure fresche, come cipolle, carote e sedano, arricchiscono la tavolozza dei sapori.<\/li>\n<li>Spezie ed erbe aromatiche come basilico, rosmarino e origano freschi.<\/li>\n<\/ul>\n<p>&nbsp;<\/p>\n<p>Godetevi l'esperienza della vera gastronomia italiana con questa pasta di Penne e Fusilli al Ragu Bolognese, che non mancher\u00e0 di stupire tutti coloro che sono affascinati dalla cucina italiana!<\/p>","protected":false},"excerpt":{"rendered":"<p>Assaporate l'armonia dei sapori italiani in questo piatto eccezionale! Le Penne o Fusilli al Ragu con rag\u00f9 alla bolognese sono un piatto che delizier\u00e0 le vostre papille gustative con un sapore ricco e succoso.<\/p>","protected":false},"featured_media":7061,"template":"","meta":{"site-sidebar-layout":"default","site-content-layout":"","ast-site-content-layout":"default","site-content-style":"default","site-sidebar-style":"default","ast-global-header-display":"","ast-banner-title-visibility":"","ast-main-header-display":"","ast-hfb-above-header-display":"","ast-hfb-below-header-display":"","ast-hfb-mobile-header-display":"","site-post-title":"","ast-breadcrumbs-content":"","ast-featured-img":"","footer-sml-layout":"","theme-transparent-header-meta":"default","adv-header-id-meta":"","stick-header-meta":"","header-above-stick-meta":"","header-main-stick-meta":"","header-below-stick-meta":"","astra-migrate-meta-layouts":"set","ast-page-background-enabled":"default","ast-page-background-meta":{"desktop":{"background-color":"","background-image":"","background-repeat":"repeat","background-position":"center center","background-size":"auto","background-attachment":"scroll","background-type":"","background-media":"","overlay-type":"","overlay-color":"","overlay-gradient":""},"tablet":{"background-color":"","background-image":"","background-repeat":"repeat","background-position":"center center","background-size":"auto","background-attachment":"scroll","background-type":"","background-media":"","overlay-type":"","overlay-color":"","overlay-gradient":""},"mobile":{"background-color":"","background-image":"","background-repeat":"repeat","background-position":"center center","background-size":"auto","background-attachment":"scroll","background-type":"","background-media":"","overlay-type":"","overlay-color":"","overlay-gradient":""}},"ast-content-background-meta":{"desktop":{"background-color":"var(--ast-global-color-5)","background-image":"","background-repeat":"repeat","background-position":"center center","background-size":"auto","background-attachment":"scroll","background-type":"","background-media":"","overlay-type":"","overlay-color":"","overlay-gradient":""},"tablet":{"background-color":"var(--ast-global-color-5)","background-image":"","background-repeat":"repeat","background-position":"center center","background-size":"auto","background-attachment":"scroll","background-type":"","background-media":"","overlay-type":"","overlay-color":"","overlay-gradient":""},"mobile":{"background-color":"var(--ast-global-color-5)","background-image":"","background-repeat":"repeat","background-position":"center center","background-size":"auto","background-attachment":"scroll","background-type":"","background-media":"","overlay-type":"","overlay-color":"","overlay-gradient":""}}},"product_cat":[37],"product_tag":[],"class_list":{"0":"post-6165","1":"product","2":"type-product","3":"status-publish","4":"has-post-thumbnail","6":"product_cat-teszta","7":"desktop-align-center","8":"tablet-align-center","9":"mobile-align-center","11":"first","12":"instock","13":"shipping-taxable","14":"purchasable","15":"product-type-simple"},"yoast_head":"<!-- This site is optimized with the Yoast SEO plugin v23.2 - https:\/\/yoast.com\/wordpress\/plugins\/seo\/ -->\n<title>Penne o Fusilli al ragu Bolognese - PKSG Italiana Ciuri Ciuri Bistro<\/title>\n<meta name=\"description\" content=\"\u00cdnycsikland\u00f3 &quot;Penne o Fusilli al Ragu Bolognese&quot; \u00e9tellel! K\u00f3stolja meg a t\u00f6k\u00e9letesen f\u0151tt Fusilli t\u00e9szt\u00e1t, melyet gazdag Bolognese sz\u00f3sz \u00f6lel k\u00f6r\u00fcl.\" \/>\n<meta name=\"robots\" content=\"index, follow, max-snippet:-1, max-image-preview:large, max-video-preview:-1\" \/>\n<link rel=\"canonical\" href=\"https:\/\/www.pksgitaliana.eu\/it\/product\/penne-o-fusilli-al-ragu-bolognese\/\" \/>\n<meta property=\"og:locale\" content=\"it_IT\" \/>\n<meta property=\"og:type\" content=\"article\" \/>\n<meta property=\"og:title\" content=\"Penne o Fusilli al ragu Bolognese - PKSG Italiana Ciuri Ciuri Bistro\" \/>\n<meta property=\"og:description\" content=\"\u00cdnycsikland\u00f3 &quot;Penne o Fusilli al Ragu Bolognese&quot; \u00e9tellel! K\u00f3stolja meg a t\u00f6k\u00e9letesen f\u0151tt Fusilli t\u00e9szt\u00e1t, melyet gazdag Bolognese sz\u00f3sz \u00f6lel k\u00f6r\u00fcl.\" \/>\n<meta property=\"og:url\" content=\"https:\/\/www.pksgitaliana.eu\/it\/product\/penne-o-fusilli-al-ragu-bolognese\/\" \/>\n<meta property=\"og:site_name\" content=\"PKSG Italiana Ciuri Ciuri Bistro\" \/>\n<meta property=\"article:publisher\" content=\"https:\/\/www.facebook.com\/pksgitaliana\/\" \/>\n<meta property=\"article:modified_time\" content=\"2024-02-07T12:32:11+00:00\" \/>\n<meta property=\"og:image\" content=\"https:\/\/www.pksgitaliana.eu\/wp-content\/uploads\/2023\/10\/penne-1.webp\" \/>\n\t<meta property=\"og:image:width\" content=\"1536\" \/>\n\t<meta property=\"og:image:height\" content=\"2048\" \/>\n\t<meta property=\"og:image:type\" content=\"image\/webp\" \/>\n<meta name=\"twitter:card\" content=\"summary_large_image\" \/>\n<meta name=\"twitter:label1\" content=\"Tempo di lettura stimato\" \/>\n\t<meta name=\"twitter:data1\" content=\"1 minuto\" \/>\n<script type=\"application\/ld+json\" class=\"yoast-schema-graph\">{\"@context\":\"https:\/\/schema.org\",\"@graph\":[{\"@type\":\"WebPage\",\"@id\":\"https:\/\/www.pksgitaliana.eu\/product\/penne-o-fusilli-al-ragu-bolognese\/\",\"url\":\"https:\/\/www.pksgitaliana.eu\/product\/penne-o-fusilli-al-ragu-bolognese\/\",\"name\":\"Penne o Fusilli al ragu Bolognese - PKSG Italiana Ciuri Ciuri Bistro\",\"isPartOf\":{\"@id\":\"https:\/\/www.pksgitaliana.eu\/#website\"},\"primaryImageOfPage\":{\"@id\":\"https:\/\/www.pksgitaliana.eu\/product\/penne-o-fusilli-al-ragu-bolognese\/#primaryimage\"},\"image\":{\"@id\":\"https:\/\/www.pksgitaliana.eu\/product\/penne-o-fusilli-al-ragu-bolognese\/#primaryimage\"},\"thumbnailUrl\":\"https:\/\/www.pksgitaliana.eu\/wp-content\/uploads\/2023\/10\/penne-1.webp\",\"datePublished\":\"2023-10-27T13:56:17+00:00\",\"dateModified\":\"2024-02-07T12:32:11+00:00\",\"description\":\"\u00cdnycsikland\u00f3 \\\"Penne o Fusilli al Ragu Bolognese\\\" \u00e9tellel! K\u00f3stolja meg a t\u00f6k\u00e9letesen f\u0151tt Fusilli t\u00e9szt\u00e1t, melyet gazdag Bolognese sz\u00f3sz \u00f6lel k\u00f6r\u00fcl.\",\"breadcrumb\":{\"@id\":\"https:\/\/www.pksgitaliana.eu\/product\/penne-o-fusilli-al-ragu-bolognese\/#breadcrumb\"},\"inLanguage\":\"it-IT\",\"potentialAction\":[{\"@type\":\"ReadAction\",\"target\":[\"https:\/\/www.pksgitaliana.eu\/product\/penne-o-fusilli-al-ragu-bolognese\/\"]}]},{\"@type\":\"ImageObject\",\"inLanguage\":\"it-IT\",\"@id\":\"https:\/\/www.pksgitaliana.eu\/product\/penne-o-fusilli-al-ragu-bolognese\/#primaryimage\",\"url\":\"https:\/\/www.pksgitaliana.eu\/wp-content\/uploads\/2023\/10\/penne-1.webp\",\"contentUrl\":\"https:\/\/www.pksgitaliana.eu\/wp-content\/uploads\/2023\/10\/penne-1.webp\",\"width\":1536,\"height\":2048},{\"@type\":\"BreadcrumbList\",\"@id\":\"https:\/\/www.pksgitaliana.eu\/product\/penne-o-fusilli-al-ragu-bolognese\/#breadcrumb\",\"itemListElement\":[{\"@type\":\"ListItem\",\"position\":1,\"name\":\"Home\",\"item\":\"https:\/\/www.pksgitaliana.eu\/\"},{\"@type\":\"ListItem\",\"position\":2,\"name\":\"Rendel\u00e9s\",\"item\":\"https:\/\/www.pksgitaliana.eu\/rendeles\/\"},{\"@type\":\"ListItem\",\"position\":3,\"name\":\"Penne o Fusilli al ragu Bolognese\"}]},{\"@type\":\"WebSite\",\"@id\":\"https:\/\/www.pksgitaliana.eu\/#website\",\"url\":\"https:\/\/www.pksgitaliana.eu\/\",\"name\":\"PKSG Italiana Ciuri Ciuri Bistro\",\"description\":\"Szicil\u00edai \u00e9tterem\",\"publisher\":{\"@id\":\"https:\/\/www.pksgitaliana.eu\/#organization\"},\"alternateName\":\"PKSG Italiana\",\"potentialAction\":[{\"@type\":\"SearchAction\",\"target\":{\"@type\":\"EntryPoint\",\"urlTemplate\":\"https:\/\/www.pksgitaliana.eu\/?s={search_term_string}\"},\"query-input\":\"required name=search_term_string\"}],\"inLanguage\":\"it-IT\"},{\"@type\":\"Organization\",\"@id\":\"https:\/\/www.pksgitaliana.eu\/#organization\",\"name\":\"PKSG Italiana Ciuri Ciuri Bistro\",\"alternateName\":\"PKSG Italiana\",\"url\":\"https:\/\/www.pksgitaliana.eu\/\",\"logo\":{\"@type\":\"ImageObject\",\"inLanguage\":\"it-IT\",\"@id\":\"https:\/\/www.pksgitaliana.eu\/#\/schema\/logo\/image\/\",\"url\":\"https:\/\/www.pksgitaliana.eu\/wp-content\/uploads\/2024\/02\/cropped-sajat-logo-1.webp\",\"contentUrl\":\"https:\/\/www.pksgitaliana.eu\/wp-content\/uploads\/2024\/02\/cropped-sajat-logo-1.webp\",\"width\":886,\"height\":296,\"caption\":\"PKSG Italiana Ciuri Ciuri Bistro\"},\"image\":{\"@id\":\"https:\/\/www.pksgitaliana.eu\/#\/schema\/logo\/image\/\"},\"sameAs\":[\"https:\/\/www.facebook.com\/pksgitaliana\/\"]}]}<\/script>\n<!-- \/ Yoast SEO plugin. -->","yoast_head_json":{"title":"Penne o Fusilli al ragu Bolognese - PKSG Italiana Ciuri Ciuri Bistro","description":"\u00cdnycsikland\u00f3 \"Penne o Fusilli al Ragu Bolognese\" \u00e9tellel! K\u00f3stolja meg a t\u00f6k\u00e9letesen f\u0151tt Fusilli t\u00e9szt\u00e1t, melyet gazdag Bolognese sz\u00f3sz \u00f6lel k\u00f6r\u00fcl.","robots":{"index":"index","follow":"follow","max-snippet":"max-snippet:-1","max-image-preview":"max-image-preview:large","max-video-preview":"max-video-preview:-1"},"canonical":"https:\/\/www.pksgitaliana.eu\/it\/product\/penne-o-fusilli-al-ragu-bolognese\/","og_locale":"it_IT","og_type":"article","og_title":"Penne o Fusilli al ragu Bolognese - PKSG Italiana Ciuri Ciuri Bistro","og_description":"\u00cdnycsikland\u00f3 \"Penne o Fusilli al Ragu Bolognese\" \u00e9tellel! K\u00f3stolja meg a t\u00f6k\u00e9letesen f\u0151tt Fusilli t\u00e9szt\u00e1t, melyet gazdag Bolognese sz\u00f3sz \u00f6lel k\u00f6r\u00fcl.","og_url":"https:\/\/www.pksgitaliana.eu\/it\/product\/penne-o-fusilli-al-ragu-bolognese\/","og_site_name":"PKSG Italiana Ciuri Ciuri Bistro","article_publisher":"https:\/\/www.facebook.com\/pksgitaliana\/","article_modified_time":"2024-02-07T12:32:11+00:00","og_image":[{"width":1536,"height":2048,"url":"https:\/\/www.pksgitaliana.eu\/wp-content\/uploads\/2023\/10\/penne-1.webp","type":"image\/webp"}],"twitter_card":"summary_large_image","twitter_misc":{"Tempo di lettura stimato":"1 minuto"},"schema":{"@context":"https:\/\/schema.org","@graph":[{"@type":"WebPage","@id":"https:\/\/www.pksgitaliana.eu\/product\/penne-o-fusilli-al-ragu-bolognese\/","url":"https:\/\/www.pksgitaliana.eu\/product\/penne-o-fusilli-al-ragu-bolognese\/","name":"Penne o Fusilli al ragu Bolognese - PKSG Italiana Ciuri Ciuri Bistro","isPartOf":{"@id":"https:\/\/www.pksgitaliana.eu\/#website"},"primaryImageOfPage":{"@id":"https:\/\/www.pksgitaliana.eu\/product\/penne-o-fusilli-al-ragu-bolognese\/#primaryimage"},"image":{"@id":"https:\/\/www.pksgitaliana.eu\/product\/penne-o-fusilli-al-ragu-bolognese\/#primaryimage"},"thumbnailUrl":"https:\/\/www.pksgitaliana.eu\/wp-content\/uploads\/2023\/10\/penne-1.webp","datePublished":"2023-10-27T13:56:17+00:00","dateModified":"2024-02-07T12:32:11+00:00","description":"\u00cdnycsikland\u00f3 \"Penne o Fusilli al Ragu Bolognese\" \u00e9tellel! K\u00f3stolja meg a t\u00f6k\u00e9letesen f\u0151tt Fusilli t\u00e9szt\u00e1t, melyet gazdag Bolognese sz\u00f3sz \u00f6lel k\u00f6r\u00fcl.","breadcrumb":{"@id":"https:\/\/www.pksgitaliana.eu\/product\/penne-o-fusilli-al-ragu-bolognese\/#breadcrumb"},"inLanguage":"it-IT","potentialAction":[{"@type":"ReadAction","target":["https:\/\/www.pksgitaliana.eu\/product\/penne-o-fusilli-al-ragu-bolognese\/"]}]},{"@type":"ImageObject","inLanguage":"it-IT","@id":"https:\/\/www.pksgitaliana.eu\/product\/penne-o-fusilli-al-ragu-bolognese\/#primaryimage","url":"https:\/\/www.pksgitaliana.eu\/wp-content\/uploads\/2023\/10\/penne-1.webp","contentUrl":"https:\/\/www.pksgitaliana.eu\/wp-content\/uploads\/2023\/10\/penne-1.webp","width":1536,"height":2048},{"@type":"BreadcrumbList","@id":"https:\/\/www.pksgitaliana.eu\/product\/penne-o-fusilli-al-ragu-bolognese\/#breadcrumb","itemListElement":[{"@type":"ListItem","position":1,"name":"Home","item":"https:\/\/www.pksgitaliana.eu\/"},{"@type":"ListItem","position":2,"name":"Rendel\u00e9s","item":"https:\/\/www.pksgitaliana.eu\/rendeles\/"},{"@type":"ListItem","position":3,"name":"Penne o Fusilli al ragu Bolognese"}]},{"@type":"WebSite","@id":"https:\/\/www.pksgitaliana.eu\/#website","url":"https:\/\/www.pksgitaliana.eu\/","name":"PKSG Italiana Ciuri Ciuri Bistro","description":"Szicil\u00edai \u00e9tterem","publisher":{"@id":"https:\/\/www.pksgitaliana.eu\/#organization"},"alternateName":"PKSG Italiana","potentialAction":[{"@type":"SearchAction","target":{"@type":"EntryPoint","urlTemplate":"https:\/\/www.pksgitaliana.eu\/?s={search_term_string}"},"query-input":"required name=search_term_string"}],"inLanguage":"it-IT"},{"@type":"Organization","@id":"https:\/\/www.pksgitaliana.eu\/#organization","name":"PKSG Italiana Ciuri Ciuri Bistro","alternateName":"PKSG Italiana","url":"https:\/\/www.pksgitaliana.eu\/","logo":{"@type":"ImageObject","inLanguage":"it-IT","@id":"https:\/\/www.pksgitaliana.eu\/#\/schema\/logo\/image\/","url":"https:\/\/www.pksgitaliana.eu\/wp-content\/uploads\/2024\/02\/cropped-sajat-logo-1.webp","contentUrl":"https:\/\/www.pksgitaliana.eu\/wp-content\/uploads\/2024\/02\/cropped-sajat-logo-1.webp","width":886,"height":296,"caption":"PKSG Italiana Ciuri Ciuri Bistro"},"image":{"@id":"https:\/\/www.pksgitaliana.eu\/#\/schema\/logo\/image\/"},"sameAs":["https:\/\/www.facebook.com\/pksgitaliana\/"]}]}},"_links":{"self":[{"href":"https:\/\/www.pksgitaliana.eu\/it\/wp-json\/wp\/v2\/product\/6165","targetHints":{"allow":["GET"]}}],"collection":[{"href":"https:\/\/www.pksgitaliana.eu\/it\/wp-json\/wp\/v2\/product"}],"about":[{"href":"https:\/\/www.pksgitaliana.eu\/it\/wp-json\/wp\/v2\/types\/product"}],"wp:featuredmedia":[{"embeddable":true,"href":"https:\/\/www.pksgitaliana.eu\/it\/wp-json\/wp\/v2\/media\/7061"}],"wp:attachment":[{"href":"https:\/\/www.pksgitaliana.eu\/it\/wp-json\/wp\/v2\/media?parent=6165"}],"wp:term":[{"taxonomy":"product_cat","embeddable":true,"href":"https:\/\/www.pksgitaliana.eu\/it\/wp-json\/wp\/v2\/product_cat?post=6165"},{"taxonomy":"product_tag","embeddable":true,"href":"https:\/\/www.pksgitaliana.eu\/it\/wp-json\/wp\/v2\/product_tag?post=6165"}],"curies":[{"name":"wp","href":"https:\/\/api.w.org\/{rel}","templated":true}]}}