{"id":6164,"date":"2023-10-27T13:55:09","date_gmt":"2023-10-27T13:55:09","guid":{"rendered":"http:\/\/www.pksgitaliana.eu\/?post_type=product&#038;p=6164"},"modified":"2024-02-07T12:34:18","modified_gmt":"2024-02-07T12:34:18","slug":"pasta-carbonara","status":"publish","type":"product","link":"https:\/\/www.pksgitaliana.eu\/it\/product\/pasta-carbonara\/","title":{"rendered":"Pasta alla carbonara"},"content":{"rendered":"<p>Provate il gusto autentico delle trattorie romane in questo speciale piatto di Pasta alla Carbonara, una perfetta armonia di tradizione e creativit\u00e0. Preparatevi a un viaggio culinario dove freschezza e qualit\u00e0 incontrano sapori ricchi e setosi.<\/p>\n<p><strong>Ingredienti:<\/strong><\/p>\n<ul>\n<li><em>Pasta al dente:<\/em> Una pasta di semola di grano duro accuratamente selezionata, base ideale per una perfetta pasta alla carbonara.<\/li>\n<li><em>Pancetta affumicata:<\/em> Pancetta affumicata di alta qualit\u00e0 dal sapore caratteristico e dalla consistenza croccante che esalta il piacere del piatto.<\/li>\n<li><em>Uova fresche:<\/em> Uova fresche di fattoria di provenienza locale che rendono la salsa pi\u00f9 ricca e setosa.<\/li>\n<li><em>Parmigiano Reggiano:<\/em> Il parmigiano italiano corona il piatto con il suo sapore intenso e la sua consistenza cremosa.<\/li>\n<li><em>Prezzemolo fresco:<\/em> L'aggiunta di prezzemolo fresco conferisce al piatto una freschezza e un sapore equilibrato.<\/li>\n<\/ul>\n<p>&nbsp;<\/p>\n<p>Godetevi i sapori raffinati della pasta alla carbonara e lasciate che i gusti si uniscano in una vera esperienza gastronomica italiana!<\/p>","protected":false},"excerpt":{"rendered":"<p>Provate il gusto autentico delle trattorie romane in questo speciale piatto di Pasta alla Carbonara, una perfetta armonia di tradizione e creativit\u00e0. Preparatevi a un viaggio culinario dove freschezza e qualit\u00e0 incontrano sapori ricchi e setosi.<\/p>","protected":false},"featured_media":7035,"template":"","meta":{"site-sidebar-layout":"default","site-content-layout":"","ast-site-content-layout":"default","site-content-style":"default","site-sidebar-style":"default","ast-global-header-display":"","ast-banner-title-visibility":"","ast-main-header-display":"","ast-hfb-above-header-display":"","ast-hfb-below-header-display":"","ast-hfb-mobile-header-display":"","site-post-title":"","ast-breadcrumbs-content":"","ast-featured-img":"","footer-sml-layout":"","theme-transparent-header-meta":"default","adv-header-id-meta":"","stick-header-meta":"","header-above-stick-meta":"","header-main-stick-meta":"","header-below-stick-meta":"","astra-migrate-meta-layouts":"set","ast-page-background-enabled":"default","ast-page-background-meta":{"desktop":{"background-color":"","background-image":"","background-repeat":"repeat","background-position":"center center","background-size":"auto","background-attachment":"scroll","background-type":"","background-media":"","overlay-type":"","overlay-color":"","overlay-gradient":""},"tablet":{"background-color":"","background-image":"","background-repeat":"repeat","background-position":"center center","background-size":"auto","background-attachment":"scroll","background-type":"","background-media":"","overlay-type":"","overlay-color":"","overlay-gradient":""},"mobile":{"background-color":"","background-image":"","background-repeat":"repeat","background-position":"center center","background-size":"auto","background-attachment":"scroll","background-type":"","background-media":"","overlay-type":"","overlay-color":"","overlay-gradient":""}},"ast-content-background-meta":{"desktop":{"background-color":"var(--ast-global-color-5)","background-image":"","background-repeat":"repeat","background-position":"center center","background-size":"auto","background-attachment":"scroll","background-type":"","background-media":"","overlay-type":"","overlay-color":"","overlay-gradient":""},"tablet":{"background-color":"var(--ast-global-color-5)","background-image":"","background-repeat":"repeat","background-position":"center center","background-size":"auto","background-attachment":"scroll","background-type":"","background-media":"","overlay-type":"","overlay-color":"","overlay-gradient":""},"mobile":{"background-color":"var(--ast-global-color-5)","background-image":"","background-repeat":"repeat","background-position":"center center","background-size":"auto","background-attachment":"scroll","background-type":"","background-media":"","overlay-type":"","overlay-color":"","overlay-gradient":""}}},"product_cat":[37],"product_tag":[],"class_list":{"0":"post-6164","1":"product","2":"type-product","3":"status-publish","4":"has-post-thumbnail","6":"product_cat-teszta","7":"desktop-align-center","8":"tablet-align-center","9":"mobile-align-center","11":"first","12":"instock","13":"shipping-taxable","14":"purchasable","15":"product-type-simple"},"yoast_head":"<!-- This site is optimized with the Yoast SEO plugin v23.2 - https:\/\/yoast.com\/wordpress\/plugins\/seo\/ -->\n<title>Pasta Carbonara - PKSG Italiana Ciuri Ciuri Bistro<\/title>\n<meta name=\"description\" content=\"Pasta Carbonara var\u00e1zslatos K\u00f3stolja meg az al dente t\u00e9szt\u00e1t, amely egyes\u00fcl a f\u00fcst\u00f6lt szalonna \u00edzvil\u00e1g\u00e1val \u00e9s a kr\u00e9mes toj\u00e1s-Parmez\u00e1n sz\u00f3sz selymes .\" \/>\n<meta name=\"robots\" content=\"index, follow, max-snippet:-1, max-image-preview:large, max-video-preview:-1\" \/>\n<link rel=\"canonical\" href=\"https:\/\/www.pksgitaliana.eu\/it\/product\/pasta-carbonara\/\" \/>\n<meta property=\"og:locale\" content=\"it_IT\" \/>\n<meta property=\"og:type\" content=\"article\" \/>\n<meta property=\"og:title\" content=\"Pasta Carbonara - PKSG Italiana Ciuri Ciuri Bistro\" \/>\n<meta property=\"og:description\" content=\"Pasta Carbonara var\u00e1zslatos K\u00f3stolja meg az al dente t\u00e9szt\u00e1t, amely egyes\u00fcl a f\u00fcst\u00f6lt szalonna \u00edzvil\u00e1g\u00e1val \u00e9s a kr\u00e9mes toj\u00e1s-Parmez\u00e1n sz\u00f3sz selymes .\" \/>\n<meta property=\"og:url\" content=\"https:\/\/www.pksgitaliana.eu\/it\/product\/pasta-carbonara\/\" \/>\n<meta property=\"og:site_name\" content=\"PKSG Italiana Ciuri Ciuri Bistro\" \/>\n<meta property=\"article:publisher\" content=\"https:\/\/www.facebook.com\/pksgitaliana\/\" \/>\n<meta property=\"article:modified_time\" content=\"2024-02-07T12:34:18+00:00\" \/>\n<meta property=\"og:image\" content=\"https:\/\/www.pksgitaliana.eu\/wp-content\/uploads\/2023\/10\/carbonara-scaled-e1707309228520.webp\" \/>\n\t<meta property=\"og:image:width\" content=\"2560\" \/>\n\t<meta property=\"og:image:height\" content=\"1920\" \/>\n\t<meta property=\"og:image:type\" content=\"image\/webp\" \/>\n<meta name=\"twitter:card\" content=\"summary_large_image\" \/>\n<meta name=\"twitter:label1\" content=\"Tempo di lettura stimato\" \/>\n\t<meta name=\"twitter:data1\" content=\"1 minuto\" \/>\n<script type=\"application\/ld+json\" class=\"yoast-schema-graph\">{\"@context\":\"https:\/\/schema.org\",\"@graph\":[{\"@type\":\"WebPage\",\"@id\":\"https:\/\/www.pksgitaliana.eu\/product\/pasta-carbonara\/\",\"url\":\"https:\/\/www.pksgitaliana.eu\/product\/pasta-carbonara\/\",\"name\":\"Pasta Carbonara - PKSG Italiana Ciuri Ciuri Bistro\",\"isPartOf\":{\"@id\":\"https:\/\/www.pksgitaliana.eu\/#website\"},\"primaryImageOfPage\":{\"@id\":\"https:\/\/www.pksgitaliana.eu\/product\/pasta-carbonara\/#primaryimage\"},\"image\":{\"@id\":\"https:\/\/www.pksgitaliana.eu\/product\/pasta-carbonara\/#primaryimage\"},\"thumbnailUrl\":\"https:\/\/www.pksgitaliana.eu\/wp-content\/uploads\/2023\/10\/carbonara-scaled-e1707309228520.webp\",\"datePublished\":\"2023-10-27T13:55:09+00:00\",\"dateModified\":\"2024-02-07T12:34:18+00:00\",\"description\":\"Pasta Carbonara var\u00e1zslatos K\u00f3stolja meg az al dente t\u00e9szt\u00e1t, amely egyes\u00fcl a f\u00fcst\u00f6lt szalonna \u00edzvil\u00e1g\u00e1val \u00e9s a kr\u00e9mes toj\u00e1s-Parmez\u00e1n sz\u00f3sz selymes .\",\"breadcrumb\":{\"@id\":\"https:\/\/www.pksgitaliana.eu\/product\/pasta-carbonara\/#breadcrumb\"},\"inLanguage\":\"it-IT\",\"potentialAction\":[{\"@type\":\"ReadAction\",\"target\":[\"https:\/\/www.pksgitaliana.eu\/product\/pasta-carbonara\/\"]}]},{\"@type\":\"ImageObject\",\"inLanguage\":\"it-IT\",\"@id\":\"https:\/\/www.pksgitaliana.eu\/product\/pasta-carbonara\/#primaryimage\",\"url\":\"https:\/\/www.pksgitaliana.eu\/wp-content\/uploads\/2023\/10\/carbonara-scaled-e1707309228520.webp\",\"contentUrl\":\"https:\/\/www.pksgitaliana.eu\/wp-content\/uploads\/2023\/10\/carbonara-scaled-e1707309228520.webp\",\"width\":2560,\"height\":1920},{\"@type\":\"BreadcrumbList\",\"@id\":\"https:\/\/www.pksgitaliana.eu\/product\/pasta-carbonara\/#breadcrumb\",\"itemListElement\":[{\"@type\":\"ListItem\",\"position\":1,\"name\":\"Home\",\"item\":\"https:\/\/www.pksgitaliana.eu\/\"},{\"@type\":\"ListItem\",\"position\":2,\"name\":\"Rendel\u00e9s\",\"item\":\"https:\/\/www.pksgitaliana.eu\/rendeles\/\"},{\"@type\":\"ListItem\",\"position\":3,\"name\":\"Pasta Carbonara\"}]},{\"@type\":\"WebSite\",\"@id\":\"https:\/\/www.pksgitaliana.eu\/#website\",\"url\":\"https:\/\/www.pksgitaliana.eu\/\",\"name\":\"PKSG Italiana Ciuri Ciuri Bistro\",\"description\":\"Szicil\u00edai \u00e9tterem\",\"publisher\":{\"@id\":\"https:\/\/www.pksgitaliana.eu\/#organization\"},\"alternateName\":\"PKSG Italiana\",\"potentialAction\":[{\"@type\":\"SearchAction\",\"target\":{\"@type\":\"EntryPoint\",\"urlTemplate\":\"https:\/\/www.pksgitaliana.eu\/?s={search_term_string}\"},\"query-input\":\"required name=search_term_string\"}],\"inLanguage\":\"it-IT\"},{\"@type\":\"Organization\",\"@id\":\"https:\/\/www.pksgitaliana.eu\/#organization\",\"name\":\"PKSG Italiana Ciuri Ciuri Bistro\",\"alternateName\":\"PKSG Italiana\",\"url\":\"https:\/\/www.pksgitaliana.eu\/\",\"logo\":{\"@type\":\"ImageObject\",\"inLanguage\":\"it-IT\",\"@id\":\"https:\/\/www.pksgitaliana.eu\/#\/schema\/logo\/image\/\",\"url\":\"https:\/\/www.pksgitaliana.eu\/wp-content\/uploads\/2024\/02\/cropped-sajat-logo-1.webp\",\"contentUrl\":\"https:\/\/www.pksgitaliana.eu\/wp-content\/uploads\/2024\/02\/cropped-sajat-logo-1.webp\",\"width\":886,\"height\":296,\"caption\":\"PKSG Italiana Ciuri Ciuri Bistro\"},\"image\":{\"@id\":\"https:\/\/www.pksgitaliana.eu\/#\/schema\/logo\/image\/\"},\"sameAs\":[\"https:\/\/www.facebook.com\/pksgitaliana\/\"]}]}<\/script>\n<!-- \/ Yoast SEO plugin. -->","yoast_head_json":{"title":"Pasta Carbonara - PKSG Italiana Ciuri Ciuri Bistro","description":"Pasta Carbonara var\u00e1zslatos K\u00f3stolja meg az al dente t\u00e9szt\u00e1t, amely egyes\u00fcl a f\u00fcst\u00f6lt szalonna \u00edzvil\u00e1g\u00e1val \u00e9s a kr\u00e9mes toj\u00e1s-Parmez\u00e1n sz\u00f3sz selymes .","robots":{"index":"index","follow":"follow","max-snippet":"max-snippet:-1","max-image-preview":"max-image-preview:large","max-video-preview":"max-video-preview:-1"},"canonical":"https:\/\/www.pksgitaliana.eu\/it\/product\/pasta-carbonara\/","og_locale":"it_IT","og_type":"article","og_title":"Pasta Carbonara - PKSG Italiana Ciuri Ciuri Bistro","og_description":"Pasta Carbonara var\u00e1zslatos K\u00f3stolja meg az al dente t\u00e9szt\u00e1t, amely egyes\u00fcl a f\u00fcst\u00f6lt szalonna \u00edzvil\u00e1g\u00e1val \u00e9s a kr\u00e9mes toj\u00e1s-Parmez\u00e1n sz\u00f3sz selymes .","og_url":"https:\/\/www.pksgitaliana.eu\/it\/product\/pasta-carbonara\/","og_site_name":"PKSG Italiana Ciuri Ciuri Bistro","article_publisher":"https:\/\/www.facebook.com\/pksgitaliana\/","article_modified_time":"2024-02-07T12:34:18+00:00","og_image":[{"width":2560,"height":1920,"url":"https:\/\/www.pksgitaliana.eu\/wp-content\/uploads\/2023\/10\/carbonara-scaled-e1707309228520.webp","type":"image\/webp"}],"twitter_card":"summary_large_image","twitter_misc":{"Tempo di lettura stimato":"1 minuto"},"schema":{"@context":"https:\/\/schema.org","@graph":[{"@type":"WebPage","@id":"https:\/\/www.pksgitaliana.eu\/product\/pasta-carbonara\/","url":"https:\/\/www.pksgitaliana.eu\/product\/pasta-carbonara\/","name":"Pasta Carbonara - PKSG Italiana Ciuri Ciuri Bistro","isPartOf":{"@id":"https:\/\/www.pksgitaliana.eu\/#website"},"primaryImageOfPage":{"@id":"https:\/\/www.pksgitaliana.eu\/product\/pasta-carbonara\/#primaryimage"},"image":{"@id":"https:\/\/www.pksgitaliana.eu\/product\/pasta-carbonara\/#primaryimage"},"thumbnailUrl":"https:\/\/www.pksgitaliana.eu\/wp-content\/uploads\/2023\/10\/carbonara-scaled-e1707309228520.webp","datePublished":"2023-10-27T13:55:09+00:00","dateModified":"2024-02-07T12:34:18+00:00","description":"Pasta Carbonara var\u00e1zslatos K\u00f3stolja meg az al dente t\u00e9szt\u00e1t, amely egyes\u00fcl a f\u00fcst\u00f6lt szalonna \u00edzvil\u00e1g\u00e1val \u00e9s a kr\u00e9mes toj\u00e1s-Parmez\u00e1n sz\u00f3sz selymes .","breadcrumb":{"@id":"https:\/\/www.pksgitaliana.eu\/product\/pasta-carbonara\/#breadcrumb"},"inLanguage":"it-IT","potentialAction":[{"@type":"ReadAction","target":["https:\/\/www.pksgitaliana.eu\/product\/pasta-carbonara\/"]}]},{"@type":"ImageObject","inLanguage":"it-IT","@id":"https:\/\/www.pksgitaliana.eu\/product\/pasta-carbonara\/#primaryimage","url":"https:\/\/www.pksgitaliana.eu\/wp-content\/uploads\/2023\/10\/carbonara-scaled-e1707309228520.webp","contentUrl":"https:\/\/www.pksgitaliana.eu\/wp-content\/uploads\/2023\/10\/carbonara-scaled-e1707309228520.webp","width":2560,"height":1920},{"@type":"BreadcrumbList","@id":"https:\/\/www.pksgitaliana.eu\/product\/pasta-carbonara\/#breadcrumb","itemListElement":[{"@type":"ListItem","position":1,"name":"Home","item":"https:\/\/www.pksgitaliana.eu\/"},{"@type":"ListItem","position":2,"name":"Rendel\u00e9s","item":"https:\/\/www.pksgitaliana.eu\/rendeles\/"},{"@type":"ListItem","position":3,"name":"Pasta Carbonara"}]},{"@type":"WebSite","@id":"https:\/\/www.pksgitaliana.eu\/#website","url":"https:\/\/www.pksgitaliana.eu\/","name":"PKSG Italiana Ciuri Ciuri Bistro","description":"Szicil\u00edai \u00e9tterem","publisher":{"@id":"https:\/\/www.pksgitaliana.eu\/#organization"},"alternateName":"PKSG Italiana","potentialAction":[{"@type":"SearchAction","target":{"@type":"EntryPoint","urlTemplate":"https:\/\/www.pksgitaliana.eu\/?s={search_term_string}"},"query-input":"required name=search_term_string"}],"inLanguage":"it-IT"},{"@type":"Organization","@id":"https:\/\/www.pksgitaliana.eu\/#organization","name":"PKSG Italiana Ciuri Ciuri Bistro","alternateName":"PKSG Italiana","url":"https:\/\/www.pksgitaliana.eu\/","logo":{"@type":"ImageObject","inLanguage":"it-IT","@id":"https:\/\/www.pksgitaliana.eu\/#\/schema\/logo\/image\/","url":"https:\/\/www.pksgitaliana.eu\/wp-content\/uploads\/2024\/02\/cropped-sajat-logo-1.webp","contentUrl":"https:\/\/www.pksgitaliana.eu\/wp-content\/uploads\/2024\/02\/cropped-sajat-logo-1.webp","width":886,"height":296,"caption":"PKSG Italiana Ciuri Ciuri Bistro"},"image":{"@id":"https:\/\/www.pksgitaliana.eu\/#\/schema\/logo\/image\/"},"sameAs":["https:\/\/www.facebook.com\/pksgitaliana\/"]}]}},"_links":{"self":[{"href":"https:\/\/www.pksgitaliana.eu\/it\/wp-json\/wp\/v2\/product\/6164","targetHints":{"allow":["GET"]}}],"collection":[{"href":"https:\/\/www.pksgitaliana.eu\/it\/wp-json\/wp\/v2\/product"}],"about":[{"href":"https:\/\/www.pksgitaliana.eu\/it\/wp-json\/wp\/v2\/types\/product"}],"wp:featuredmedia":[{"embeddable":true,"href":"https:\/\/www.pksgitaliana.eu\/it\/wp-json\/wp\/v2\/media\/7035"}],"wp:attachment":[{"href":"https:\/\/www.pksgitaliana.eu\/it\/wp-json\/wp\/v2\/media?parent=6164"}],"wp:term":[{"taxonomy":"product_cat","embeddable":true,"href":"https:\/\/www.pksgitaliana.eu\/it\/wp-json\/wp\/v2\/product_cat?post=6164"},{"taxonomy":"product_tag","embeddable":true,"href":"https:\/\/www.pksgitaliana.eu\/it\/wp-json\/wp\/v2\/product_tag?post=6164"}],"curies":[{"name":"wp","href":"https:\/\/api.w.org\/{rel}","templated":true}]}}