{"id":6163,"date":"2023-10-27T13:54:12","date_gmt":"2023-10-27T13:54:12","guid":{"rendered":"http:\/\/www.pksgitaliana.eu\/?post_type=product&#038;p=6163"},"modified":"2024-02-07T12:35:47","modified_gmt":"2024-02-07T12:35:47","slug":"spaghetti-aglio-ed-olio-e-pepperoncino","status":"publish","type":"product","link":"https:\/\/www.pksgitaliana.eu\/it\/product\/spaghetti-aglio-ed-olio-e-pepperoncino\/","title":{"rendered":"Spaghetti Aglio ed olio e peperoncino"},"content":{"rendered":"<p>Assaporate l'arte della cucina italiana con gli Spaghetti Aglio ed Olio e Peperoncino, dove la semplicit\u00e0 incontra la raffinatezza. Questo piatto invitante \u00e8 composto da ingredienti semplici, ma offre un sapore estremamente ricco che incanta i sensi.<\/p>\n<p><strong>Ingredienti:<\/strong><\/p>\n<ul>\n<li><em>Pasta di spaghetti:<\/em> Una pasta lunga e sottile, prodotta con farina di grano duro di alta qualit\u00e0, dalla consistenza al dente e brillante.<\/li>\n<li><em>Aglio:<\/em> Aglio fresco e aromatico, che conferisce al piatto un sapore profondo e caratteristico.<\/li>\n<li><em>Olio extravergine di oliva:<\/em> Tesoro d'oro della cucina italiana, conferisce alla pasta un sapore ricco e fruttato e una consistenza setosa.<\/li>\n<li><em>Fiocchi di peperoncino (Pepperoncino):<\/em> Un sapore lievemente piccante che d\u00e0 una sensazione di calore e si integra perfettamente con l'armonia dell'aglio e dell'olio d'oliva.<\/li>\n<\/ul>\n<p>&nbsp;<\/p>\n<p>Immergetevi nei sapori italiani con gli Spaghetti Aglio ed Olio e Pepperoncino e godetevi il perfetto equilibrio tra tradizione e semplicit\u00e0!<\/p>","protected":false},"excerpt":{"rendered":"<p>Assaporate l'arte della cucina italiana con gli Spaghetti Aglio e Olio e Peperoncino, dove la semplicit\u00e0 incontra la raffinatezza. Questo piatto invitante \u00e8 composto da ingredienti semplici, ma offre un sapore estremamente ricco che incanta i sensi.<\/p>","protected":false},"featured_media":7032,"template":"","meta":{"site-sidebar-layout":"default","site-content-layout":"","ast-site-content-layout":"default","site-content-style":"default","site-sidebar-style":"default","ast-global-header-display":"","ast-banner-title-visibility":"","ast-main-header-display":"","ast-hfb-above-header-display":"","ast-hfb-below-header-display":"","ast-hfb-mobile-header-display":"","site-post-title":"","ast-breadcrumbs-content":"","ast-featured-img":"","footer-sml-layout":"","theme-transparent-header-meta":"default","adv-header-id-meta":"","stick-header-meta":"","header-above-stick-meta":"","header-main-stick-meta":"","header-below-stick-meta":"","astra-migrate-meta-layouts":"set","ast-page-background-enabled":"default","ast-page-background-meta":{"desktop":{"background-color":"","background-image":"","background-repeat":"repeat","background-position":"center center","background-size":"auto","background-attachment":"scroll","background-type":"","background-media":"","overlay-type":"","overlay-color":"","overlay-gradient":""},"tablet":{"background-color":"","background-image":"","background-repeat":"repeat","background-position":"center center","background-size":"auto","background-attachment":"scroll","background-type":"","background-media":"","overlay-type":"","overlay-color":"","overlay-gradient":""},"mobile":{"background-color":"","background-image":"","background-repeat":"repeat","background-position":"center center","background-size":"auto","background-attachment":"scroll","background-type":"","background-media":"","overlay-type":"","overlay-color":"","overlay-gradient":""}},"ast-content-background-meta":{"desktop":{"background-color":"var(--ast-global-color-5)","background-image":"","background-repeat":"repeat","background-position":"center center","background-size":"auto","background-attachment":"scroll","background-type":"","background-media":"","overlay-type":"","overlay-color":"","overlay-gradient":""},"tablet":{"background-color":"var(--ast-global-color-5)","background-image":"","background-repeat":"repeat","background-position":"center center","background-size":"auto","background-attachment":"scroll","background-type":"","background-media":"","overlay-type":"","overlay-color":"","overlay-gradient":""},"mobile":{"background-color":"var(--ast-global-color-5)","background-image":"","background-repeat":"repeat","background-position":"center center","background-size":"auto","background-attachment":"scroll","background-type":"","background-media":"","overlay-type":"","overlay-color":"","overlay-gradient":""}}},"product_cat":[37],"product_tag":[],"class_list":{"0":"post-6163","1":"product","2":"type-product","3":"status-publish","4":"has-post-thumbnail","6":"product_cat-teszta","7":"desktop-align-center","8":"tablet-align-center","9":"mobile-align-center","11":"first","12":"instock","13":"shipping-taxable","14":"purchasable","15":"product-type-simple"},"yoast_head":"<!-- This site is optimized with the Yoast SEO plugin v23.2 - https:\/\/yoast.com\/wordpress\/plugins\/seo\/ -->\n<title>Spaghetti Aglio ed olio e pepperoncino - PKSG Italiana Ciuri Ciuri Bistro<\/title>\n<meta name=\"description\" content=\"Spaghetti Aglio ed Olio e Pepperoncino A friss \u00e9s illatos fokhagyma, extra sz\u0171z ol\u00edvaolaj \u00e9s enyhe pepperoncino harm\u00f3ni\u00e1ja ebben a t\u00e9sztak\u00fcl\u00f6nlegess\u00e9gben.\" \/>\n<meta name=\"robots\" content=\"index, follow, max-snippet:-1, max-image-preview:large, max-video-preview:-1\" \/>\n<link rel=\"canonical\" href=\"https:\/\/www.pksgitaliana.eu\/it\/product\/spaghetti-aglio-ed-olio-e-pepperoncino\/\" \/>\n<meta property=\"og:locale\" content=\"it_IT\" \/>\n<meta property=\"og:type\" content=\"article\" \/>\n<meta property=\"og:title\" content=\"Spaghetti Aglio ed olio e pepperoncino - PKSG Italiana Ciuri Ciuri Bistro\" \/>\n<meta property=\"og:description\" content=\"Spaghetti Aglio ed Olio e Pepperoncino A friss \u00e9s illatos fokhagyma, extra sz\u0171z ol\u00edvaolaj \u00e9s enyhe pepperoncino harm\u00f3ni\u00e1ja ebben a t\u00e9sztak\u00fcl\u00f6nlegess\u00e9gben.\" \/>\n<meta property=\"og:url\" content=\"https:\/\/www.pksgitaliana.eu\/it\/product\/spaghetti-aglio-ed-olio-e-pepperoncino\/\" \/>\n<meta property=\"og:site_name\" content=\"PKSG Italiana Ciuri Ciuri Bistro\" \/>\n<meta property=\"article:publisher\" content=\"https:\/\/www.facebook.com\/pksgitaliana\/\" \/>\n<meta property=\"article:modified_time\" content=\"2024-02-07T12:35:47+00:00\" \/>\n<meta property=\"og:image\" content=\"https:\/\/www.pksgitaliana.eu\/wp-content\/uploads\/2023\/10\/pepperoni-scaled-2.webp\" \/>\n\t<meta property=\"og:image:width\" content=\"1920\" \/>\n\t<meta property=\"og:image:height\" content=\"2560\" \/>\n\t<meta property=\"og:image:type\" content=\"image\/webp\" \/>\n<meta name=\"twitter:card\" content=\"summary_large_image\" \/>\n<meta name=\"twitter:label1\" content=\"Tempo di lettura stimato\" \/>\n\t<meta name=\"twitter:data1\" content=\"1 minuto\" \/>\n<script type=\"application\/ld+json\" class=\"yoast-schema-graph\">{\"@context\":\"https:\/\/schema.org\",\"@graph\":[{\"@type\":\"WebPage\",\"@id\":\"https:\/\/www.pksgitaliana.eu\/product\/spaghetti-aglio-ed-olio-e-pepperoncino\/\",\"url\":\"https:\/\/www.pksgitaliana.eu\/product\/spaghetti-aglio-ed-olio-e-pepperoncino\/\",\"name\":\"Spaghetti Aglio ed olio e pepperoncino - PKSG Italiana Ciuri Ciuri Bistro\",\"isPartOf\":{\"@id\":\"https:\/\/www.pksgitaliana.eu\/#website\"},\"primaryImageOfPage\":{\"@id\":\"https:\/\/www.pksgitaliana.eu\/product\/spaghetti-aglio-ed-olio-e-pepperoncino\/#primaryimage\"},\"image\":{\"@id\":\"https:\/\/www.pksgitaliana.eu\/product\/spaghetti-aglio-ed-olio-e-pepperoncino\/#primaryimage\"},\"thumbnailUrl\":\"https:\/\/www.pksgitaliana.eu\/wp-content\/uploads\/2023\/10\/pepperoni-scaled-2.webp\",\"datePublished\":\"2023-10-27T13:54:12+00:00\",\"dateModified\":\"2024-02-07T12:35:47+00:00\",\"description\":\"Spaghetti Aglio ed Olio e Pepperoncino A friss \u00e9s illatos fokhagyma, extra sz\u0171z ol\u00edvaolaj \u00e9s enyhe pepperoncino harm\u00f3ni\u00e1ja ebben a t\u00e9sztak\u00fcl\u00f6nlegess\u00e9gben.\",\"breadcrumb\":{\"@id\":\"https:\/\/www.pksgitaliana.eu\/product\/spaghetti-aglio-ed-olio-e-pepperoncino\/#breadcrumb\"},\"inLanguage\":\"it-IT\",\"potentialAction\":[{\"@type\":\"ReadAction\",\"target\":[\"https:\/\/www.pksgitaliana.eu\/product\/spaghetti-aglio-ed-olio-e-pepperoncino\/\"]}]},{\"@type\":\"ImageObject\",\"inLanguage\":\"it-IT\",\"@id\":\"https:\/\/www.pksgitaliana.eu\/product\/spaghetti-aglio-ed-olio-e-pepperoncino\/#primaryimage\",\"url\":\"https:\/\/www.pksgitaliana.eu\/wp-content\/uploads\/2023\/10\/pepperoni-scaled-2.webp\",\"contentUrl\":\"https:\/\/www.pksgitaliana.eu\/wp-content\/uploads\/2023\/10\/pepperoni-scaled-2.webp\",\"width\":1920,\"height\":2560},{\"@type\":\"BreadcrumbList\",\"@id\":\"https:\/\/www.pksgitaliana.eu\/product\/spaghetti-aglio-ed-olio-e-pepperoncino\/#breadcrumb\",\"itemListElement\":[{\"@type\":\"ListItem\",\"position\":1,\"name\":\"Home\",\"item\":\"https:\/\/www.pksgitaliana.eu\/\"},{\"@type\":\"ListItem\",\"position\":2,\"name\":\"Rendel\u00e9s\",\"item\":\"https:\/\/www.pksgitaliana.eu\/rendeles\/\"},{\"@type\":\"ListItem\",\"position\":3,\"name\":\"Spaghetti Aglio ed olio e pepperoncino\"}]},{\"@type\":\"WebSite\",\"@id\":\"https:\/\/www.pksgitaliana.eu\/#website\",\"url\":\"https:\/\/www.pksgitaliana.eu\/\",\"name\":\"PKSG Italiana Ciuri Ciuri Bistro\",\"description\":\"Szicil\u00edai \u00e9tterem\",\"publisher\":{\"@id\":\"https:\/\/www.pksgitaliana.eu\/#organization\"},\"alternateName\":\"PKSG Italiana\",\"potentialAction\":[{\"@type\":\"SearchAction\",\"target\":{\"@type\":\"EntryPoint\",\"urlTemplate\":\"https:\/\/www.pksgitaliana.eu\/?s={search_term_string}\"},\"query-input\":\"required name=search_term_string\"}],\"inLanguage\":\"it-IT\"},{\"@type\":\"Organization\",\"@id\":\"https:\/\/www.pksgitaliana.eu\/#organization\",\"name\":\"PKSG Italiana Ciuri Ciuri Bistro\",\"alternateName\":\"PKSG Italiana\",\"url\":\"https:\/\/www.pksgitaliana.eu\/\",\"logo\":{\"@type\":\"ImageObject\",\"inLanguage\":\"it-IT\",\"@id\":\"https:\/\/www.pksgitaliana.eu\/#\/schema\/logo\/image\/\",\"url\":\"https:\/\/www.pksgitaliana.eu\/wp-content\/uploads\/2024\/02\/cropped-sajat-logo-1.webp\",\"contentUrl\":\"https:\/\/www.pksgitaliana.eu\/wp-content\/uploads\/2024\/02\/cropped-sajat-logo-1.webp\",\"width\":886,\"height\":296,\"caption\":\"PKSG Italiana Ciuri Ciuri Bistro\"},\"image\":{\"@id\":\"https:\/\/www.pksgitaliana.eu\/#\/schema\/logo\/image\/\"},\"sameAs\":[\"https:\/\/www.facebook.com\/pksgitaliana\/\"]}]}<\/script>\n<!-- \/ Yoast SEO plugin. -->","yoast_head_json":{"title":"Spaghetti Aglio ed olio e pepperoncino - PKSG Italiana Ciuri Ciuri Bistro","description":"Spaghetti Aglio ed Olio e Pepperoncino A friss \u00e9s illatos fokhagyma, extra sz\u0171z ol\u00edvaolaj \u00e9s enyhe pepperoncino harm\u00f3ni\u00e1ja ebben a t\u00e9sztak\u00fcl\u00f6nlegess\u00e9gben.","robots":{"index":"index","follow":"follow","max-snippet":"max-snippet:-1","max-image-preview":"max-image-preview:large","max-video-preview":"max-video-preview:-1"},"canonical":"https:\/\/www.pksgitaliana.eu\/it\/product\/spaghetti-aglio-ed-olio-e-pepperoncino\/","og_locale":"it_IT","og_type":"article","og_title":"Spaghetti Aglio ed olio e pepperoncino - PKSG Italiana Ciuri Ciuri Bistro","og_description":"Spaghetti Aglio ed Olio e Pepperoncino A friss \u00e9s illatos fokhagyma, extra sz\u0171z ol\u00edvaolaj \u00e9s enyhe pepperoncino harm\u00f3ni\u00e1ja ebben a t\u00e9sztak\u00fcl\u00f6nlegess\u00e9gben.","og_url":"https:\/\/www.pksgitaliana.eu\/it\/product\/spaghetti-aglio-ed-olio-e-pepperoncino\/","og_site_name":"PKSG Italiana Ciuri Ciuri Bistro","article_publisher":"https:\/\/www.facebook.com\/pksgitaliana\/","article_modified_time":"2024-02-07T12:35:47+00:00","og_image":[{"width":1920,"height":2560,"url":"https:\/\/www.pksgitaliana.eu\/wp-content\/uploads\/2023\/10\/pepperoni-scaled-2.webp","type":"image\/webp"}],"twitter_card":"summary_large_image","twitter_misc":{"Tempo di lettura stimato":"1 minuto"},"schema":{"@context":"https:\/\/schema.org","@graph":[{"@type":"WebPage","@id":"https:\/\/www.pksgitaliana.eu\/product\/spaghetti-aglio-ed-olio-e-pepperoncino\/","url":"https:\/\/www.pksgitaliana.eu\/product\/spaghetti-aglio-ed-olio-e-pepperoncino\/","name":"Spaghetti Aglio ed olio e pepperoncino - PKSG Italiana Ciuri Ciuri Bistro","isPartOf":{"@id":"https:\/\/www.pksgitaliana.eu\/#website"},"primaryImageOfPage":{"@id":"https:\/\/www.pksgitaliana.eu\/product\/spaghetti-aglio-ed-olio-e-pepperoncino\/#primaryimage"},"image":{"@id":"https:\/\/www.pksgitaliana.eu\/product\/spaghetti-aglio-ed-olio-e-pepperoncino\/#primaryimage"},"thumbnailUrl":"https:\/\/www.pksgitaliana.eu\/wp-content\/uploads\/2023\/10\/pepperoni-scaled-2.webp","datePublished":"2023-10-27T13:54:12+00:00","dateModified":"2024-02-07T12:35:47+00:00","description":"Spaghetti Aglio ed Olio e Pepperoncino A friss \u00e9s illatos fokhagyma, extra sz\u0171z ol\u00edvaolaj \u00e9s enyhe pepperoncino harm\u00f3ni\u00e1ja ebben a t\u00e9sztak\u00fcl\u00f6nlegess\u00e9gben.","breadcrumb":{"@id":"https:\/\/www.pksgitaliana.eu\/product\/spaghetti-aglio-ed-olio-e-pepperoncino\/#breadcrumb"},"inLanguage":"it-IT","potentialAction":[{"@type":"ReadAction","target":["https:\/\/www.pksgitaliana.eu\/product\/spaghetti-aglio-ed-olio-e-pepperoncino\/"]}]},{"@type":"ImageObject","inLanguage":"it-IT","@id":"https:\/\/www.pksgitaliana.eu\/product\/spaghetti-aglio-ed-olio-e-pepperoncino\/#primaryimage","url":"https:\/\/www.pksgitaliana.eu\/wp-content\/uploads\/2023\/10\/pepperoni-scaled-2.webp","contentUrl":"https:\/\/www.pksgitaliana.eu\/wp-content\/uploads\/2023\/10\/pepperoni-scaled-2.webp","width":1920,"height":2560},{"@type":"BreadcrumbList","@id":"https:\/\/www.pksgitaliana.eu\/product\/spaghetti-aglio-ed-olio-e-pepperoncino\/#breadcrumb","itemListElement":[{"@type":"ListItem","position":1,"name":"Home","item":"https:\/\/www.pksgitaliana.eu\/"},{"@type":"ListItem","position":2,"name":"Rendel\u00e9s","item":"https:\/\/www.pksgitaliana.eu\/rendeles\/"},{"@type":"ListItem","position":3,"name":"Spaghetti Aglio ed olio e pepperoncino"}]},{"@type":"WebSite","@id":"https:\/\/www.pksgitaliana.eu\/#website","url":"https:\/\/www.pksgitaliana.eu\/","name":"PKSG Italiana Ciuri Ciuri Bistro","description":"Szicil\u00edai \u00e9tterem","publisher":{"@id":"https:\/\/www.pksgitaliana.eu\/#organization"},"alternateName":"PKSG Italiana","potentialAction":[{"@type":"SearchAction","target":{"@type":"EntryPoint","urlTemplate":"https:\/\/www.pksgitaliana.eu\/?s={search_term_string}"},"query-input":"required name=search_term_string"}],"inLanguage":"it-IT"},{"@type":"Organization","@id":"https:\/\/www.pksgitaliana.eu\/#organization","name":"PKSG Italiana Ciuri Ciuri Bistro","alternateName":"PKSG Italiana","url":"https:\/\/www.pksgitaliana.eu\/","logo":{"@type":"ImageObject","inLanguage":"it-IT","@id":"https:\/\/www.pksgitaliana.eu\/#\/schema\/logo\/image\/","url":"https:\/\/www.pksgitaliana.eu\/wp-content\/uploads\/2024\/02\/cropped-sajat-logo-1.webp","contentUrl":"https:\/\/www.pksgitaliana.eu\/wp-content\/uploads\/2024\/02\/cropped-sajat-logo-1.webp","width":886,"height":296,"caption":"PKSG Italiana Ciuri Ciuri Bistro"},"image":{"@id":"https:\/\/www.pksgitaliana.eu\/#\/schema\/logo\/image\/"},"sameAs":["https:\/\/www.facebook.com\/pksgitaliana\/"]}]}},"_links":{"self":[{"href":"https:\/\/www.pksgitaliana.eu\/it\/wp-json\/wp\/v2\/product\/6163","targetHints":{"allow":["GET"]}}],"collection":[{"href":"https:\/\/www.pksgitaliana.eu\/it\/wp-json\/wp\/v2\/product"}],"about":[{"href":"https:\/\/www.pksgitaliana.eu\/it\/wp-json\/wp\/v2\/types\/product"}],"wp:featuredmedia":[{"embeddable":true,"href":"https:\/\/www.pksgitaliana.eu\/it\/wp-json\/wp\/v2\/media\/7032"}],"wp:attachment":[{"href":"https:\/\/www.pksgitaliana.eu\/it\/wp-json\/wp\/v2\/media?parent=6163"}],"wp:term":[{"taxonomy":"product_cat","embeddable":true,"href":"https:\/\/www.pksgitaliana.eu\/it\/wp-json\/wp\/v2\/product_cat?post=6163"},{"taxonomy":"product_tag","embeddable":true,"href":"https:\/\/www.pksgitaliana.eu\/it\/wp-json\/wp\/v2\/product_tag?post=6163"}],"curies":[{"name":"wp","href":"https:\/\/api.w.org\/{rel}","templated":true}]}}