{"id":6162,"date":"2023-10-27T13:52:55","date_gmt":"2023-10-27T13:52:55","guid":{"rendered":"http:\/\/www.pksgitaliana.eu\/?post_type=product&#038;p=6162"},"modified":"2024-02-07T12:37:41","modified_gmt":"2024-02-07T12:37:41","slug":"spaghetti-aglio-ed-olio","status":"publish","type":"product","link":"https:\/\/www.pksgitaliana.eu\/it\/product\/spaghetti-aglio-ed-olio\/","title":{"rendered":"Spaghetti Aglio ed olio"},"content":{"rendered":"<p><strong>Descrizione di Spaghetti Aglio ed Olio<\/strong><\/p>\n<p>Immergetevi nell'incontro tra semplicit\u00e0 e raffinatezza in questo piatto di Spaghetti Aglio ed Olio, basato sulle fondamenta della cucina italiana. Questo piatto classico \u00e8 realizzato con ingredienti semplici, ma offre un'impressionante gamma di sapori che vi faranno vivere la vera esperienza italiana a ogni boccone.<\/p>\n<p><strong>Ingredienti:<\/strong><\/p>\n<ul>\n<li><strong>Pasta di spaghetti:<\/strong> Una pasta lunga prodotta con farina di grano duro accuratamente selezionata, che offre una perfetta sinfonia di consistenza al dente e sapori.<\/li>\n<li><strong>Olio extravergine di oliva:<\/strong> \u00c8 un ingrediente essenziale della cucina italiana, con sapori ricchi e fruttati e una consistenza morbida che rende il piatto indimenticabile.<\/li>\n<li><strong>Aglio fresco:<\/strong> Il carattere aromatico e il sapore piccante dell'aglio sono il cuore degli Spaghetti Aglio ed Olio e arricchiscono l'esperienza gustativa.<\/li>\n<li><strong>Prezzemolo fresco:<\/strong> Un colore verde tenue e una freschezza che bilancia i sapori dell'aglio e dell'olio d'oliva.<\/li>\n<\/ul>\n<p>&nbsp;<\/p>\n<p>Godetevi la sua semplicit\u00e0 e la sua squisitezza, che vi porter\u00e0 l'essenza della cucina italiana in un unico piatto!<\/p>","protected":false},"excerpt":{"rendered":"<p>Immergetevi nell'incontro tra semplicit\u00e0 e raffinatezza in questo piatto di Spaghetti Aglio ed Olio, basato sulle fondamenta della cucina italiana. Questo piatto classico \u00e8 realizzato con ingredienti semplici, ma offre un'impressionante gamma di sapori che vi faranno vivere la vera esperienza italiana a ogni boccone.<\/p>","protected":false},"featured_media":7062,"template":"","meta":{"site-sidebar-layout":"default","site-content-layout":"","ast-site-content-layout":"default","site-content-style":"default","site-sidebar-style":"default","ast-global-header-display":"","ast-banner-title-visibility":"","ast-main-header-display":"","ast-hfb-above-header-display":"","ast-hfb-below-header-display":"","ast-hfb-mobile-header-display":"","site-post-title":"","ast-breadcrumbs-content":"","ast-featured-img":"","footer-sml-layout":"","theme-transparent-header-meta":"default","adv-header-id-meta":"","stick-header-meta":"","header-above-stick-meta":"","header-main-stick-meta":"","header-below-stick-meta":"","astra-migrate-meta-layouts":"set","ast-page-background-enabled":"default","ast-page-background-meta":{"desktop":{"background-color":"","background-image":"","background-repeat":"repeat","background-position":"center center","background-size":"auto","background-attachment":"scroll","background-type":"","background-media":"","overlay-type":"","overlay-color":"","overlay-gradient":""},"tablet":{"background-color":"","background-image":"","background-repeat":"repeat","background-position":"center center","background-size":"auto","background-attachment":"scroll","background-type":"","background-media":"","overlay-type":"","overlay-color":"","overlay-gradient":""},"mobile":{"background-color":"","background-image":"","background-repeat":"repeat","background-position":"center center","background-size":"auto","background-attachment":"scroll","background-type":"","background-media":"","overlay-type":"","overlay-color":"","overlay-gradient":""}},"ast-content-background-meta":{"desktop":{"background-color":"var(--ast-global-color-5)","background-image":"","background-repeat":"repeat","background-position":"center center","background-size":"auto","background-attachment":"scroll","background-type":"","background-media":"","overlay-type":"","overlay-color":"","overlay-gradient":""},"tablet":{"background-color":"var(--ast-global-color-5)","background-image":"","background-repeat":"repeat","background-position":"center center","background-size":"auto","background-attachment":"scroll","background-type":"","background-media":"","overlay-type":"","overlay-color":"","overlay-gradient":""},"mobile":{"background-color":"var(--ast-global-color-5)","background-image":"","background-repeat":"repeat","background-position":"center center","background-size":"auto","background-attachment":"scroll","background-type":"","background-media":"","overlay-type":"","overlay-color":"","overlay-gradient":""}}},"product_cat":[37],"product_tag":[],"class_list":{"0":"post-6162","1":"product","2":"type-product","3":"status-publish","4":"has-post-thumbnail","6":"product_cat-teszta","7":"desktop-align-center","8":"tablet-align-center","9":"mobile-align-center","11":"first","12":"instock","13":"shipping-taxable","14":"purchasable","15":"product-type-simple"},"yoast_head":"<!-- This site is optimized with the Yoast SEO plugin v23.2 - https:\/\/yoast.com\/wordpress\/plugins\/seo\/ -->\n<title>Spaghetti Aglio ed olio - PKSG Italiana Ciuri Ciuri Bistro<\/title>\n<meta name=\"description\" content=\"Mer\u00fclj\u00f6n el az olasz konyha var\u00e1zslat\u00e1ban a Spaghetti Aglio ed Olio \u00edzorgiaival! Ez a hagyom\u00e1nyos olasz fog\u00e1s egyszer\u0171s\u00e9g\u00e9ben rejlik a titka.\" \/>\n<meta name=\"robots\" content=\"index, follow, max-snippet:-1, max-image-preview:large, max-video-preview:-1\" \/>\n<link rel=\"canonical\" href=\"https:\/\/www.pksgitaliana.eu\/it\/product\/spaghetti-aglio-ed-olio\/\" \/>\n<meta property=\"og:locale\" content=\"it_IT\" \/>\n<meta property=\"og:type\" content=\"article\" \/>\n<meta property=\"og:title\" content=\"Spaghetti Aglio ed olio - PKSG Italiana Ciuri Ciuri Bistro\" \/>\n<meta property=\"og:description\" content=\"Mer\u00fclj\u00f6n el az olasz konyha var\u00e1zslat\u00e1ban a Spaghetti Aglio ed Olio \u00edzorgiaival! Ez a hagyom\u00e1nyos olasz fog\u00e1s egyszer\u0171s\u00e9g\u00e9ben rejlik a titka.\" \/>\n<meta property=\"og:url\" content=\"https:\/\/www.pksgitaliana.eu\/it\/product\/spaghetti-aglio-ed-olio\/\" \/>\n<meta property=\"og:site_name\" content=\"PKSG Italiana Ciuri Ciuri Bistro\" \/>\n<meta property=\"article:publisher\" content=\"https:\/\/www.facebook.com\/pksgitaliana\/\" \/>\n<meta property=\"article:modified_time\" content=\"2024-02-07T12:37:41+00:00\" \/>\n<meta property=\"og:image\" content=\"https:\/\/www.pksgitaliana.eu\/wp-content\/uploads\/2023\/10\/aglio-scaled-1.webp\" \/>\n\t<meta property=\"og:image:width\" content=\"1920\" \/>\n\t<meta property=\"og:image:height\" content=\"2560\" \/>\n\t<meta property=\"og:image:type\" content=\"image\/webp\" \/>\n<meta name=\"twitter:card\" content=\"summary_large_image\" \/>\n<meta name=\"twitter:label1\" content=\"Tempo di lettura stimato\" \/>\n\t<meta name=\"twitter:data1\" content=\"1 minuto\" \/>\n<script type=\"application\/ld+json\" class=\"yoast-schema-graph\">{\"@context\":\"https:\/\/schema.org\",\"@graph\":[{\"@type\":\"WebPage\",\"@id\":\"https:\/\/www.pksgitaliana.eu\/product\/spaghetti-aglio-ed-olio\/\",\"url\":\"https:\/\/www.pksgitaliana.eu\/product\/spaghetti-aglio-ed-olio\/\",\"name\":\"Spaghetti Aglio ed olio - PKSG Italiana Ciuri Ciuri Bistro\",\"isPartOf\":{\"@id\":\"https:\/\/www.pksgitaliana.eu\/#website\"},\"primaryImageOfPage\":{\"@id\":\"https:\/\/www.pksgitaliana.eu\/product\/spaghetti-aglio-ed-olio\/#primaryimage\"},\"image\":{\"@id\":\"https:\/\/www.pksgitaliana.eu\/product\/spaghetti-aglio-ed-olio\/#primaryimage\"},\"thumbnailUrl\":\"https:\/\/www.pksgitaliana.eu\/wp-content\/uploads\/2023\/10\/aglio-scaled-1.webp\",\"datePublished\":\"2023-10-27T13:52:55+00:00\",\"dateModified\":\"2024-02-07T12:37:41+00:00\",\"description\":\"Mer\u00fclj\u00f6n el az olasz konyha var\u00e1zslat\u00e1ban a Spaghetti Aglio ed Olio \u00edzorgiaival! Ez a hagyom\u00e1nyos olasz fog\u00e1s egyszer\u0171s\u00e9g\u00e9ben rejlik a titka.\",\"breadcrumb\":{\"@id\":\"https:\/\/www.pksgitaliana.eu\/product\/spaghetti-aglio-ed-olio\/#breadcrumb\"},\"inLanguage\":\"it-IT\",\"potentialAction\":[{\"@type\":\"ReadAction\",\"target\":[\"https:\/\/www.pksgitaliana.eu\/product\/spaghetti-aglio-ed-olio\/\"]}]},{\"@type\":\"ImageObject\",\"inLanguage\":\"it-IT\",\"@id\":\"https:\/\/www.pksgitaliana.eu\/product\/spaghetti-aglio-ed-olio\/#primaryimage\",\"url\":\"https:\/\/www.pksgitaliana.eu\/wp-content\/uploads\/2023\/10\/aglio-scaled-1.webp\",\"contentUrl\":\"https:\/\/www.pksgitaliana.eu\/wp-content\/uploads\/2023\/10\/aglio-scaled-1.webp\",\"width\":1920,\"height\":2560},{\"@type\":\"BreadcrumbList\",\"@id\":\"https:\/\/www.pksgitaliana.eu\/product\/spaghetti-aglio-ed-olio\/#breadcrumb\",\"itemListElement\":[{\"@type\":\"ListItem\",\"position\":1,\"name\":\"Home\",\"item\":\"https:\/\/www.pksgitaliana.eu\/\"},{\"@type\":\"ListItem\",\"position\":2,\"name\":\"Rendel\u00e9s\",\"item\":\"https:\/\/www.pksgitaliana.eu\/rendeles\/\"},{\"@type\":\"ListItem\",\"position\":3,\"name\":\"Spaghetti Aglio ed olio\"}]},{\"@type\":\"WebSite\",\"@id\":\"https:\/\/www.pksgitaliana.eu\/#website\",\"url\":\"https:\/\/www.pksgitaliana.eu\/\",\"name\":\"PKSG Italiana Ciuri Ciuri Bistro\",\"description\":\"Szicil\u00edai \u00e9tterem\",\"publisher\":{\"@id\":\"https:\/\/www.pksgitaliana.eu\/#organization\"},\"alternateName\":\"PKSG Italiana\",\"potentialAction\":[{\"@type\":\"SearchAction\",\"target\":{\"@type\":\"EntryPoint\",\"urlTemplate\":\"https:\/\/www.pksgitaliana.eu\/?s={search_term_string}\"},\"query-input\":\"required name=search_term_string\"}],\"inLanguage\":\"it-IT\"},{\"@type\":\"Organization\",\"@id\":\"https:\/\/www.pksgitaliana.eu\/#organization\",\"name\":\"PKSG Italiana Ciuri Ciuri Bistro\",\"alternateName\":\"PKSG Italiana\",\"url\":\"https:\/\/www.pksgitaliana.eu\/\",\"logo\":{\"@type\":\"ImageObject\",\"inLanguage\":\"it-IT\",\"@id\":\"https:\/\/www.pksgitaliana.eu\/#\/schema\/logo\/image\/\",\"url\":\"https:\/\/www.pksgitaliana.eu\/wp-content\/uploads\/2024\/02\/cropped-sajat-logo-1.webp\",\"contentUrl\":\"https:\/\/www.pksgitaliana.eu\/wp-content\/uploads\/2024\/02\/cropped-sajat-logo-1.webp\",\"width\":886,\"height\":296,\"caption\":\"PKSG Italiana Ciuri Ciuri Bistro\"},\"image\":{\"@id\":\"https:\/\/www.pksgitaliana.eu\/#\/schema\/logo\/image\/\"},\"sameAs\":[\"https:\/\/www.facebook.com\/pksgitaliana\/\"]}]}<\/script>\n<!-- \/ Yoast SEO plugin. -->","yoast_head_json":{"title":"Spaghetti Aglio ed olio - PKSG Italiana Ciuri Ciuri Bistro","description":"Mer\u00fclj\u00f6n el az olasz konyha var\u00e1zslat\u00e1ban a Spaghetti Aglio ed Olio \u00edzorgiaival! Ez a hagyom\u00e1nyos olasz fog\u00e1s egyszer\u0171s\u00e9g\u00e9ben rejlik a titka.","robots":{"index":"index","follow":"follow","max-snippet":"max-snippet:-1","max-image-preview":"max-image-preview:large","max-video-preview":"max-video-preview:-1"},"canonical":"https:\/\/www.pksgitaliana.eu\/it\/product\/spaghetti-aglio-ed-olio\/","og_locale":"it_IT","og_type":"article","og_title":"Spaghetti Aglio ed olio - PKSG Italiana Ciuri Ciuri Bistro","og_description":"Mer\u00fclj\u00f6n el az olasz konyha var\u00e1zslat\u00e1ban a Spaghetti Aglio ed Olio \u00edzorgiaival! Ez a hagyom\u00e1nyos olasz fog\u00e1s egyszer\u0171s\u00e9g\u00e9ben rejlik a titka.","og_url":"https:\/\/www.pksgitaliana.eu\/it\/product\/spaghetti-aglio-ed-olio\/","og_site_name":"PKSG Italiana Ciuri Ciuri Bistro","article_publisher":"https:\/\/www.facebook.com\/pksgitaliana\/","article_modified_time":"2024-02-07T12:37:41+00:00","og_image":[{"width":1920,"height":2560,"url":"https:\/\/www.pksgitaliana.eu\/wp-content\/uploads\/2023\/10\/aglio-scaled-1.webp","type":"image\/webp"}],"twitter_card":"summary_large_image","twitter_misc":{"Tempo di lettura stimato":"1 minuto"},"schema":{"@context":"https:\/\/schema.org","@graph":[{"@type":"WebPage","@id":"https:\/\/www.pksgitaliana.eu\/product\/spaghetti-aglio-ed-olio\/","url":"https:\/\/www.pksgitaliana.eu\/product\/spaghetti-aglio-ed-olio\/","name":"Spaghetti Aglio ed olio - PKSG Italiana Ciuri Ciuri Bistro","isPartOf":{"@id":"https:\/\/www.pksgitaliana.eu\/#website"},"primaryImageOfPage":{"@id":"https:\/\/www.pksgitaliana.eu\/product\/spaghetti-aglio-ed-olio\/#primaryimage"},"image":{"@id":"https:\/\/www.pksgitaliana.eu\/product\/spaghetti-aglio-ed-olio\/#primaryimage"},"thumbnailUrl":"https:\/\/www.pksgitaliana.eu\/wp-content\/uploads\/2023\/10\/aglio-scaled-1.webp","datePublished":"2023-10-27T13:52:55+00:00","dateModified":"2024-02-07T12:37:41+00:00","description":"Mer\u00fclj\u00f6n el az olasz konyha var\u00e1zslat\u00e1ban a Spaghetti Aglio ed Olio \u00edzorgiaival! Ez a hagyom\u00e1nyos olasz fog\u00e1s egyszer\u0171s\u00e9g\u00e9ben rejlik a titka.","breadcrumb":{"@id":"https:\/\/www.pksgitaliana.eu\/product\/spaghetti-aglio-ed-olio\/#breadcrumb"},"inLanguage":"it-IT","potentialAction":[{"@type":"ReadAction","target":["https:\/\/www.pksgitaliana.eu\/product\/spaghetti-aglio-ed-olio\/"]}]},{"@type":"ImageObject","inLanguage":"it-IT","@id":"https:\/\/www.pksgitaliana.eu\/product\/spaghetti-aglio-ed-olio\/#primaryimage","url":"https:\/\/www.pksgitaliana.eu\/wp-content\/uploads\/2023\/10\/aglio-scaled-1.webp","contentUrl":"https:\/\/www.pksgitaliana.eu\/wp-content\/uploads\/2023\/10\/aglio-scaled-1.webp","width":1920,"height":2560},{"@type":"BreadcrumbList","@id":"https:\/\/www.pksgitaliana.eu\/product\/spaghetti-aglio-ed-olio\/#breadcrumb","itemListElement":[{"@type":"ListItem","position":1,"name":"Home","item":"https:\/\/www.pksgitaliana.eu\/"},{"@type":"ListItem","position":2,"name":"Rendel\u00e9s","item":"https:\/\/www.pksgitaliana.eu\/rendeles\/"},{"@type":"ListItem","position":3,"name":"Spaghetti Aglio ed olio"}]},{"@type":"WebSite","@id":"https:\/\/www.pksgitaliana.eu\/#website","url":"https:\/\/www.pksgitaliana.eu\/","name":"PKSG Italiana Ciuri Ciuri Bistro","description":"Szicil\u00edai \u00e9tterem","publisher":{"@id":"https:\/\/www.pksgitaliana.eu\/#organization"},"alternateName":"PKSG Italiana","potentialAction":[{"@type":"SearchAction","target":{"@type":"EntryPoint","urlTemplate":"https:\/\/www.pksgitaliana.eu\/?s={search_term_string}"},"query-input":"required name=search_term_string"}],"inLanguage":"it-IT"},{"@type":"Organization","@id":"https:\/\/www.pksgitaliana.eu\/#organization","name":"PKSG Italiana Ciuri Ciuri Bistro","alternateName":"PKSG Italiana","url":"https:\/\/www.pksgitaliana.eu\/","logo":{"@type":"ImageObject","inLanguage":"it-IT","@id":"https:\/\/www.pksgitaliana.eu\/#\/schema\/logo\/image\/","url":"https:\/\/www.pksgitaliana.eu\/wp-content\/uploads\/2024\/02\/cropped-sajat-logo-1.webp","contentUrl":"https:\/\/www.pksgitaliana.eu\/wp-content\/uploads\/2024\/02\/cropped-sajat-logo-1.webp","width":886,"height":296,"caption":"PKSG Italiana Ciuri Ciuri Bistro"},"image":{"@id":"https:\/\/www.pksgitaliana.eu\/#\/schema\/logo\/image\/"},"sameAs":["https:\/\/www.facebook.com\/pksgitaliana\/"]}]}},"_links":{"self":[{"href":"https:\/\/www.pksgitaliana.eu\/it\/wp-json\/wp\/v2\/product\/6162","targetHints":{"allow":["GET"]}}],"collection":[{"href":"https:\/\/www.pksgitaliana.eu\/it\/wp-json\/wp\/v2\/product"}],"about":[{"href":"https:\/\/www.pksgitaliana.eu\/it\/wp-json\/wp\/v2\/types\/product"}],"wp:featuredmedia":[{"embeddable":true,"href":"https:\/\/www.pksgitaliana.eu\/it\/wp-json\/wp\/v2\/media\/7062"}],"wp:attachment":[{"href":"https:\/\/www.pksgitaliana.eu\/it\/wp-json\/wp\/v2\/media?parent=6162"}],"wp:term":[{"taxonomy":"product_cat","embeddable":true,"href":"https:\/\/www.pksgitaliana.eu\/it\/wp-json\/wp\/v2\/product_cat?post=6162"},{"taxonomy":"product_tag","embeddable":true,"href":"https:\/\/www.pksgitaliana.eu\/it\/wp-json\/wp\/v2\/product_tag?post=6162"}],"curies":[{"name":"wp","href":"https:\/\/api.w.org\/{rel}","templated":true}]}}