{"id":6141,"date":"2023-10-27T11:27:38","date_gmt":"2023-10-27T11:27:38","guid":{"rendered":"http:\/\/www.pksgitaliana.eu\/?post_type=product&#038;p=6141"},"modified":"2024-02-07T12:09:31","modified_gmt":"2024-02-07T12:09:31","slug":"parma-pizza","status":"publish","type":"product","link":"https:\/\/www.pksgitaliana.eu\/it\/product\/parma-pizza\/","title":{"rendered":"Parma Pizza"},"content":{"rendered":"<div class=\"flex-1 overflow-hidden\">\n<div class=\"react-scroll-to-bottom--css-cbehs-79elbk h-full\">\n<div class=\"react-scroll-to-bottom--css-cbehs-1n7m0yu\">\n<div class=\"flex flex-col pb-9 text-sm\">\n<div class=\"w-full text-token-text-primary\" data-testid=\"conversation-turn-13\">\n<div class=\"px-4 py-2 justify-center text-base md:gap-6 m-auto\">\n<div class=\"flex flex-1 text-base mx-auto gap-3 md:px-5 lg:px-1 xl:px-5 md:max-w-3xl lg:max-w-[40rem] xl:max-w-[48rem] } group final-completion\">\n<div class=\"relative flex w-full flex-col lg:w-[calc(100%-115px)] agent-turn\">\n<div class=\"flex-col gap-1 md:gap-3\">\n<div class=\"flex flex-grow flex-col max-w-full\">\n<div class=\"min-h-[20px] text-message flex flex-col items-start gap-3 whitespace-pre-wrap break-words [.text-message+&amp;]:mt-5 overflow-x-auto\" data-message-author-role=\"assistant\" data-message-id=\"c7f57db7-12ee-4c36-aa14-9db78b60f7f9\">\n<div class=\"markdown prose w-full break-words dark:prose-invert dark\">\n<p>Vi presentiamo la Parma Pizza, un capolavoro della vera arte culinaria italiana, che racchiude in un solo boccone il famoso prosciutto di Parma e l'essenza dei sapori mediterranei. Questa pizza non \u00e8 solo un piatto, ma un passaporto per il regno della freschezza e dei sapori autentici.<\/p>\n<p>La pizza di Parma si basa su una pasta sottile e croccante, accuratamente spalmata con la migliore salsa di pomodoro. Segue la morbida mozzarella, che viene combinata con fette di prosciutto di Parma e una magica miscela di spezie italiane. Una volta cotta, la pasta diventa dorata e croccante all'esterno, mentre i sapori caldi e fondenti del formaggio e del prosciutto all'interno creano un'armonia perfetta.<\/p>\n<p>La pizza di Parma non \u00e8 solo cibo, \u00e8 uno stile di vita. La scelta ideale per una cena romantica o per un incontro con gli amici. Realizzata con ingredienti di prima qualit\u00e0 e una ricetta tradizionale italiana, offre un'esperienza gastronomica unica, non solo da assaporare ma anche da condividere.<\/p>\n<p>Ordinate ora, dove sarete la regina dei sapori fin dal primo morso!<\/p>\n<\/div>\n<\/div>\n<\/div>\n<div class=\"mt-1 flex justify-start gap-3 empty:hidden\">\n<div class=\"text-gray-400 flex self-end lg:self-center justify-center lg:justify-start mt-0 gap-1 visible\">\n<p>&nbsp;<\/p>\n<div class=\"flex gap-1\"><\/div>\n<div class=\"flex items-center gap-1.5 text-xs\"><\/div>\n<\/div>\n<\/div>\n<\/div>\n<div class=\"absolute\">\n<div class=\"flex w-full gap-2 items-center justify-center\"><\/div>\n<\/div>\n<\/div>\n<\/div>\n<\/div>\n<\/div>\n<\/div>\n<\/div>\n<\/div>\n<\/div>\n<div class=\"w-full pt-2 md:pt-0 dark:border-white\/20 md:border-transparent md:dark:border-transparent md:w-[calc(100%-.5rem)]\">\n<form class=\"stretch mx-2 flex flex-row gap-3 last:mb-2 md:mx-4 md:last:mb-6 lg:mx-auto lg:max-w-2xl xl:max-w-3xl\" action=\"\">\n<div class=\"relative flex h-full flex-1 items-stretch md:flex-col\">\n<div class=\"flex w-full items-center\"><\/div>\n<\/div>\n<input type=\"hidden\" name=\"trp-form-language\" value=\"it\"\/><\/form>\n<\/div>","protected":false},"excerpt":{"rendered":"<p>Vi presentiamo la Parma Pizza, un capolavoro della vera arte culinaria italiana, che racchiude in un solo boccone il famoso prosciutto di Parma e l'essenza dei sapori mediterranei. Questa pizza non \u00e8 solo un piatto, ma un passaporto per il regno della freschezza e dei sapori autentici.<\/p>","protected":false},"featured_media":7043,"template":"","meta":{"site-sidebar-layout":"default","site-content-layout":"","ast-site-content-layout":"default","site-content-style":"default","site-sidebar-style":"default","ast-global-header-display":"","ast-banner-title-visibility":"","ast-main-header-display":"","ast-hfb-above-header-display":"","ast-hfb-below-header-display":"","ast-hfb-mobile-header-display":"","site-post-title":"","ast-breadcrumbs-content":"","ast-featured-img":"","footer-sml-layout":"","theme-transparent-header-meta":"default","adv-header-id-meta":"","stick-header-meta":"","header-above-stick-meta":"","header-main-stick-meta":"","header-below-stick-meta":"","astra-migrate-meta-layouts":"set","ast-page-background-enabled":"default","ast-page-background-meta":{"desktop":{"background-color":"","background-image":"","background-repeat":"repeat","background-position":"center center","background-size":"auto","background-attachment":"scroll","background-type":"","background-media":"","overlay-type":"","overlay-color":"","overlay-gradient":""},"tablet":{"background-color":"","background-image":"","background-repeat":"repeat","background-position":"center center","background-size":"auto","background-attachment":"scroll","background-type":"","background-media":"","overlay-type":"","overlay-color":"","overlay-gradient":""},"mobile":{"background-color":"","background-image":"","background-repeat":"repeat","background-position":"center center","background-size":"auto","background-attachment":"scroll","background-type":"","background-media":"","overlay-type":"","overlay-color":"","overlay-gradient":""}},"ast-content-background-meta":{"desktop":{"background-color":"var(--ast-global-color-5)","background-image":"","background-repeat":"repeat","background-position":"center center","background-size":"auto","background-attachment":"scroll","background-type":"","background-media":"","overlay-type":"","overlay-color":"","overlay-gradient":""},"tablet":{"background-color":"var(--ast-global-color-5)","background-image":"","background-repeat":"repeat","background-position":"center center","background-size":"auto","background-attachment":"scroll","background-type":"","background-media":"","overlay-type":"","overlay-color":"","overlay-gradient":""},"mobile":{"background-color":"var(--ast-global-color-5)","background-image":"","background-repeat":"repeat","background-position":"center center","background-size":"auto","background-attachment":"scroll","background-type":"","background-media":"","overlay-type":"","overlay-color":"","overlay-gradient":""}}},"product_cat":[35],"product_tag":[],"class_list":{"0":"post-6141","1":"product","2":"type-product","3":"status-publish","4":"has-post-thumbnail","6":"product_cat-pizza","7":"desktop-align-center","8":"tablet-align-center","9":"mobile-align-center","11":"first","12":"instock","13":"shipping-taxable","14":"purchasable","15":"product-type-simple"},"yoast_head":"<!-- This site is optimized with the Yoast SEO plugin v23.2 - https:\/\/yoast.com\/wordpress\/plugins\/seo\/ -->\n<title>Parma Pizza - PKSG Italiana Ciuri Ciuri Bistro<\/title>\n<meta name=\"description\" content=\"Parma Pizza! K\u00f3stold meg a pr\u00e9mium min\u0151s\u00e9g\u0171 Parmai sonka \u00e9s a friss, ropog\u00f3s t\u00e9szta t\u00f6k\u00e9letes harm\u00f3ni\u00e1j\u00e1t, az olasz konyha legjav\u00e1t \u00e9rezheted.\" \/>\n<meta name=\"robots\" content=\"index, follow, max-snippet:-1, max-image-preview:large, max-video-preview:-1\" \/>\n<link rel=\"canonical\" href=\"https:\/\/www.pksgitaliana.eu\/it\/product\/parma-pizza\/\" \/>\n<meta property=\"og:locale\" content=\"it_IT\" \/>\n<meta property=\"og:type\" content=\"article\" \/>\n<meta property=\"og:title\" content=\"Parma Pizza - PKSG Italiana Ciuri Ciuri Bistro\" \/>\n<meta property=\"og:description\" content=\"Parma Pizza! K\u00f3stold meg a pr\u00e9mium min\u0151s\u00e9g\u0171 Parmai sonka \u00e9s a friss, ropog\u00f3s t\u00e9szta t\u00f6k\u00e9letes harm\u00f3ni\u00e1j\u00e1t, az olasz konyha legjav\u00e1t \u00e9rezheted.\" \/>\n<meta property=\"og:url\" content=\"https:\/\/www.pksgitaliana.eu\/it\/product\/parma-pizza\/\" \/>\n<meta property=\"og:site_name\" content=\"PKSG Italiana Ciuri Ciuri Bistro\" \/>\n<meta property=\"article:publisher\" content=\"https:\/\/www.facebook.com\/pksgitaliana\/\" \/>\n<meta property=\"article:modified_time\" content=\"2024-02-07T12:09:31+00:00\" \/>\n<meta property=\"og:image\" content=\"https:\/\/www.pksgitaliana.eu\/wp-content\/uploads\/2024\/02\/parma-pizza-1-scaled-1.webp\" \/>\n\t<meta property=\"og:image:width\" content=\"1920\" \/>\n\t<meta property=\"og:image:height\" content=\"2560\" \/>\n\t<meta property=\"og:image:type\" content=\"image\/webp\" \/>\n<meta name=\"twitter:card\" content=\"summary_large_image\" \/>\n<meta name=\"twitter:label1\" content=\"Tempo di lettura stimato\" \/>\n\t<meta name=\"twitter:data1\" content=\"2 minuti\" \/>\n<script type=\"application\/ld+json\" class=\"yoast-schema-graph\">{\"@context\":\"https:\/\/schema.org\",\"@graph\":[{\"@type\":\"WebPage\",\"@id\":\"https:\/\/www.pksgitaliana.eu\/product\/parma-pizza\/\",\"url\":\"https:\/\/www.pksgitaliana.eu\/product\/parma-pizza\/\",\"name\":\"Parma Pizza - PKSG Italiana Ciuri Ciuri Bistro\",\"isPartOf\":{\"@id\":\"https:\/\/www.pksgitaliana.eu\/#website\"},\"primaryImageOfPage\":{\"@id\":\"https:\/\/www.pksgitaliana.eu\/product\/parma-pizza\/#primaryimage\"},\"image\":{\"@id\":\"https:\/\/www.pksgitaliana.eu\/product\/parma-pizza\/#primaryimage\"},\"thumbnailUrl\":\"https:\/\/www.pksgitaliana.eu\/wp-content\/uploads\/2024\/02\/parma-pizza-1-scaled-1.webp\",\"datePublished\":\"2023-10-27T11:27:38+00:00\",\"dateModified\":\"2024-02-07T12:09:31+00:00\",\"description\":\"Parma Pizza! K\u00f3stold meg a pr\u00e9mium min\u0151s\u00e9g\u0171 Parmai sonka \u00e9s a friss, ropog\u00f3s t\u00e9szta t\u00f6k\u00e9letes harm\u00f3ni\u00e1j\u00e1t, az olasz konyha legjav\u00e1t \u00e9rezheted.\",\"breadcrumb\":{\"@id\":\"https:\/\/www.pksgitaliana.eu\/product\/parma-pizza\/#breadcrumb\"},\"inLanguage\":\"it-IT\",\"potentialAction\":[{\"@type\":\"ReadAction\",\"target\":[\"https:\/\/www.pksgitaliana.eu\/product\/parma-pizza\/\"]}]},{\"@type\":\"ImageObject\",\"inLanguage\":\"it-IT\",\"@id\":\"https:\/\/www.pksgitaliana.eu\/product\/parma-pizza\/#primaryimage\",\"url\":\"https:\/\/www.pksgitaliana.eu\/wp-content\/uploads\/2024\/02\/parma-pizza-1-scaled-1.webp\",\"contentUrl\":\"https:\/\/www.pksgitaliana.eu\/wp-content\/uploads\/2024\/02\/parma-pizza-1-scaled-1.webp\",\"width\":1920,\"height\":2560},{\"@type\":\"BreadcrumbList\",\"@id\":\"https:\/\/www.pksgitaliana.eu\/product\/parma-pizza\/#breadcrumb\",\"itemListElement\":[{\"@type\":\"ListItem\",\"position\":1,\"name\":\"Home\",\"item\":\"https:\/\/www.pksgitaliana.eu\/\"},{\"@type\":\"ListItem\",\"position\":2,\"name\":\"Rendel\u00e9s\",\"item\":\"https:\/\/www.pksgitaliana.eu\/rendeles\/\"},{\"@type\":\"ListItem\",\"position\":3,\"name\":\"Parma Pizza\"}]},{\"@type\":\"WebSite\",\"@id\":\"https:\/\/www.pksgitaliana.eu\/#website\",\"url\":\"https:\/\/www.pksgitaliana.eu\/\",\"name\":\"PKSG Italiana Ciuri Ciuri Bistro\",\"description\":\"Szicil\u00edai \u00e9tterem\",\"publisher\":{\"@id\":\"https:\/\/www.pksgitaliana.eu\/#organization\"},\"alternateName\":\"PKSG Italiana\",\"potentialAction\":[{\"@type\":\"SearchAction\",\"target\":{\"@type\":\"EntryPoint\",\"urlTemplate\":\"https:\/\/www.pksgitaliana.eu\/?s={search_term_string}\"},\"query-input\":\"required name=search_term_string\"}],\"inLanguage\":\"it-IT\"},{\"@type\":\"Organization\",\"@id\":\"https:\/\/www.pksgitaliana.eu\/#organization\",\"name\":\"PKSG Italiana Ciuri Ciuri Bistro\",\"alternateName\":\"PKSG Italiana\",\"url\":\"https:\/\/www.pksgitaliana.eu\/\",\"logo\":{\"@type\":\"ImageObject\",\"inLanguage\":\"it-IT\",\"@id\":\"https:\/\/www.pksgitaliana.eu\/#\/schema\/logo\/image\/\",\"url\":\"https:\/\/www.pksgitaliana.eu\/wp-content\/uploads\/2024\/02\/cropped-sajat-logo-1.webp\",\"contentUrl\":\"https:\/\/www.pksgitaliana.eu\/wp-content\/uploads\/2024\/02\/cropped-sajat-logo-1.webp\",\"width\":886,\"height\":296,\"caption\":\"PKSG Italiana Ciuri Ciuri Bistro\"},\"image\":{\"@id\":\"https:\/\/www.pksgitaliana.eu\/#\/schema\/logo\/image\/\"},\"sameAs\":[\"https:\/\/www.facebook.com\/pksgitaliana\/\"]}]}<\/script>\n<!-- \/ Yoast SEO plugin. -->","yoast_head_json":{"title":"Parma Pizza - PKSG Italiana Ciuri Ciuri Bistro","description":"Parma Pizza! K\u00f3stold meg a pr\u00e9mium min\u0151s\u00e9g\u0171 Parmai sonka \u00e9s a friss, ropog\u00f3s t\u00e9szta t\u00f6k\u00e9letes harm\u00f3ni\u00e1j\u00e1t, az olasz konyha legjav\u00e1t \u00e9rezheted.","robots":{"index":"index","follow":"follow","max-snippet":"max-snippet:-1","max-image-preview":"max-image-preview:large","max-video-preview":"max-video-preview:-1"},"canonical":"https:\/\/www.pksgitaliana.eu\/it\/product\/parma-pizza\/","og_locale":"it_IT","og_type":"article","og_title":"Parma Pizza - PKSG Italiana Ciuri Ciuri Bistro","og_description":"Parma Pizza! K\u00f3stold meg a pr\u00e9mium min\u0151s\u00e9g\u0171 Parmai sonka \u00e9s a friss, ropog\u00f3s t\u00e9szta t\u00f6k\u00e9letes harm\u00f3ni\u00e1j\u00e1t, az olasz konyha legjav\u00e1t \u00e9rezheted.","og_url":"https:\/\/www.pksgitaliana.eu\/it\/product\/parma-pizza\/","og_site_name":"PKSG Italiana Ciuri Ciuri Bistro","article_publisher":"https:\/\/www.facebook.com\/pksgitaliana\/","article_modified_time":"2024-02-07T12:09:31+00:00","og_image":[{"width":1920,"height":2560,"url":"https:\/\/www.pksgitaliana.eu\/wp-content\/uploads\/2024\/02\/parma-pizza-1-scaled-1.webp","type":"image\/webp"}],"twitter_card":"summary_large_image","twitter_misc":{"Tempo di lettura stimato":"2 minuti"},"schema":{"@context":"https:\/\/schema.org","@graph":[{"@type":"WebPage","@id":"https:\/\/www.pksgitaliana.eu\/product\/parma-pizza\/","url":"https:\/\/www.pksgitaliana.eu\/product\/parma-pizza\/","name":"Parma Pizza - PKSG Italiana Ciuri Ciuri Bistro","isPartOf":{"@id":"https:\/\/www.pksgitaliana.eu\/#website"},"primaryImageOfPage":{"@id":"https:\/\/www.pksgitaliana.eu\/product\/parma-pizza\/#primaryimage"},"image":{"@id":"https:\/\/www.pksgitaliana.eu\/product\/parma-pizza\/#primaryimage"},"thumbnailUrl":"https:\/\/www.pksgitaliana.eu\/wp-content\/uploads\/2024\/02\/parma-pizza-1-scaled-1.webp","datePublished":"2023-10-27T11:27:38+00:00","dateModified":"2024-02-07T12:09:31+00:00","description":"Parma Pizza! K\u00f3stold meg a pr\u00e9mium min\u0151s\u00e9g\u0171 Parmai sonka \u00e9s a friss, ropog\u00f3s t\u00e9szta t\u00f6k\u00e9letes harm\u00f3ni\u00e1j\u00e1t, az olasz konyha legjav\u00e1t \u00e9rezheted.","breadcrumb":{"@id":"https:\/\/www.pksgitaliana.eu\/product\/parma-pizza\/#breadcrumb"},"inLanguage":"it-IT","potentialAction":[{"@type":"ReadAction","target":["https:\/\/www.pksgitaliana.eu\/product\/parma-pizza\/"]}]},{"@type":"ImageObject","inLanguage":"it-IT","@id":"https:\/\/www.pksgitaliana.eu\/product\/parma-pizza\/#primaryimage","url":"https:\/\/www.pksgitaliana.eu\/wp-content\/uploads\/2024\/02\/parma-pizza-1-scaled-1.webp","contentUrl":"https:\/\/www.pksgitaliana.eu\/wp-content\/uploads\/2024\/02\/parma-pizza-1-scaled-1.webp","width":1920,"height":2560},{"@type":"BreadcrumbList","@id":"https:\/\/www.pksgitaliana.eu\/product\/parma-pizza\/#breadcrumb","itemListElement":[{"@type":"ListItem","position":1,"name":"Home","item":"https:\/\/www.pksgitaliana.eu\/"},{"@type":"ListItem","position":2,"name":"Rendel\u00e9s","item":"https:\/\/www.pksgitaliana.eu\/rendeles\/"},{"@type":"ListItem","position":3,"name":"Parma Pizza"}]},{"@type":"WebSite","@id":"https:\/\/www.pksgitaliana.eu\/#website","url":"https:\/\/www.pksgitaliana.eu\/","name":"PKSG Italiana Ciuri Ciuri Bistro","description":"Szicil\u00edai \u00e9tterem","publisher":{"@id":"https:\/\/www.pksgitaliana.eu\/#organization"},"alternateName":"PKSG Italiana","potentialAction":[{"@type":"SearchAction","target":{"@type":"EntryPoint","urlTemplate":"https:\/\/www.pksgitaliana.eu\/?s={search_term_string}"},"query-input":"required name=search_term_string"}],"inLanguage":"it-IT"},{"@type":"Organization","@id":"https:\/\/www.pksgitaliana.eu\/#organization","name":"PKSG Italiana Ciuri Ciuri Bistro","alternateName":"PKSG Italiana","url":"https:\/\/www.pksgitaliana.eu\/","logo":{"@type":"ImageObject","inLanguage":"it-IT","@id":"https:\/\/www.pksgitaliana.eu\/#\/schema\/logo\/image\/","url":"https:\/\/www.pksgitaliana.eu\/wp-content\/uploads\/2024\/02\/cropped-sajat-logo-1.webp","contentUrl":"https:\/\/www.pksgitaliana.eu\/wp-content\/uploads\/2024\/02\/cropped-sajat-logo-1.webp","width":886,"height":296,"caption":"PKSG Italiana Ciuri Ciuri Bistro"},"image":{"@id":"https:\/\/www.pksgitaliana.eu\/#\/schema\/logo\/image\/"},"sameAs":["https:\/\/www.facebook.com\/pksgitaliana\/"]}]}},"_links":{"self":[{"href":"https:\/\/www.pksgitaliana.eu\/it\/wp-json\/wp\/v2\/product\/6141","targetHints":{"allow":["GET"]}}],"collection":[{"href":"https:\/\/www.pksgitaliana.eu\/it\/wp-json\/wp\/v2\/product"}],"about":[{"href":"https:\/\/www.pksgitaliana.eu\/it\/wp-json\/wp\/v2\/types\/product"}],"wp:featuredmedia":[{"embeddable":true,"href":"https:\/\/www.pksgitaliana.eu\/it\/wp-json\/wp\/v2\/media\/7043"}],"wp:attachment":[{"href":"https:\/\/www.pksgitaliana.eu\/it\/wp-json\/wp\/v2\/media?parent=6141"}],"wp:term":[{"taxonomy":"product_cat","embeddable":true,"href":"https:\/\/www.pksgitaliana.eu\/it\/wp-json\/wp\/v2\/product_cat?post=6141"},{"taxonomy":"product_tag","embeddable":true,"href":"https:\/\/www.pksgitaliana.eu\/it\/wp-json\/wp\/v2\/product_tag?post=6141"}],"curies":[{"name":"wp","href":"https:\/\/api.w.org\/{rel}","templated":true}]}}