{"id":6137,"date":"2023-10-27T10:52:42","date_gmt":"2023-10-27T10:52:42","guid":{"rendered":"http:\/\/www.pksgitaliana.eu\/?post_type=product&#038;p=6137"},"modified":"2024-02-07T12:14:03","modified_gmt":"2024-02-07T12:14:03","slug":"grillezett-zoldseg","status":"publish","type":"product","link":"https:\/\/www.pksgitaliana.eu\/it\/product\/grillezett-zoldseg\/","title":{"rendered":"Verdure alla griglia"},"content":{"rendered":"<p>Pizza di verdure grigliate: il ricco mondo del gusto<\/p>\n<p>Godetevi la freschezza e il gusto speciale delle verdure grigliate con la Pizza di verdure grigliate! Questo capolavoro culinario combina un impasto croccante e una ricca tavolozza di verdure fresche per creare un vero e proprio banchetto per le vostre papille gustative in una sola fetta.<\/p>\n<p>La pizza alle verdure grigliate si basa su una sottile pasta dorata, accuratamente spennellata con la migliore salsa di pomodoro. La parte superiore dell'impasto \u00e8 coronata da peperoni, melanzane, zucchine e altre deliziose verdure grigliate che si completano a vicenda. Il sapore delle verdure succose e la consistenza croccante della pasta creano un'armonia perfetta.<\/p>\n<p>Questa pizza non \u00e8 solo un piatto, \u00e8 un'orgia di sapori, dove si incontrano l'aroma e la freschezza delle verdure grigliate. Una scelta ideale per chi vuole gustare sapori sani e sofisticati in un unico piatto di pasta. Ordinate ora per provare la deliziosa esperienza della pizza a casa vostra e portate la freschezza della natura sulla vostra tavola!<\/p>","protected":false},"excerpt":{"rendered":"<p>Godetevi la freschezza e il gusto speciale delle verdure grigliate con la Pizza di verdure grigliate! Questo capolavoro culinario combina un impasto croccante e una ricca tavolozza di verdure fresche per creare un vero e proprio banchetto per le vostre papille gustative in una sola fetta.<\/p>","protected":false},"featured_media":7048,"template":"","meta":{"site-sidebar-layout":"default","site-content-layout":"","ast-site-content-layout":"default","site-content-style":"default","site-sidebar-style":"default","ast-global-header-display":"","ast-banner-title-visibility":"","ast-main-header-display":"","ast-hfb-above-header-display":"","ast-hfb-below-header-display":"","ast-hfb-mobile-header-display":"","site-post-title":"","ast-breadcrumbs-content":"","ast-featured-img":"","footer-sml-layout":"","theme-transparent-header-meta":"default","adv-header-id-meta":"","stick-header-meta":"","header-above-stick-meta":"","header-main-stick-meta":"","header-below-stick-meta":"","astra-migrate-meta-layouts":"set","ast-page-background-enabled":"default","ast-page-background-meta":{"desktop":{"background-color":"","background-image":"","background-repeat":"repeat","background-position":"center center","background-size":"auto","background-attachment":"scroll","background-type":"","background-media":"","overlay-type":"","overlay-color":"","overlay-gradient":""},"tablet":{"background-color":"","background-image":"","background-repeat":"repeat","background-position":"center center","background-size":"auto","background-attachment":"scroll","background-type":"","background-media":"","overlay-type":"","overlay-color":"","overlay-gradient":""},"mobile":{"background-color":"","background-image":"","background-repeat":"repeat","background-position":"center center","background-size":"auto","background-attachment":"scroll","background-type":"","background-media":"","overlay-type":"","overlay-color":"","overlay-gradient":""}},"ast-content-background-meta":{"desktop":{"background-color":"var(--ast-global-color-5)","background-image":"","background-repeat":"repeat","background-position":"center center","background-size":"auto","background-attachment":"scroll","background-type":"","background-media":"","overlay-type":"","overlay-color":"","overlay-gradient":""},"tablet":{"background-color":"var(--ast-global-color-5)","background-image":"","background-repeat":"repeat","background-position":"center center","background-size":"auto","background-attachment":"scroll","background-type":"","background-media":"","overlay-type":"","overlay-color":"","overlay-gradient":""},"mobile":{"background-color":"var(--ast-global-color-5)","background-image":"","background-repeat":"repeat","background-position":"center center","background-size":"auto","background-attachment":"scroll","background-type":"","background-media":"","overlay-type":"","overlay-color":"","overlay-gradient":""}}},"product_cat":[35],"product_tag":[],"class_list":{"0":"post-6137","1":"product","2":"type-product","3":"status-publish","4":"has-post-thumbnail","6":"product_cat-pizza","7":"desktop-align-center","8":"tablet-align-center","9":"mobile-align-center","11":"first","12":"instock","13":"shipping-taxable","14":"purchasable","15":"product-type-simple"},"yoast_head":"<!-- This site is optimized with the Yoast SEO plugin v23.2 - https:\/\/yoast.com\/wordpress\/plugins\/seo\/ -->\n<title>Grillezett Z\u00f6lds\u00e9g - PKSG Italiana Ciuri Ciuri Bistro<\/title>\n<meta name=\"description\" content=\"Fedezd fel a frissess\u00e9g \u00e9s \u00edz kavalk\u00e1dj\u00e1t a Grillezett Z\u00f6lds\u00e9g Pizz\u00e1val! \u00c9lvezd a ropog\u00f3s t\u00e9szta \u00e9s a grillezett z\u00f6lds\u00e9gek harmonikus egyes\u00fcl\u00e9s\u00e9t\" \/>\n<meta name=\"robots\" content=\"index, follow, max-snippet:-1, max-image-preview:large, max-video-preview:-1\" \/>\n<link rel=\"canonical\" href=\"https:\/\/www.pksgitaliana.eu\/it\/product\/grillezett-zoldseg\/\" \/>\n<meta property=\"og:locale\" content=\"it_IT\" \/>\n<meta property=\"og:type\" content=\"article\" \/>\n<meta property=\"og:title\" content=\"Grillezett Z\u00f6lds\u00e9g - PKSG Italiana Ciuri Ciuri Bistro\" \/>\n<meta property=\"og:description\" content=\"Fedezd fel a frissess\u00e9g \u00e9s \u00edz kavalk\u00e1dj\u00e1t a Grillezett Z\u00f6lds\u00e9g Pizz\u00e1val! \u00c9lvezd a ropog\u00f3s t\u00e9szta \u00e9s a grillezett z\u00f6lds\u00e9gek harmonikus egyes\u00fcl\u00e9s\u00e9t\" \/>\n<meta property=\"og:url\" content=\"https:\/\/www.pksgitaliana.eu\/it\/product\/grillezett-zoldseg\/\" \/>\n<meta property=\"og:site_name\" content=\"PKSG Italiana Ciuri Ciuri Bistro\" \/>\n<meta property=\"article:publisher\" content=\"https:\/\/www.facebook.com\/pksgitaliana\/\" \/>\n<meta property=\"article:modified_time\" content=\"2024-02-07T12:14:03+00:00\" \/>\n<meta property=\"og:image\" content=\"https:\/\/www.pksgitaliana.eu\/wp-content\/uploads\/2024\/02\/grill-pizza.webp\" \/>\n\t<meta property=\"og:image:width\" content=\"1536\" \/>\n\t<meta property=\"og:image:height\" content=\"2048\" \/>\n\t<meta property=\"og:image:type\" content=\"image\/webp\" \/>\n<meta name=\"twitter:card\" content=\"summary_large_image\" \/>\n<meta name=\"twitter:label1\" content=\"Tempo di lettura stimato\" \/>\n\t<meta name=\"twitter:data1\" content=\"1 minuto\" \/>\n<script type=\"application\/ld+json\" class=\"yoast-schema-graph\">{\"@context\":\"https:\/\/schema.org\",\"@graph\":[{\"@type\":\"WebPage\",\"@id\":\"https:\/\/www.pksgitaliana.eu\/product\/grillezett-zoldseg\/\",\"url\":\"https:\/\/www.pksgitaliana.eu\/product\/grillezett-zoldseg\/\",\"name\":\"Grillezett Z\u00f6lds\u00e9g - PKSG Italiana Ciuri Ciuri Bistro\",\"isPartOf\":{\"@id\":\"https:\/\/www.pksgitaliana.eu\/#website\"},\"primaryImageOfPage\":{\"@id\":\"https:\/\/www.pksgitaliana.eu\/product\/grillezett-zoldseg\/#primaryimage\"},\"image\":{\"@id\":\"https:\/\/www.pksgitaliana.eu\/product\/grillezett-zoldseg\/#primaryimage\"},\"thumbnailUrl\":\"https:\/\/www.pksgitaliana.eu\/wp-content\/uploads\/2024\/02\/grill-pizza.webp\",\"datePublished\":\"2023-10-27T10:52:42+00:00\",\"dateModified\":\"2024-02-07T12:14:03+00:00\",\"description\":\"Fedezd fel a frissess\u00e9g \u00e9s \u00edz kavalk\u00e1dj\u00e1t a Grillezett Z\u00f6lds\u00e9g Pizz\u00e1val! \u00c9lvezd a ropog\u00f3s t\u00e9szta \u00e9s a grillezett z\u00f6lds\u00e9gek harmonikus egyes\u00fcl\u00e9s\u00e9t\",\"breadcrumb\":{\"@id\":\"https:\/\/www.pksgitaliana.eu\/product\/grillezett-zoldseg\/#breadcrumb\"},\"inLanguage\":\"it-IT\",\"potentialAction\":[{\"@type\":\"ReadAction\",\"target\":[\"https:\/\/www.pksgitaliana.eu\/product\/grillezett-zoldseg\/\"]}]},{\"@type\":\"ImageObject\",\"inLanguage\":\"it-IT\",\"@id\":\"https:\/\/www.pksgitaliana.eu\/product\/grillezett-zoldseg\/#primaryimage\",\"url\":\"https:\/\/www.pksgitaliana.eu\/wp-content\/uploads\/2024\/02\/grill-pizza.webp\",\"contentUrl\":\"https:\/\/www.pksgitaliana.eu\/wp-content\/uploads\/2024\/02\/grill-pizza.webp\",\"width\":1536,\"height\":2048},{\"@type\":\"BreadcrumbList\",\"@id\":\"https:\/\/www.pksgitaliana.eu\/product\/grillezett-zoldseg\/#breadcrumb\",\"itemListElement\":[{\"@type\":\"ListItem\",\"position\":1,\"name\":\"Home\",\"item\":\"https:\/\/www.pksgitaliana.eu\/\"},{\"@type\":\"ListItem\",\"position\":2,\"name\":\"Rendel\u00e9s\",\"item\":\"https:\/\/www.pksgitaliana.eu\/rendeles\/\"},{\"@type\":\"ListItem\",\"position\":3,\"name\":\"Grillezett Z\u00f6lds\u00e9g\"}]},{\"@type\":\"WebSite\",\"@id\":\"https:\/\/www.pksgitaliana.eu\/#website\",\"url\":\"https:\/\/www.pksgitaliana.eu\/\",\"name\":\"PKSG Italiana Ciuri Ciuri Bistro\",\"description\":\"Szicil\u00edai \u00e9tterem\",\"publisher\":{\"@id\":\"https:\/\/www.pksgitaliana.eu\/#organization\"},\"alternateName\":\"PKSG Italiana\",\"potentialAction\":[{\"@type\":\"SearchAction\",\"target\":{\"@type\":\"EntryPoint\",\"urlTemplate\":\"https:\/\/www.pksgitaliana.eu\/?s={search_term_string}\"},\"query-input\":\"required name=search_term_string\"}],\"inLanguage\":\"it-IT\"},{\"@type\":\"Organization\",\"@id\":\"https:\/\/www.pksgitaliana.eu\/#organization\",\"name\":\"PKSG Italiana Ciuri Ciuri Bistro\",\"alternateName\":\"PKSG Italiana\",\"url\":\"https:\/\/www.pksgitaliana.eu\/\",\"logo\":{\"@type\":\"ImageObject\",\"inLanguage\":\"it-IT\",\"@id\":\"https:\/\/www.pksgitaliana.eu\/#\/schema\/logo\/image\/\",\"url\":\"https:\/\/www.pksgitaliana.eu\/wp-content\/uploads\/2024\/02\/cropped-sajat-logo-1.webp\",\"contentUrl\":\"https:\/\/www.pksgitaliana.eu\/wp-content\/uploads\/2024\/02\/cropped-sajat-logo-1.webp\",\"width\":886,\"height\":296,\"caption\":\"PKSG Italiana Ciuri Ciuri Bistro\"},\"image\":{\"@id\":\"https:\/\/www.pksgitaliana.eu\/#\/schema\/logo\/image\/\"},\"sameAs\":[\"https:\/\/www.facebook.com\/pksgitaliana\/\"]}]}<\/script>\n<!-- \/ Yoast SEO plugin. -->","yoast_head_json":{"title":"Grillezett Z\u00f6lds\u00e9g - PKSG Italiana Ciuri Ciuri Bistro","description":"Fedezd fel a frissess\u00e9g \u00e9s \u00edz kavalk\u00e1dj\u00e1t a Grillezett Z\u00f6lds\u00e9g Pizz\u00e1val! \u00c9lvezd a ropog\u00f3s t\u00e9szta \u00e9s a grillezett z\u00f6lds\u00e9gek harmonikus egyes\u00fcl\u00e9s\u00e9t","robots":{"index":"index","follow":"follow","max-snippet":"max-snippet:-1","max-image-preview":"max-image-preview:large","max-video-preview":"max-video-preview:-1"},"canonical":"https:\/\/www.pksgitaliana.eu\/it\/product\/grillezett-zoldseg\/","og_locale":"it_IT","og_type":"article","og_title":"Grillezett Z\u00f6lds\u00e9g - PKSG Italiana Ciuri Ciuri Bistro","og_description":"Fedezd fel a frissess\u00e9g \u00e9s \u00edz kavalk\u00e1dj\u00e1t a Grillezett Z\u00f6lds\u00e9g Pizz\u00e1val! \u00c9lvezd a ropog\u00f3s t\u00e9szta \u00e9s a grillezett z\u00f6lds\u00e9gek harmonikus egyes\u00fcl\u00e9s\u00e9t","og_url":"https:\/\/www.pksgitaliana.eu\/it\/product\/grillezett-zoldseg\/","og_site_name":"PKSG Italiana Ciuri Ciuri Bistro","article_publisher":"https:\/\/www.facebook.com\/pksgitaliana\/","article_modified_time":"2024-02-07T12:14:03+00:00","og_image":[{"width":1536,"height":2048,"url":"https:\/\/www.pksgitaliana.eu\/wp-content\/uploads\/2024\/02\/grill-pizza.webp","type":"image\/webp"}],"twitter_card":"summary_large_image","twitter_misc":{"Tempo di lettura stimato":"1 minuto"},"schema":{"@context":"https:\/\/schema.org","@graph":[{"@type":"WebPage","@id":"https:\/\/www.pksgitaliana.eu\/product\/grillezett-zoldseg\/","url":"https:\/\/www.pksgitaliana.eu\/product\/grillezett-zoldseg\/","name":"Grillezett Z\u00f6lds\u00e9g - PKSG Italiana Ciuri Ciuri Bistro","isPartOf":{"@id":"https:\/\/www.pksgitaliana.eu\/#website"},"primaryImageOfPage":{"@id":"https:\/\/www.pksgitaliana.eu\/product\/grillezett-zoldseg\/#primaryimage"},"image":{"@id":"https:\/\/www.pksgitaliana.eu\/product\/grillezett-zoldseg\/#primaryimage"},"thumbnailUrl":"https:\/\/www.pksgitaliana.eu\/wp-content\/uploads\/2024\/02\/grill-pizza.webp","datePublished":"2023-10-27T10:52:42+00:00","dateModified":"2024-02-07T12:14:03+00:00","description":"Fedezd fel a frissess\u00e9g \u00e9s \u00edz kavalk\u00e1dj\u00e1t a Grillezett Z\u00f6lds\u00e9g Pizz\u00e1val! \u00c9lvezd a ropog\u00f3s t\u00e9szta \u00e9s a grillezett z\u00f6lds\u00e9gek harmonikus egyes\u00fcl\u00e9s\u00e9t","breadcrumb":{"@id":"https:\/\/www.pksgitaliana.eu\/product\/grillezett-zoldseg\/#breadcrumb"},"inLanguage":"it-IT","potentialAction":[{"@type":"ReadAction","target":["https:\/\/www.pksgitaliana.eu\/product\/grillezett-zoldseg\/"]}]},{"@type":"ImageObject","inLanguage":"it-IT","@id":"https:\/\/www.pksgitaliana.eu\/product\/grillezett-zoldseg\/#primaryimage","url":"https:\/\/www.pksgitaliana.eu\/wp-content\/uploads\/2024\/02\/grill-pizza.webp","contentUrl":"https:\/\/www.pksgitaliana.eu\/wp-content\/uploads\/2024\/02\/grill-pizza.webp","width":1536,"height":2048},{"@type":"BreadcrumbList","@id":"https:\/\/www.pksgitaliana.eu\/product\/grillezett-zoldseg\/#breadcrumb","itemListElement":[{"@type":"ListItem","position":1,"name":"Home","item":"https:\/\/www.pksgitaliana.eu\/"},{"@type":"ListItem","position":2,"name":"Rendel\u00e9s","item":"https:\/\/www.pksgitaliana.eu\/rendeles\/"},{"@type":"ListItem","position":3,"name":"Grillezett Z\u00f6lds\u00e9g"}]},{"@type":"WebSite","@id":"https:\/\/www.pksgitaliana.eu\/#website","url":"https:\/\/www.pksgitaliana.eu\/","name":"PKSG Italiana Ciuri Ciuri Bistro","description":"Szicil\u00edai \u00e9tterem","publisher":{"@id":"https:\/\/www.pksgitaliana.eu\/#organization"},"alternateName":"PKSG Italiana","potentialAction":[{"@type":"SearchAction","target":{"@type":"EntryPoint","urlTemplate":"https:\/\/www.pksgitaliana.eu\/?s={search_term_string}"},"query-input":"required name=search_term_string"}],"inLanguage":"it-IT"},{"@type":"Organization","@id":"https:\/\/www.pksgitaliana.eu\/#organization","name":"PKSG Italiana Ciuri Ciuri Bistro","alternateName":"PKSG Italiana","url":"https:\/\/www.pksgitaliana.eu\/","logo":{"@type":"ImageObject","inLanguage":"it-IT","@id":"https:\/\/www.pksgitaliana.eu\/#\/schema\/logo\/image\/","url":"https:\/\/www.pksgitaliana.eu\/wp-content\/uploads\/2024\/02\/cropped-sajat-logo-1.webp","contentUrl":"https:\/\/www.pksgitaliana.eu\/wp-content\/uploads\/2024\/02\/cropped-sajat-logo-1.webp","width":886,"height":296,"caption":"PKSG Italiana Ciuri Ciuri Bistro"},"image":{"@id":"https:\/\/www.pksgitaliana.eu\/#\/schema\/logo\/image\/"},"sameAs":["https:\/\/www.facebook.com\/pksgitaliana\/"]}]}},"_links":{"self":[{"href":"https:\/\/www.pksgitaliana.eu\/it\/wp-json\/wp\/v2\/product\/6137","targetHints":{"allow":["GET"]}}],"collection":[{"href":"https:\/\/www.pksgitaliana.eu\/it\/wp-json\/wp\/v2\/product"}],"about":[{"href":"https:\/\/www.pksgitaliana.eu\/it\/wp-json\/wp\/v2\/types\/product"}],"wp:featuredmedia":[{"embeddable":true,"href":"https:\/\/www.pksgitaliana.eu\/it\/wp-json\/wp\/v2\/media\/7048"}],"wp:attachment":[{"href":"https:\/\/www.pksgitaliana.eu\/it\/wp-json\/wp\/v2\/media?parent=6137"}],"wp:term":[{"taxonomy":"product_cat","embeddable":true,"href":"https:\/\/www.pksgitaliana.eu\/it\/wp-json\/wp\/v2\/product_cat?post=6137"},{"taxonomy":"product_tag","embeddable":true,"href":"https:\/\/www.pksgitaliana.eu\/it\/wp-json\/wp\/v2\/product_tag?post=6137"}],"curies":[{"name":"wp","href":"https:\/\/api.w.org\/{rel}","templated":true}]}}