{"id":6585,"date":"2023-12-06T10:45:22","date_gmt":"2023-12-06T10:45:22","guid":{"rendered":"https:\/\/www.pksgitaliana.eu\/?page_id=6585"},"modified":"2023-12-06T10:47:22","modified_gmt":"2023-12-06T10:47:22","slug":"suti-tajekoztato","status":"publish","type":"page","link":"https:\/\/www.pksgitaliana.eu\/it\/suti-tajekoztato\/","title":{"rendered":"S\u00fctik (Cookies) T\u00e1j\u00e9koztat\u00f3"},"content":{"rendered":"<div data-elementor-type=\"wp-page\" data-elementor-id=\"6585\" class=\"elementor elementor-6585\" data-elementor-post-type=\"page\">\n\t\t\t\t<div class=\"elementor-element elementor-element-a7441c3 e-flex e-con-boxed e-con e-parent\" data-id=\"a7441c3\" data-element_type=\"container\">\n\t\t\t\t\t<div class=\"e-con-inner\">\n\t\t\t\t<div class=\"elementor-element elementor-element-ededcbe elementor-widget elementor-widget-heading\" data-id=\"ededcbe\" data-element_type=\"widget\" data-widget_type=\"heading.default\">\n\t\t\t\t<div class=\"elementor-widget-container\">\n\t\t\t<style>\/*! elementor - v3.23.0 - 05-08-2024 *\/\n.elementor-heading-title{padding:0;margin:0;line-height:1}.elementor-widget-heading .elementor-heading-title[class*=elementor-size-]>a{color:inherit;font-size:inherit;line-height:inherit}.elementor-widget-heading .elementor-heading-title.elementor-size-small{font-size:15px}.elementor-widget-heading .elementor-heading-title.elementor-size-medium{font-size:19px}.elementor-widget-heading .elementor-heading-title.elementor-size-large{font-size:29px}.elementor-widget-heading .elementor-heading-title.elementor-size-xl{font-size:39px}.elementor-widget-heading .elementor-heading-title.elementor-size-xxl{font-size:59px}<\/style><h2 class=\"elementor-heading-title elementor-size-default\">Informazioni sui cookie<\/h2>\t\t<\/div>\n\t\t\t\t<\/div>\n\t\t\t\t\t<\/div>\n\t\t\t\t<\/div>\n\t\t<div class=\"elementor-element elementor-element-1f597df e-flex e-con-boxed e-con e-parent\" data-id=\"1f597df\" data-element_type=\"container\">\n\t\t\t\t\t<div class=\"e-con-inner\">\n\t\t\t\t<div class=\"elementor-element elementor-element-bf6544f elementor-widget elementor-widget-text-editor\" data-id=\"bf6544f\" data-element_type=\"widget\" data-widget_type=\"text-editor.default\">\n\t\t\t\t<div class=\"elementor-widget-container\">\n\t\t\t<style>\/*! elementor - v3.23.0 - 05-08-2024 *\/\n.elementor-widget-text-editor.elementor-drop-cap-view-stacked .elementor-drop-cap{background-color:#69727d;color:#fff}.elementor-widget-text-editor.elementor-drop-cap-view-framed .elementor-drop-cap{color:#69727d;border:3px solid;background-color:transparent}.elementor-widget-text-editor:not(.elementor-drop-cap-view-default) .elementor-drop-cap{margin-top:8px}.elementor-widget-text-editor:not(.elementor-drop-cap-view-default) .elementor-drop-cap-letter{width:1em;height:1em}.elementor-widget-text-editor .elementor-drop-cap{float:left;text-align:center;line-height:1;font-size:50px}.elementor-widget-text-editor .elementor-drop-cap-letter{display:inline-block}<\/style>\t\t\t\t<p>S\u00ec, certo! Di seguito \u00e8 riportato un esempio di Informativa sull'utilizzo dei cookie per un sito web di un ristorante:<\/p><hr \/><p><strong>Istruzioni per l'uso dei cookie<\/strong><\/p><p><strong>1. Introduzione:<\/strong><\/p><p>1.1 Il sito web di XYZ Restaurant utilizza cookie e tecnologie di tracciamento simili per personalizzare la vostra esperienza online, migliorare le prestazioni del sito web e capire come i visitatori utilizzano il sito web.<\/p><p>1.2 Il presente documento ha lo scopo di informare l'utente sull'uso dei cookie e su come gestirli.<\/p><p><strong>2. Che cos'\u00e8 un biscotto?<\/strong><\/p><p>2.1 I cookie sono piccoli file di testo che il sito web memorizza nel browser dell'utente. Essi aiutano il sito web a ricordare le preferenze e le attivit\u00e0 dell'utente.<\/p><p><strong>3. Perch\u00e9 utilizziamo i cookie?<\/strong><\/p><p>3.1 Il sito web del ristorante utilizza i cookie per le seguenti finalit\u00e0:<\/p><ul><li>Fornire funzionalit\u00e0 al sito, come ad esempio ricordare i dati di accesso.<\/li><li>Migliorare le prestazioni del sito e ottimizzare l'esperienza dei visitatori.<\/li><li>Personalizzazione e targeting della pubblicit\u00e0.<\/li><\/ul><p><strong>4. Quali tipi di cookie utilizziamo?<\/strong><\/p><p>4.1 Utilizziamo i seguenti tipi di cookie:<\/p><ul><li><strong>Cookie necessari:<\/strong> Sono necessari per la funzionalit\u00e0 di base del sito.<\/li><li><strong>Cookie di prestazione:<\/strong> Vi aiutano a misurare e migliorare le prestazioni del vostro sito.<\/li><li><strong>Cookie pubblicitari:<\/strong> Aiutano a visualizzare pubblicit\u00e0 personalizzate.<\/li><\/ul><p><strong>5. Gestire e disabilitare i cookie:<\/strong><\/p><p>5.1 L'utente pu\u00f2 impostare il proprio browser in modo da rifiutare i cookie o da essere avvisato quando un cookie sta per essere inviato in qualsiasi momento. Tuttavia, ci\u00f2 potrebbe influire su alcune funzionalit\u00e0 del Sito.<\/p><p><strong>6. Cookie di terze parti:<\/strong><\/p><p>6.1 In alcuni casi, anche terze parti possono inserire cookie sul nostro sito, ad esempio per personalizzare gli annunci pubblicitari visualizzati sul sito.<\/p><p><strong>7. Aggiornamenti del prospetto informativo:<\/strong><\/p><p>7.1 Ci riserviamo il diritto di aggiornare periodicamente la presente Guida all'uso dei cookie. Vi comunicheremo le nuove versioni.<\/p><p><strong>8. Contatto:<\/strong><\/p><p>8.1 In caso di domande sull'utilizzo dei cookie da parte nostra, vi preghiamo di contattarci utilizzando i dettagli di contatto riportati di seguito.<\/p><p><strong>Contatto:<\/strong> <br \/>PKSG Italiana KFT.<br \/>Indirizzo: 1028 Budapest M\u00e1riaremetei \u00fat 116<br \/>E-mail: pksgitaliana@gmail.com<br \/>Telefono: +36 30 559 0877<\/p><p>Ultimo aggiornamento: 6 dicembre 2023.<\/p>\t\t\t\t\t\t<\/div>\n\t\t\t\t<\/div>\n\t\t\t\t\t<\/div>\n\t\t\t\t<\/div>\n\t\t\t\t<\/div>","protected":false},"excerpt":{"rendered":"<p>S\u00fcti ( cookie) T\u00e1j\u00e9koztat\u00f3 Igen, term\u00e9szetesen! Az al\u00e1bbiakban egy p\u00e9lda a S\u00fcti (Cookie) Haszn\u00e1lati T\u00e1j\u00e9koztat\u00f3ra egy \u00e9tterem weboldal\u00e1hoz: S\u00fctik (Cookies) Haszn\u00e1lati T\u00e1j\u00e9koztat\u00f3 1. Bevezet\u00e9s: 1.1. Az XYZ \u00c9tterem weboldala cookie-kat \u00e9s hasonl\u00f3 k\u00f6vet\u00e9si technol\u00f3gi\u00e1kat haszn\u00e1l, hogy szem\u00e9lyre szabja az \u00d6n online \u00e9lm\u00e9ny\u00e9t, jav\u00edtsa a webhely teljes\u00edtm\u00e9ny\u00e9t \u00e9s meg\u00e9rtse, hogyan haszn\u00e1lj\u00e1k a l\u00e1togat\u00f3k a weboldalt. 1.2. [&hellip;]<\/p>","protected":false},"author":1,"featured_media":0,"parent":0,"menu_order":0,"comment_status":"closed","ping_status":"closed","template":"","meta":{"site-sidebar-layout":"no-sidebar","site-content-layout":"page-builder","ast-site-content-layout":"full-width-container","site-content-style":"default","site-sidebar-style":"default","ast-global-header-display":"","ast-banner-title-visibility":"","ast-main-header-display":"","ast-hfb-above-header-display":"","ast-hfb-below-header-display":"","ast-hfb-mobile-header-display":"","site-post-title":"disabled","ast-breadcrumbs-content":"","ast-featured-img":"disabled","footer-sml-layout":"","theme-transparent-header-meta":"","adv-header-id-meta":"","stick-header-meta":"","header-above-stick-meta":"","header-main-stick-meta":"","header-below-stick-meta":"","astra-migrate-meta-layouts":"set","ast-page-background-enabled":"default","ast-page-background-meta":{"desktop":{"background-color":"","background-image":"","background-repeat":"repeat","background-position":"center center","background-size":"auto","background-attachment":"scroll","background-type":"","background-media":"","overlay-type":"","overlay-color":"","overlay-gradient":""},"tablet":{"background-color":"","background-image":"","background-repeat":"repeat","background-position":"center center","background-size":"auto","background-attachment":"scroll","background-type":"","background-media":"","overlay-type":"","overlay-color":"","overlay-gradient":""},"mobile":{"background-color":"","background-image":"","background-repeat":"repeat","background-position":"center center","background-size":"auto","background-attachment":"scroll","background-type":"","background-media":"","overlay-type":"","overlay-color":"","overlay-gradient":""}},"ast-content-background-meta":{"desktop":{"background-color":"var(--ast-global-color-5)","background-image":"","background-repeat":"repeat","background-position":"center center","background-size":"auto","background-attachment":"scroll","background-type":"","background-media":"","overlay-type":"","overlay-color":"","overlay-gradient":""},"tablet":{"background-color":"var(--ast-global-color-5)","background-image":"","background-repeat":"repeat","background-position":"center center","background-size":"auto","background-attachment":"scroll","background-type":"","background-media":"","overlay-type":"","overlay-color":"","overlay-gradient":""},"mobile":{"background-color":"var(--ast-global-color-5)","background-image":"","background-repeat":"repeat","background-position":"center center","background-size":"auto","background-attachment":"scroll","background-type":"","background-media":"","overlay-type":"","overlay-color":"","overlay-gradient":""}},"footnotes":""},"class_list":["post-6585","page","type-page","status-publish","hentry"],"yoast_head":"<!-- This site is optimized with the Yoast SEO plugin v23.2 - https:\/\/yoast.com\/wordpress\/plugins\/seo\/ -->\n<title>S\u00fctik (Cookies) T\u00e1j\u00e9koztat\u00f3 - PKSG Italiana Ciuri Ciuri Bistro<\/title>\n<meta name=\"description\" content=\"A PKSG Italiana Ciuri Ciuri Bistro S\u00fcti t\u00e1j\u00e9koztat\u00f3ja! Rendeljen t\u0151l\u00fcnk h\u00e1zhoz vagy elvitelre \u00e9s \u00e9lvezze a rugalmas fizet\u00e9si lehet\u0151s\u00e9geket.\" \/>\n<meta name=\"robots\" content=\"index, follow, max-snippet:-1, max-image-preview:large, max-video-preview:-1\" \/>\n<link rel=\"canonical\" href=\"https:\/\/www.pksgitaliana.eu\/it\/suti-tajekoztato\/\" \/>\n<meta property=\"og:locale\" content=\"it_IT\" \/>\n<meta property=\"og:type\" content=\"article\" \/>\n<meta property=\"og:title\" content=\"S\u00fctik (Cookies) T\u00e1j\u00e9koztat\u00f3 - PKSG Italiana Ciuri Ciuri Bistro\" \/>\n<meta property=\"og:description\" content=\"A PKSG Italiana Ciuri Ciuri Bistro S\u00fcti t\u00e1j\u00e9koztat\u00f3ja! Rendeljen t\u0151l\u00fcnk h\u00e1zhoz vagy elvitelre \u00e9s \u00e9lvezze a rugalmas fizet\u00e9si lehet\u0151s\u00e9geket.\" \/>\n<meta property=\"og:url\" content=\"https:\/\/www.pksgitaliana.eu\/it\/suti-tajekoztato\/\" \/>\n<meta property=\"og:site_name\" content=\"PKSG Italiana Ciuri Ciuri Bistro\" \/>\n<meta property=\"article:publisher\" content=\"https:\/\/www.facebook.com\/pksgitaliana\/\" \/>\n<meta property=\"article:modified_time\" content=\"2023-12-06T10:47:22+00:00\" \/>\n<meta name=\"twitter:card\" content=\"summary_large_image\" \/>\n<script type=\"application\/ld+json\" class=\"yoast-schema-graph\">{\"@context\":\"https:\/\/schema.org\",\"@graph\":[{\"@type\":\"WebPage\",\"@id\":\"https:\/\/www.pksgitaliana.eu\/suti-tajekoztato\/\",\"url\":\"https:\/\/www.pksgitaliana.eu\/suti-tajekoztato\/\",\"name\":\"S\u00fctik (Cookies) T\u00e1j\u00e9koztat\u00f3 - PKSG Italiana Ciuri Ciuri Bistro\",\"isPartOf\":{\"@id\":\"https:\/\/www.pksgitaliana.eu\/#website\"},\"datePublished\":\"2023-12-06T10:45:22+00:00\",\"dateModified\":\"2023-12-06T10:47:22+00:00\",\"description\":\"A PKSG Italiana Ciuri Ciuri Bistro S\u00fcti t\u00e1j\u00e9koztat\u00f3ja! Rendeljen t\u0151l\u00fcnk h\u00e1zhoz vagy elvitelre \u00e9s \u00e9lvezze a rugalmas fizet\u00e9si lehet\u0151s\u00e9geket.\",\"breadcrumb\":{\"@id\":\"https:\/\/www.pksgitaliana.eu\/suti-tajekoztato\/#breadcrumb\"},\"inLanguage\":\"it-IT\",\"potentialAction\":[{\"@type\":\"ReadAction\",\"target\":[\"https:\/\/www.pksgitaliana.eu\/suti-tajekoztato\/\"]}]},{\"@type\":\"BreadcrumbList\",\"@id\":\"https:\/\/www.pksgitaliana.eu\/suti-tajekoztato\/#breadcrumb\",\"itemListElement\":[{\"@type\":\"ListItem\",\"position\":1,\"name\":\"Home\",\"item\":\"https:\/\/www.pksgitaliana.eu\/\"},{\"@type\":\"ListItem\",\"position\":2,\"name\":\"S\u00fctik (Cookies) T\u00e1j\u00e9koztat\u00f3\"}]},{\"@type\":\"WebSite\",\"@id\":\"https:\/\/www.pksgitaliana.eu\/#website\",\"url\":\"https:\/\/www.pksgitaliana.eu\/\",\"name\":\"PKSG Italiana Ciuri Ciuri Bistro\",\"description\":\"Szicil\u00edai \u00e9tterem\",\"publisher\":{\"@id\":\"https:\/\/www.pksgitaliana.eu\/#organization\"},\"alternateName\":\"PKSG Italiana\",\"potentialAction\":[{\"@type\":\"SearchAction\",\"target\":{\"@type\":\"EntryPoint\",\"urlTemplate\":\"https:\/\/www.pksgitaliana.eu\/?s={search_term_string}\"},\"query-input\":\"required name=search_term_string\"}],\"inLanguage\":\"it-IT\"},{\"@type\":\"Organization\",\"@id\":\"https:\/\/www.pksgitaliana.eu\/#organization\",\"name\":\"PKSG Italiana Ciuri Ciuri Bistro\",\"alternateName\":\"PKSG Italiana\",\"url\":\"https:\/\/www.pksgitaliana.eu\/\",\"logo\":{\"@type\":\"ImageObject\",\"inLanguage\":\"it-IT\",\"@id\":\"https:\/\/www.pksgitaliana.eu\/#\/schema\/logo\/image\/\",\"url\":\"https:\/\/www.pksgitaliana.eu\/wp-content\/uploads\/2024\/02\/cropped-sajat-logo-1.webp\",\"contentUrl\":\"https:\/\/www.pksgitaliana.eu\/wp-content\/uploads\/2024\/02\/cropped-sajat-logo-1.webp\",\"width\":886,\"height\":296,\"caption\":\"PKSG Italiana Ciuri Ciuri Bistro\"},\"image\":{\"@id\":\"https:\/\/www.pksgitaliana.eu\/#\/schema\/logo\/image\/\"},\"sameAs\":[\"https:\/\/www.facebook.com\/pksgitaliana\/\"]}]}<\/script>\n<!-- \/ Yoast SEO plugin. -->","yoast_head_json":{"title":"S\u00fctik (Cookies) T\u00e1j\u00e9koztat\u00f3 - PKSG Italiana Ciuri Ciuri Bistro","description":"A PKSG Italiana Ciuri Ciuri Bistro S\u00fcti t\u00e1j\u00e9koztat\u00f3ja! Rendeljen t\u0151l\u00fcnk h\u00e1zhoz vagy elvitelre \u00e9s \u00e9lvezze a rugalmas fizet\u00e9si lehet\u0151s\u00e9geket.","robots":{"index":"index","follow":"follow","max-snippet":"max-snippet:-1","max-image-preview":"max-image-preview:large","max-video-preview":"max-video-preview:-1"},"canonical":"https:\/\/www.pksgitaliana.eu\/it\/suti-tajekoztato\/","og_locale":"it_IT","og_type":"article","og_title":"S\u00fctik (Cookies) T\u00e1j\u00e9koztat\u00f3 - PKSG Italiana Ciuri Ciuri Bistro","og_description":"A PKSG Italiana Ciuri Ciuri Bistro S\u00fcti t\u00e1j\u00e9koztat\u00f3ja! Rendeljen t\u0151l\u00fcnk h\u00e1zhoz vagy elvitelre \u00e9s \u00e9lvezze a rugalmas fizet\u00e9si lehet\u0151s\u00e9geket.","og_url":"https:\/\/www.pksgitaliana.eu\/it\/suti-tajekoztato\/","og_site_name":"PKSG Italiana Ciuri Ciuri Bistro","article_publisher":"https:\/\/www.facebook.com\/pksgitaliana\/","article_modified_time":"2023-12-06T10:47:22+00:00","twitter_card":"summary_large_image","schema":{"@context":"https:\/\/schema.org","@graph":[{"@type":"WebPage","@id":"https:\/\/www.pksgitaliana.eu\/suti-tajekoztato\/","url":"https:\/\/www.pksgitaliana.eu\/suti-tajekoztato\/","name":"S\u00fctik (Cookies) T\u00e1j\u00e9koztat\u00f3 - PKSG Italiana Ciuri Ciuri Bistro","isPartOf":{"@id":"https:\/\/www.pksgitaliana.eu\/#website"},"datePublished":"2023-12-06T10:45:22+00:00","dateModified":"2023-12-06T10:47:22+00:00","description":"A PKSG Italiana Ciuri Ciuri Bistro S\u00fcti t\u00e1j\u00e9koztat\u00f3ja! Rendeljen t\u0151l\u00fcnk h\u00e1zhoz vagy elvitelre \u00e9s \u00e9lvezze a rugalmas fizet\u00e9si lehet\u0151s\u00e9geket.","breadcrumb":{"@id":"https:\/\/www.pksgitaliana.eu\/suti-tajekoztato\/#breadcrumb"},"inLanguage":"it-IT","potentialAction":[{"@type":"ReadAction","target":["https:\/\/www.pksgitaliana.eu\/suti-tajekoztato\/"]}]},{"@type":"BreadcrumbList","@id":"https:\/\/www.pksgitaliana.eu\/suti-tajekoztato\/#breadcrumb","itemListElement":[{"@type":"ListItem","position":1,"name":"Home","item":"https:\/\/www.pksgitaliana.eu\/"},{"@type":"ListItem","position":2,"name":"S\u00fctik (Cookies) T\u00e1j\u00e9koztat\u00f3"}]},{"@type":"WebSite","@id":"https:\/\/www.pksgitaliana.eu\/#website","url":"https:\/\/www.pksgitaliana.eu\/","name":"PKSG Italiana Ciuri Ciuri Bistro","description":"Szicil\u00edai \u00e9tterem","publisher":{"@id":"https:\/\/www.pksgitaliana.eu\/#organization"},"alternateName":"PKSG Italiana","potentialAction":[{"@type":"SearchAction","target":{"@type":"EntryPoint","urlTemplate":"https:\/\/www.pksgitaliana.eu\/?s={search_term_string}"},"query-input":"required name=search_term_string"}],"inLanguage":"it-IT"},{"@type":"Organization","@id":"https:\/\/www.pksgitaliana.eu\/#organization","name":"PKSG Italiana Ciuri Ciuri Bistro","alternateName":"PKSG Italiana","url":"https:\/\/www.pksgitaliana.eu\/","logo":{"@type":"ImageObject","inLanguage":"it-IT","@id":"https:\/\/www.pksgitaliana.eu\/#\/schema\/logo\/image\/","url":"https:\/\/www.pksgitaliana.eu\/wp-content\/uploads\/2024\/02\/cropped-sajat-logo-1.webp","contentUrl":"https:\/\/www.pksgitaliana.eu\/wp-content\/uploads\/2024\/02\/cropped-sajat-logo-1.webp","width":886,"height":296,"caption":"PKSG Italiana Ciuri Ciuri Bistro"},"image":{"@id":"https:\/\/www.pksgitaliana.eu\/#\/schema\/logo\/image\/"},"sameAs":["https:\/\/www.facebook.com\/pksgitaliana\/"]}]}},"_links":{"self":[{"href":"https:\/\/www.pksgitaliana.eu\/it\/wp-json\/wp\/v2\/pages\/6585","targetHints":{"allow":["GET"]}}],"collection":[{"href":"https:\/\/www.pksgitaliana.eu\/it\/wp-json\/wp\/v2\/pages"}],"about":[{"href":"https:\/\/www.pksgitaliana.eu\/it\/wp-json\/wp\/v2\/types\/page"}],"author":[{"embeddable":true,"href":"https:\/\/www.pksgitaliana.eu\/it\/wp-json\/wp\/v2\/users\/1"}],"replies":[{"embeddable":true,"href":"https:\/\/www.pksgitaliana.eu\/it\/wp-json\/wp\/v2\/comments?post=6585"}],"version-history":[{"count":0,"href":"https:\/\/www.pksgitaliana.eu\/it\/wp-json\/wp\/v2\/pages\/6585\/revisions"}],"wp:attachment":[{"href":"https:\/\/www.pksgitaliana.eu\/it\/wp-json\/wp\/v2\/media?parent=6585"}],"curies":[{"name":"wp","href":"https:\/\/api.w.org\/{rel}","templated":true}]}}