{"id":6575,"date":"2023-12-06T10:36:24","date_gmt":"2023-12-06T10:36:24","guid":{"rendered":"https:\/\/www.pksgitaliana.eu\/?page_id=6575"},"modified":"2023-12-06T10:38:32","modified_gmt":"2023-12-06T10:38:32","slug":"altalanos-szerzodesi-feltetelek-aszf","status":"publish","type":"page","link":"https:\/\/www.pksgitaliana.eu\/it\/altalanos-szerzodesi-feltetelek-aszf\/","title":{"rendered":"\u00c1ltal\u00e1nos Szerz\u0151d\u00e9si Felt\u00e9telek (\u00c1SZF):"},"content":{"rendered":"<div data-elementor-type=\"wp-page\" data-elementor-id=\"6575\" class=\"elementor elementor-6575\" data-elementor-post-type=\"page\">\n\t\t\t\t<div class=\"elementor-element elementor-element-309553a e-flex e-con-boxed e-con e-parent\" data-id=\"309553a\" data-element_type=\"container\">\n\t\t\t\t\t<div class=\"e-con-inner\">\n\t\t\t\t<div class=\"elementor-element elementor-element-440ae3c elementor-widget elementor-widget-heading\" data-id=\"440ae3c\" data-element_type=\"widget\" data-widget_type=\"heading.default\">\n\t\t\t\t<div class=\"elementor-widget-container\">\n\t\t\t<style>\/*! elementor - v3.23.0 - 05-08-2024 *\/\n.elementor-heading-title{padding:0;margin:0;line-height:1}.elementor-widget-heading .elementor-heading-title[class*=elementor-size-]>a{color:inherit;font-size:inherit;line-height:inherit}.elementor-widget-heading .elementor-heading-title.elementor-size-small{font-size:15px}.elementor-widget-heading .elementor-heading-title.elementor-size-medium{font-size:19px}.elementor-widget-heading .elementor-heading-title.elementor-size-large{font-size:29px}.elementor-widget-heading .elementor-heading-title.elementor-size-xl{font-size:39px}.elementor-widget-heading .elementor-heading-title.elementor-size-xxl{font-size:59px}<\/style><h2 class=\"elementor-heading-title elementor-size-default\">Termini e condizioni generali (GTC)<\/h2>\t\t<\/div>\n\t\t\t\t<\/div>\n\t\t\t\t\t<\/div>\n\t\t\t\t<\/div>\n\t\t<div class=\"elementor-element elementor-element-6d54116 e-flex e-con-boxed e-con e-parent\" data-id=\"6d54116\" data-element_type=\"container\">\n\t\t\t\t\t<div class=\"e-con-inner\">\n\t\t\t\t<div class=\"elementor-element elementor-element-1071d9c elementor-widget elementor-widget-text-editor\" data-id=\"1071d9c\" data-element_type=\"widget\" data-widget_type=\"text-editor.default\">\n\t\t\t\t<div class=\"elementor-widget-container\">\n\t\t\t<style>\/*! elementor - v3.23.0 - 05-08-2024 *\/\n.elementor-widget-text-editor.elementor-drop-cap-view-stacked .elementor-drop-cap{background-color:#69727d;color:#fff}.elementor-widget-text-editor.elementor-drop-cap-view-framed .elementor-drop-cap{color:#69727d;border:3px solid;background-color:transparent}.elementor-widget-text-editor:not(.elementor-drop-cap-view-default) .elementor-drop-cap{margin-top:8px}.elementor-widget-text-editor:not(.elementor-drop-cap-view-default) .elementor-drop-cap-letter{width:1em;height:1em}.elementor-widget-text-editor .elementor-drop-cap{float:left;text-align:center;line-height:1;font-size:50px}.elementor-widget-text-editor .elementor-drop-cap-letter{display:inline-block}<\/style>\t\t\t\t<p><strong>1. Ordini e consegna:<\/strong><\/p><p>1.1 Le opzioni di consegna e ritiro possono variare a seconda della localit\u00e0 e delle condizioni atmosferiche.<\/p><p><strong>2. Pagamento con carta:<\/strong><\/p><p>2.1 Accettiamo pagamenti con carta e processiamo le transazioni in modo sicuro.<\/p><p>2.2 Assicurarsi che i dati della carta forniti siano corretti e validi. Non siamo responsabili per le transazioni non valide.<\/p><p><strong>3. Annullamento e modifica degli ordini:<\/strong><\/p><p>3.1 Gli ordini possono essere annullati o modificati solo entro un breve periodo di tempo dalla loro esecuzione.<\/p><p>3.2 Non siamo responsabili per gli ordini cancellati o modificati se gi\u00e0 in fase di elaborazione.<\/p><p><strong>4. Prezzi e termini di pagamento:<\/strong><\/p><p>4.1 I prezzi degli alimenti e le spese di consegna saranno determinati in base ai prezzi indicati sul sito web o sull'app.<\/p><p>4.2 Il ristorante si riserva il diritto di modificare i prezzi senza preavviso.<\/p><p>4.3 Ulteriori informazioni sui termini e le modalit\u00e0 di pagamento sono disponibili sul sito web.<\/p><p><strong>5. Reclami e feedback:<\/strong><\/p><p>5.1 In caso di reclami, vi preghiamo di contattarci tramite i dati del nostro servizio clienti.<\/p><p>5.2 Accogliamo con piacere il vostro feedback e lo utilizziamo per migliorare i nostri servizi.<\/p><p><strong>6. Protezione dei dati:<\/strong><\/p><p>6.1 Trattiamo i vostri dati personali in conformit\u00e0 alle leggi vigenti in materia di protezione dei dati. Per ulteriori informazioni, consultare la nostra Informativa sulla privacy.<\/p><p><strong>7. Dichiarazione legale:<\/strong><\/p><p>7.1 Il ristorante si riserva tutti i diritti sulle informazioni presenti sul sito web e sull'app, compresi i menu, le foto e gli altri contenuti.<\/p><p>7.2 Il ristorante non \u00e8 responsabile di eventuali imprecisioni o omissioni nel sito web o nell'applicazione.<\/p><p><strong>8. Risoluzione delle controversie:<\/strong><\/p><p>8.1 Al fine di risolvere eventuali controversie, entrambe le parti concordano di negoziare e cercare una soluzione in via prioritaria.<\/p><p>8.2 Se la controversia persiste, sar\u00e0 risolta in conformit\u00e0 alla legge locale.<\/p>\t\t\t\t\t\t<\/div>\n\t\t\t\t<\/div>\n\t\t\t\t\t<\/div>\n\t\t\t\t<\/div>\n\t\t\t\t<\/div>","protected":false},"excerpt":{"rendered":"<p>\u00c1ltal\u00e1nos Szerz\u0151d\u00e9si Felt\u00e9telek (\u00c1SZF) 1. Rendel\u00e9sek \u00e9s Sz\u00e1ll\u00edt\u00e1s: 1.1. A h\u00e1zhozsz\u00e1ll\u00edt\u00e1s \u00e9s az elvitel lehet\u0151s\u00e9gei v\u00e1ltozhatnak a helysz\u00ednt\u0151l \u00e9s az id\u0151j\u00e1r\u00e1si k\u00f6r\u00fclm\u00e9nyekt\u0151l f\u00fcgg\u0151en. 2. K\u00e1rty\u00e1s Fizet\u00e9s: 2.1. Elfogadjuk a k\u00e1rty\u00e1s fizet\u00e9seket, \u00e9s a tranzakci\u00f3kat biztons\u00e1gos m\u00f3don dolgozzuk fel. 2.2. K\u00e9rj\u00fck, gy\u0151z\u0151dj\u00f6n meg r\u00f3la, hogy a megadott k\u00e1rtyaadatok helyesek \u00e9s \u00e9rv\u00e9nyesek. Az \u00e9rv\u00e9nytelen tranzakci\u00f3k\u00e9rt nem v\u00e1llalunk [&hellip;]<\/p>","protected":false},"author":1,"featured_media":0,"parent":0,"menu_order":0,"comment_status":"closed","ping_status":"closed","template":"","meta":{"site-sidebar-layout":"no-sidebar","site-content-layout":"page-builder","ast-site-content-layout":"full-width-container","site-content-style":"default","site-sidebar-style":"default","ast-global-header-display":"","ast-banner-title-visibility":"","ast-main-header-display":"","ast-hfb-above-header-display":"","ast-hfb-below-header-display":"","ast-hfb-mobile-header-display":"","site-post-title":"disabled","ast-breadcrumbs-content":"","ast-featured-img":"disabled","footer-sml-layout":"","theme-transparent-header-meta":"","adv-header-id-meta":"","stick-header-meta":"","header-above-stick-meta":"","header-main-stick-meta":"","header-below-stick-meta":"","astra-migrate-meta-layouts":"set","ast-page-background-enabled":"default","ast-page-background-meta":{"desktop":{"background-color":"","background-image":"","background-repeat":"repeat","background-position":"center center","background-size":"auto","background-attachment":"scroll","background-type":"","background-media":"","overlay-type":"","overlay-color":"","overlay-gradient":""},"tablet":{"background-color":"","background-image":"","background-repeat":"repeat","background-position":"center center","background-size":"auto","background-attachment":"scroll","background-type":"","background-media":"","overlay-type":"","overlay-color":"","overlay-gradient":""},"mobile":{"background-color":"","background-image":"","background-repeat":"repeat","background-position":"center center","background-size":"auto","background-attachment":"scroll","background-type":"","background-media":"","overlay-type":"","overlay-color":"","overlay-gradient":""}},"ast-content-background-meta":{"desktop":{"background-color":"var(--ast-global-color-5)","background-image":"","background-repeat":"repeat","background-position":"center center","background-size":"auto","background-attachment":"scroll","background-type":"","background-media":"","overlay-type":"","overlay-color":"","overlay-gradient":""},"tablet":{"background-color":"var(--ast-global-color-5)","background-image":"","background-repeat":"repeat","background-position":"center center","background-size":"auto","background-attachment":"scroll","background-type":"","background-media":"","overlay-type":"","overlay-color":"","overlay-gradient":""},"mobile":{"background-color":"var(--ast-global-color-5)","background-image":"","background-repeat":"repeat","background-position":"center center","background-size":"auto","background-attachment":"scroll","background-type":"","background-media":"","overlay-type":"","overlay-color":"","overlay-gradient":""}},"footnotes":""},"class_list":["post-6575","page","type-page","status-publish","hentry"],"yoast_head":"<!-- This site is optimized with the Yoast SEO plugin v23.2 - https:\/\/yoast.com\/wordpress\/plugins\/seo\/ -->\n<title>\u00c1ltal\u00e1nos Szerz\u0151d\u00e9si Felt\u00e9telek (\u00c1SZF): - PKSG Italiana Ciuri Ciuri Bistro<\/title>\n<meta name=\"description\" content=\"A PKSG ITALIANA CIURI CIURI BISTRO \u00e1ltal\u00e1nos szerz\u0151d\u00e9si felt\u00e9telei. Rendeljenek t\u0151l\u00fcnk elvitelre vagy h\u00e1zhoz ak\u00e1r bankk\u00e1rty\u00e1s fizet\u00e9ssel.\" \/>\n<meta name=\"robots\" content=\"index, follow, max-snippet:-1, max-image-preview:large, max-video-preview:-1\" \/>\n<link rel=\"canonical\" href=\"https:\/\/www.pksgitaliana.eu\/it\/altalanos-szerzodesi-feltetelek-aszf\/\" \/>\n<meta property=\"og:locale\" content=\"it_IT\" \/>\n<meta property=\"og:type\" content=\"article\" \/>\n<meta property=\"og:title\" content=\"\u00c1ltal\u00e1nos Szerz\u0151d\u00e9si Felt\u00e9telek (\u00c1SZF): - PKSG Italiana Ciuri Ciuri Bistro\" \/>\n<meta property=\"og:description\" content=\"A PKSG ITALIANA CIURI CIURI BISTRO \u00e1ltal\u00e1nos szerz\u0151d\u00e9si felt\u00e9telei. Rendeljenek t\u0151l\u00fcnk elvitelre vagy h\u00e1zhoz ak\u00e1r bankk\u00e1rty\u00e1s fizet\u00e9ssel.\" \/>\n<meta property=\"og:url\" content=\"https:\/\/www.pksgitaliana.eu\/it\/altalanos-szerzodesi-feltetelek-aszf\/\" \/>\n<meta property=\"og:site_name\" content=\"PKSG Italiana Ciuri Ciuri Bistro\" \/>\n<meta property=\"article:publisher\" content=\"https:\/\/www.facebook.com\/pksgitaliana\/\" \/>\n<meta property=\"article:modified_time\" content=\"2023-12-06T10:38:32+00:00\" \/>\n<meta name=\"twitter:card\" content=\"summary_large_image\" \/>\n<script type=\"application\/ld+json\" class=\"yoast-schema-graph\">{\"@context\":\"https:\/\/schema.org\",\"@graph\":[{\"@type\":\"WebPage\",\"@id\":\"https:\/\/www.pksgitaliana.eu\/altalanos-szerzodesi-feltetelek-aszf\/\",\"url\":\"https:\/\/www.pksgitaliana.eu\/altalanos-szerzodesi-feltetelek-aszf\/\",\"name\":\"\u00c1ltal\u00e1nos Szerz\u0151d\u00e9si Felt\u00e9telek (\u00c1SZF): - PKSG Italiana Ciuri Ciuri Bistro\",\"isPartOf\":{\"@id\":\"https:\/\/www.pksgitaliana.eu\/#website\"},\"datePublished\":\"2023-12-06T10:36:24+00:00\",\"dateModified\":\"2023-12-06T10:38:32+00:00\",\"description\":\"A PKSG ITALIANA CIURI CIURI BISTRO \u00e1ltal\u00e1nos szerz\u0151d\u00e9si felt\u00e9telei. Rendeljenek t\u0151l\u00fcnk elvitelre vagy h\u00e1zhoz ak\u00e1r bankk\u00e1rty\u00e1s fizet\u00e9ssel.\",\"breadcrumb\":{\"@id\":\"https:\/\/www.pksgitaliana.eu\/altalanos-szerzodesi-feltetelek-aszf\/#breadcrumb\"},\"inLanguage\":\"it-IT\",\"potentialAction\":[{\"@type\":\"ReadAction\",\"target\":[\"https:\/\/www.pksgitaliana.eu\/altalanos-szerzodesi-feltetelek-aszf\/\"]}]},{\"@type\":\"BreadcrumbList\",\"@id\":\"https:\/\/www.pksgitaliana.eu\/altalanos-szerzodesi-feltetelek-aszf\/#breadcrumb\",\"itemListElement\":[{\"@type\":\"ListItem\",\"position\":1,\"name\":\"Home\",\"item\":\"https:\/\/www.pksgitaliana.eu\/\"},{\"@type\":\"ListItem\",\"position\":2,\"name\":\"\u00c1ltal\u00e1nos Szerz\u0151d\u00e9si Felt\u00e9telek (\u00c1SZF):\"}]},{\"@type\":\"WebSite\",\"@id\":\"https:\/\/www.pksgitaliana.eu\/#website\",\"url\":\"https:\/\/www.pksgitaliana.eu\/\",\"name\":\"PKSG Italiana Ciuri Ciuri Bistro\",\"description\":\"Szicil\u00edai \u00e9tterem\",\"publisher\":{\"@id\":\"https:\/\/www.pksgitaliana.eu\/#organization\"},\"alternateName\":\"PKSG Italiana\",\"potentialAction\":[{\"@type\":\"SearchAction\",\"target\":{\"@type\":\"EntryPoint\",\"urlTemplate\":\"https:\/\/www.pksgitaliana.eu\/?s={search_term_string}\"},\"query-input\":\"required name=search_term_string\"}],\"inLanguage\":\"it-IT\"},{\"@type\":\"Organization\",\"@id\":\"https:\/\/www.pksgitaliana.eu\/#organization\",\"name\":\"PKSG Italiana Ciuri Ciuri Bistro\",\"alternateName\":\"PKSG Italiana\",\"url\":\"https:\/\/www.pksgitaliana.eu\/\",\"logo\":{\"@type\":\"ImageObject\",\"inLanguage\":\"it-IT\",\"@id\":\"https:\/\/www.pksgitaliana.eu\/#\/schema\/logo\/image\/\",\"url\":\"https:\/\/www.pksgitaliana.eu\/wp-content\/uploads\/2024\/02\/cropped-sajat-logo-1.webp\",\"contentUrl\":\"https:\/\/www.pksgitaliana.eu\/wp-content\/uploads\/2024\/02\/cropped-sajat-logo-1.webp\",\"width\":886,\"height\":296,\"caption\":\"PKSG Italiana Ciuri Ciuri Bistro\"},\"image\":{\"@id\":\"https:\/\/www.pksgitaliana.eu\/#\/schema\/logo\/image\/\"},\"sameAs\":[\"https:\/\/www.facebook.com\/pksgitaliana\/\"]}]}<\/script>\n<!-- \/ Yoast SEO plugin. -->","yoast_head_json":{"title":"\u00c1ltal\u00e1nos Szerz\u0151d\u00e9si Felt\u00e9telek (\u00c1SZF): - PKSG Italiana Ciuri Ciuri Bistro","description":"A PKSG ITALIANA CIURI CIURI BISTRO \u00e1ltal\u00e1nos szerz\u0151d\u00e9si felt\u00e9telei. Rendeljenek t\u0151l\u00fcnk elvitelre vagy h\u00e1zhoz ak\u00e1r bankk\u00e1rty\u00e1s fizet\u00e9ssel.","robots":{"index":"index","follow":"follow","max-snippet":"max-snippet:-1","max-image-preview":"max-image-preview:large","max-video-preview":"max-video-preview:-1"},"canonical":"https:\/\/www.pksgitaliana.eu\/it\/altalanos-szerzodesi-feltetelek-aszf\/","og_locale":"it_IT","og_type":"article","og_title":"\u00c1ltal\u00e1nos Szerz\u0151d\u00e9si Felt\u00e9telek (\u00c1SZF): - PKSG Italiana Ciuri Ciuri Bistro","og_description":"A PKSG ITALIANA CIURI CIURI BISTRO \u00e1ltal\u00e1nos szerz\u0151d\u00e9si felt\u00e9telei. Rendeljenek t\u0151l\u00fcnk elvitelre vagy h\u00e1zhoz ak\u00e1r bankk\u00e1rty\u00e1s fizet\u00e9ssel.","og_url":"https:\/\/www.pksgitaliana.eu\/it\/altalanos-szerzodesi-feltetelek-aszf\/","og_site_name":"PKSG Italiana Ciuri Ciuri Bistro","article_publisher":"https:\/\/www.facebook.com\/pksgitaliana\/","article_modified_time":"2023-12-06T10:38:32+00:00","twitter_card":"summary_large_image","schema":{"@context":"https:\/\/schema.org","@graph":[{"@type":"WebPage","@id":"https:\/\/www.pksgitaliana.eu\/altalanos-szerzodesi-feltetelek-aszf\/","url":"https:\/\/www.pksgitaliana.eu\/altalanos-szerzodesi-feltetelek-aszf\/","name":"\u00c1ltal\u00e1nos Szerz\u0151d\u00e9si Felt\u00e9telek (\u00c1SZF): - PKSG Italiana Ciuri Ciuri Bistro","isPartOf":{"@id":"https:\/\/www.pksgitaliana.eu\/#website"},"datePublished":"2023-12-06T10:36:24+00:00","dateModified":"2023-12-06T10:38:32+00:00","description":"A PKSG ITALIANA CIURI CIURI BISTRO \u00e1ltal\u00e1nos szerz\u0151d\u00e9si felt\u00e9telei. Rendeljenek t\u0151l\u00fcnk elvitelre vagy h\u00e1zhoz ak\u00e1r bankk\u00e1rty\u00e1s fizet\u00e9ssel.","breadcrumb":{"@id":"https:\/\/www.pksgitaliana.eu\/altalanos-szerzodesi-feltetelek-aszf\/#breadcrumb"},"inLanguage":"it-IT","potentialAction":[{"@type":"ReadAction","target":["https:\/\/www.pksgitaliana.eu\/altalanos-szerzodesi-feltetelek-aszf\/"]}]},{"@type":"BreadcrumbList","@id":"https:\/\/www.pksgitaliana.eu\/altalanos-szerzodesi-feltetelek-aszf\/#breadcrumb","itemListElement":[{"@type":"ListItem","position":1,"name":"Home","item":"https:\/\/www.pksgitaliana.eu\/"},{"@type":"ListItem","position":2,"name":"\u00c1ltal\u00e1nos Szerz\u0151d\u00e9si Felt\u00e9telek (\u00c1SZF):"}]},{"@type":"WebSite","@id":"https:\/\/www.pksgitaliana.eu\/#website","url":"https:\/\/www.pksgitaliana.eu\/","name":"PKSG Italiana Ciuri Ciuri Bistro","description":"Szicil\u00edai \u00e9tterem","publisher":{"@id":"https:\/\/www.pksgitaliana.eu\/#organization"},"alternateName":"PKSG Italiana","potentialAction":[{"@type":"SearchAction","target":{"@type":"EntryPoint","urlTemplate":"https:\/\/www.pksgitaliana.eu\/?s={search_term_string}"},"query-input":"required name=search_term_string"}],"inLanguage":"it-IT"},{"@type":"Organization","@id":"https:\/\/www.pksgitaliana.eu\/#organization","name":"PKSG Italiana Ciuri Ciuri Bistro","alternateName":"PKSG Italiana","url":"https:\/\/www.pksgitaliana.eu\/","logo":{"@type":"ImageObject","inLanguage":"it-IT","@id":"https:\/\/www.pksgitaliana.eu\/#\/schema\/logo\/image\/","url":"https:\/\/www.pksgitaliana.eu\/wp-content\/uploads\/2024\/02\/cropped-sajat-logo-1.webp","contentUrl":"https:\/\/www.pksgitaliana.eu\/wp-content\/uploads\/2024\/02\/cropped-sajat-logo-1.webp","width":886,"height":296,"caption":"PKSG Italiana Ciuri Ciuri Bistro"},"image":{"@id":"https:\/\/www.pksgitaliana.eu\/#\/schema\/logo\/image\/"},"sameAs":["https:\/\/www.facebook.com\/pksgitaliana\/"]}]}},"_links":{"self":[{"href":"https:\/\/www.pksgitaliana.eu\/it\/wp-json\/wp\/v2\/pages\/6575","targetHints":{"allow":["GET"]}}],"collection":[{"href":"https:\/\/www.pksgitaliana.eu\/it\/wp-json\/wp\/v2\/pages"}],"about":[{"href":"https:\/\/www.pksgitaliana.eu\/it\/wp-json\/wp\/v2\/types\/page"}],"author":[{"embeddable":true,"href":"https:\/\/www.pksgitaliana.eu\/it\/wp-json\/wp\/v2\/users\/1"}],"replies":[{"embeddable":true,"href":"https:\/\/www.pksgitaliana.eu\/it\/wp-json\/wp\/v2\/comments?post=6575"}],"version-history":[{"count":0,"href":"https:\/\/www.pksgitaliana.eu\/it\/wp-json\/wp\/v2\/pages\/6575\/revisions"}],"wp:attachment":[{"href":"https:\/\/www.pksgitaliana.eu\/it\/wp-json\/wp\/v2\/media?parent=6575"}],"curies":[{"name":"wp","href":"https:\/\/api.w.org\/{rel}","templated":true}]}}