{"id":6567,"date":"2023-12-06T10:24:56","date_gmt":"2023-12-06T10:24:56","guid":{"rendered":"https:\/\/www.pksgitaliana.eu\/?page_id=6567"},"modified":"2023-12-06T10:30:28","modified_gmt":"2023-12-06T10:30:28","slug":"adatvedelem","status":"publish","type":"page","link":"https:\/\/www.pksgitaliana.eu\/it\/adatvedelem\/","title":{"rendered":"Informativa sulla protezione dei dati"},"content":{"rendered":"<div data-elementor-type=\"wp-page\" data-elementor-id=\"6567\" class=\"elementor elementor-6567\" data-elementor-post-type=\"page\">\n\t\t\t\t<div class=\"elementor-element elementor-element-142100b e-flex e-con-boxed e-con e-parent\" data-id=\"142100b\" data-element_type=\"container\">\n\t\t\t\t\t<div class=\"e-con-inner\">\n\t\t\t\t<div class=\"elementor-element elementor-element-975d8fc elementor-widget elementor-widget-heading\" data-id=\"975d8fc\" data-element_type=\"widget\" data-widget_type=\"heading.default\">\n\t\t\t\t<div class=\"elementor-widget-container\">\n\t\t\t<style>\/*! elementor - v3.23.0 - 05-08-2024 *\/\n.elementor-heading-title{padding:0;margin:0;line-height:1}.elementor-widget-heading .elementor-heading-title[class*=elementor-size-]>a{color:inherit;font-size:inherit;line-height:inherit}.elementor-widget-heading .elementor-heading-title.elementor-size-small{font-size:15px}.elementor-widget-heading .elementor-heading-title.elementor-size-medium{font-size:19px}.elementor-widget-heading .elementor-heading-title.elementor-size-large{font-size:29px}.elementor-widget-heading .elementor-heading-title.elementor-size-xl{font-size:39px}.elementor-widget-heading .elementor-heading-title.elementor-size-xxl{font-size:59px}<\/style><h2 class=\"elementor-heading-title elementor-size-default\">Informativa sulla protezione dei dati<\/h2>\t\t<\/div>\n\t\t\t\t<\/div>\n\t\t\t\t\t<\/div>\n\t\t\t\t<\/div>\n\t\t<div class=\"elementor-element elementor-element-d5622d5 e-flex e-con-boxed e-con e-parent\" data-id=\"d5622d5\" data-element_type=\"container\">\n\t\t\t\t\t<div class=\"e-con-inner\">\n\t\t\t\t<div class=\"elementor-element elementor-element-e39cfbd elementor-widget elementor-widget-text-editor\" data-id=\"e39cfbd\" data-element_type=\"widget\" data-widget_type=\"text-editor.default\">\n\t\t\t\t<div class=\"elementor-widget-container\">\n\t\t\t<style>\/*! elementor - v3.23.0 - 05-08-2024 *\/\n.elementor-widget-text-editor.elementor-drop-cap-view-stacked .elementor-drop-cap{background-color:#69727d;color:#fff}.elementor-widget-text-editor.elementor-drop-cap-view-framed .elementor-drop-cap{color:#69727d;border:3px solid;background-color:transparent}.elementor-widget-text-editor:not(.elementor-drop-cap-view-default) .elementor-drop-cap{margin-top:8px}.elementor-widget-text-editor:not(.elementor-drop-cap-view-default) .elementor-drop-cap-letter{width:1em;height:1em}.elementor-widget-text-editor .elementor-drop-cap{float:left;text-align:center;line-height:1;font-size:50px}.elementor-widget-text-editor .elementor-drop-cap-letter{display:inline-block}<\/style>\t\t\t\t<p><strong>Informazioni sulla protezione dei dati<\/strong><\/p><p>Benvenuti nel sito web del PKSG Italiana Ciuri Ciuri Bistro! Le informazioni che seguono vi aiuteranno a capire come raccogliamo, utilizziamo e proteggiamo i vostri dati personali.<\/p><p><strong>1. Scopo della raccolta dati:<\/strong><\/p><p>Raccogliamo i vostri dati personali solo ai fini dei nostri servizi e attivit\u00e0 di ristorazione. Tali attivit\u00e0 comprendono, a titolo esemplificativo, l'elaborazione degli ordini, la consegna a domicilio, l'elaborazione dei pagamenti con carta, il servizio clienti e l'invio di promozioni.<\/p><p><strong>2. Tipi di dati raccolti:<\/strong><\/p><p>Le informazioni personali raccolte possono includere: nome, indirizzo, indirizzo e-mail, numero di telefono, dettagli della carta e altre informazioni sull'ordine.<\/p><p><strong>3. Privacy e sicurezza:<\/strong><\/p><p>Il ristorante si impegna a conservare e gestire in modo sicuro i vostri dati personali. Adotteremo tutte le misure necessarie contro l'accesso non autorizzato, l'alterazione, la diffusione o altre attivit\u00e0 illecite.<\/p><p><strong>4. Condivisione dei dati:<\/strong><\/p><p>Il ristorante utilizzer\u00e0 le informazioni che vi riguardano solo per le proprie attivit\u00e0 commerciali. I dati saranno condivisi con terze parti solo nella misura necessaria per elaborare l'ordine e fornire i servizi.<\/p><p><strong>5. Pagamento con carta:<\/strong><\/p><p>I pagamenti con carta vengono elaborati in modo sicuro e criptato. Il ristorante non memorizza i dati della carta e li utilizza solo per elaborare la transazione.<\/p><p><strong>6. Cookie e tecnologie di tracciamento:<\/strong><\/p><p>Il nostro sito web pu\u00f2 utilizzare i cookie per migliorare l'esperienza dell'utente e ottimizzare le prestazioni del sito. Per ulteriori informazioni, leggere la nostra politica sui cookie.<\/p><p><strong>7. Diritti e scelte:<\/strong><\/p><p>Avete il diritto di accedere, modificare o cancellare i dati personali memorizzati su di voi. \u00c8 inoltre possibile annullare l'iscrizione alle promozioni in qualsiasi momento.<\/p><p><strong>8. Contatto:<\/strong><\/p><p>In caso di domande sulle nostre pratiche in materia di privacy, si prega di contattarci utilizzando i dettagli di contatto riportati di seguito.<\/p><p><strong>Contatto:<\/strong> <br \/>PKSG Italiana KFT.<br \/>Indirizzo: 1028 Budapest M\u00e1riaremetei \u00fat 116<br \/>E-mail: pksgitaliana@gmail.com<br \/>Telefono: +36 30 559 0877<\/p><p><strong>Aggiornamenti:<\/strong><\/p><p>Il ristorante si riserva il diritto di aggiornare periodicamente la presente informativa sulla privacy. Vi informeremo delle nuove versioni.<\/p><p>Ultimo aggiornamento: 6 dicembre 2023.<\/p>\t\t\t\t\t\t<\/div>\n\t\t\t\t<\/div>\n\t\t\t\t\t<\/div>\n\t\t\t\t<\/div>\n\t\t\t\t<\/div>","protected":false},"excerpt":{"rendered":"<p>Adatv\u00e9delmi T\u00e1j\u00e9koztat\u00f3 Adatv\u00e9delmi t\u00e1j\u00e9koztat\u00f3 \u00dcdv\u00f6z\u00f6lj\u00fck a PKSG Italiana Ciuri Ciuri Bistro weboldal\u00e1n! Az al\u00e1bbiakban megtal\u00e1lhat\u00f3 inform\u00e1ci\u00f3k seg\u00edtenek meg\u00e9rteni, hogyan gy\u0171jtj\u00fck, haszn\u00e1ljuk \u00e9s v\u00e9delmezz\u00fck az \u00d6n szem\u00e9lyes adatait. 1. Adatgy\u0171jt\u00e9s c\u00e9lja: Az \u00d6n szem\u00e9lyes adatait kiz\u00e1r\u00f3lag az \u00e9tterm\u00fcnkkel kapcsolatos szolg\u00e1ltat\u00e1sok \u00e9s tev\u00e9kenys\u00e9gek c\u00e9lj\u00e1b\u00f3l gy\u0171jtj\u00fck. Ezek a tev\u00e9kenys\u00e9gek magukban foglalj\u00e1k, de nem kiz\u00e1r\u00f3lagosan a k\u00f6vetkez\u0151ket: rendel\u00e9sek feldolgoz\u00e1sa, [&hellip;]<\/p>","protected":false},"author":1,"featured_media":0,"parent":0,"menu_order":0,"comment_status":"closed","ping_status":"closed","template":"","meta":{"site-sidebar-layout":"no-sidebar","site-content-layout":"page-builder","ast-site-content-layout":"full-width-container","site-content-style":"default","site-sidebar-style":"default","ast-global-header-display":"","ast-banner-title-visibility":"","ast-main-header-display":"","ast-hfb-above-header-display":"","ast-hfb-below-header-display":"","ast-hfb-mobile-header-display":"","site-post-title":"disabled","ast-breadcrumbs-content":"","ast-featured-img":"disabled","footer-sml-layout":"","theme-transparent-header-meta":"","adv-header-id-meta":"","stick-header-meta":"","header-above-stick-meta":"","header-main-stick-meta":"","header-below-stick-meta":"","astra-migrate-meta-layouts":"set","ast-page-background-enabled":"default","ast-page-background-meta":{"desktop":{"background-color":"","background-image":"","background-repeat":"repeat","background-position":"center center","background-size":"auto","background-attachment":"scroll","background-type":"","background-media":"","overlay-type":"","overlay-color":"","overlay-gradient":""},"tablet":{"background-color":"","background-image":"","background-repeat":"repeat","background-position":"center center","background-size":"auto","background-attachment":"scroll","background-type":"","background-media":"","overlay-type":"","overlay-color":"","overlay-gradient":""},"mobile":{"background-color":"","background-image":"","background-repeat":"repeat","background-position":"center center","background-size":"auto","background-attachment":"scroll","background-type":"","background-media":"","overlay-type":"","overlay-color":"","overlay-gradient":""}},"ast-content-background-meta":{"desktop":{"background-color":"var(--ast-global-color-5)","background-image":"","background-repeat":"repeat","background-position":"center center","background-size":"auto","background-attachment":"scroll","background-type":"","background-media":"","overlay-type":"","overlay-color":"","overlay-gradient":""},"tablet":{"background-color":"var(--ast-global-color-5)","background-image":"","background-repeat":"repeat","background-position":"center center","background-size":"auto","background-attachment":"scroll","background-type":"","background-media":"","overlay-type":"","overlay-color":"","overlay-gradient":""},"mobile":{"background-color":"var(--ast-global-color-5)","background-image":"","background-repeat":"repeat","background-position":"center center","background-size":"auto","background-attachment":"scroll","background-type":"","background-media":"","overlay-type":"","overlay-color":"","overlay-gradient":""}},"footnotes":""},"class_list":["post-6567","page","type-page","status-publish","hentry"],"yoast_head":"<!-- This site is optimized with the Yoast SEO plugin v23.2 - https:\/\/yoast.com\/wordpress\/plugins\/seo\/ -->\n<title>Adatv\u00e9delmi T\u00e1j\u00e9koztat\u00f3 - PKSG Italiana Ciuri Ciuri Bistro<\/title>\n<meta name=\"description\" content=\"A Pksg Italiana Ciuri Ciuri Bistro adatv\u00e9delmi t\u00e1j\u00e9koztat\u00f3ja. Rendeljetek hozz\u00e1nk h\u00e1zhoz vagy elvitelre, k\u00e1rty\u00e1s fizet\u00e9ssel a weben kereszt\u00fcl\" \/>\n<meta name=\"robots\" content=\"index, follow, max-snippet:-1, max-image-preview:large, max-video-preview:-1\" \/>\n<link rel=\"canonical\" href=\"https:\/\/www.pksgitaliana.eu\/it\/adatvedelem\/\" \/>\n<meta property=\"og:locale\" content=\"it_IT\" \/>\n<meta property=\"og:type\" content=\"article\" \/>\n<meta property=\"og:title\" content=\"Adatv\u00e9delmi T\u00e1j\u00e9koztat\u00f3 - PKSG Italiana Ciuri Ciuri Bistro\" \/>\n<meta property=\"og:description\" content=\"A Pksg Italiana Ciuri Ciuri Bistro adatv\u00e9delmi t\u00e1j\u00e9koztat\u00f3ja. Rendeljetek hozz\u00e1nk h\u00e1zhoz vagy elvitelre, k\u00e1rty\u00e1s fizet\u00e9ssel a weben kereszt\u00fcl\" \/>\n<meta property=\"og:url\" content=\"https:\/\/www.pksgitaliana.eu\/it\/adatvedelem\/\" \/>\n<meta property=\"og:site_name\" content=\"PKSG Italiana Ciuri Ciuri Bistro\" \/>\n<meta property=\"article:publisher\" content=\"https:\/\/www.facebook.com\/pksgitaliana\/\" \/>\n<meta property=\"article:modified_time\" content=\"2023-12-06T10:30:28+00:00\" \/>\n<meta name=\"twitter:card\" content=\"summary_large_image\" \/>\n<script type=\"application\/ld+json\" class=\"yoast-schema-graph\">{\"@context\":\"https:\/\/schema.org\",\"@graph\":[{\"@type\":\"WebPage\",\"@id\":\"https:\/\/www.pksgitaliana.eu\/adatvedelem\/\",\"url\":\"https:\/\/www.pksgitaliana.eu\/adatvedelem\/\",\"name\":\"Adatv\u00e9delmi T\u00e1j\u00e9koztat\u00f3 - PKSG Italiana Ciuri Ciuri Bistro\",\"isPartOf\":{\"@id\":\"https:\/\/www.pksgitaliana.eu\/#website\"},\"datePublished\":\"2023-12-06T10:24:56+00:00\",\"dateModified\":\"2023-12-06T10:30:28+00:00\",\"description\":\"A Pksg Italiana Ciuri Ciuri Bistro adatv\u00e9delmi t\u00e1j\u00e9koztat\u00f3ja. Rendeljetek hozz\u00e1nk h\u00e1zhoz vagy elvitelre, k\u00e1rty\u00e1s fizet\u00e9ssel a weben kereszt\u00fcl\",\"breadcrumb\":{\"@id\":\"https:\/\/www.pksgitaliana.eu\/adatvedelem\/#breadcrumb\"},\"inLanguage\":\"it-IT\",\"potentialAction\":[{\"@type\":\"ReadAction\",\"target\":[\"https:\/\/www.pksgitaliana.eu\/adatvedelem\/\"]}]},{\"@type\":\"BreadcrumbList\",\"@id\":\"https:\/\/www.pksgitaliana.eu\/adatvedelem\/#breadcrumb\",\"itemListElement\":[{\"@type\":\"ListItem\",\"position\":1,\"name\":\"Home\",\"item\":\"https:\/\/www.pksgitaliana.eu\/\"},{\"@type\":\"ListItem\",\"position\":2,\"name\":\"Adatv\u00e9delmi T\u00e1j\u00e9koztat\u00f3\"}]},{\"@type\":\"WebSite\",\"@id\":\"https:\/\/www.pksgitaliana.eu\/#website\",\"url\":\"https:\/\/www.pksgitaliana.eu\/\",\"name\":\"PKSG Italiana Ciuri Ciuri Bistro\",\"description\":\"Szicil\u00edai \u00e9tterem\",\"publisher\":{\"@id\":\"https:\/\/www.pksgitaliana.eu\/#organization\"},\"alternateName\":\"PKSG Italiana\",\"potentialAction\":[{\"@type\":\"SearchAction\",\"target\":{\"@type\":\"EntryPoint\",\"urlTemplate\":\"https:\/\/www.pksgitaliana.eu\/?s={search_term_string}\"},\"query-input\":\"required name=search_term_string\"}],\"inLanguage\":\"it-IT\"},{\"@type\":\"Organization\",\"@id\":\"https:\/\/www.pksgitaliana.eu\/#organization\",\"name\":\"PKSG Italiana Ciuri Ciuri Bistro\",\"alternateName\":\"PKSG Italiana\",\"url\":\"https:\/\/www.pksgitaliana.eu\/\",\"logo\":{\"@type\":\"ImageObject\",\"inLanguage\":\"it-IT\",\"@id\":\"https:\/\/www.pksgitaliana.eu\/#\/schema\/logo\/image\/\",\"url\":\"https:\/\/www.pksgitaliana.eu\/wp-content\/uploads\/2024\/02\/cropped-sajat-logo-1.webp\",\"contentUrl\":\"https:\/\/www.pksgitaliana.eu\/wp-content\/uploads\/2024\/02\/cropped-sajat-logo-1.webp\",\"width\":886,\"height\":296,\"caption\":\"PKSG Italiana Ciuri Ciuri Bistro\"},\"image\":{\"@id\":\"https:\/\/www.pksgitaliana.eu\/#\/schema\/logo\/image\/\"},\"sameAs\":[\"https:\/\/www.facebook.com\/pksgitaliana\/\"]}]}<\/script>\n<!-- \/ Yoast SEO plugin. -->","yoast_head_json":{"title":"Adatv\u00e9delmi T\u00e1j\u00e9koztat\u00f3 - PKSG Italiana Ciuri Ciuri Bistro","description":"A Pksg Italiana Ciuri Ciuri Bistro adatv\u00e9delmi t\u00e1j\u00e9koztat\u00f3ja. Rendeljetek hozz\u00e1nk h\u00e1zhoz vagy elvitelre, k\u00e1rty\u00e1s fizet\u00e9ssel a weben kereszt\u00fcl","robots":{"index":"index","follow":"follow","max-snippet":"max-snippet:-1","max-image-preview":"max-image-preview:large","max-video-preview":"max-video-preview:-1"},"canonical":"https:\/\/www.pksgitaliana.eu\/it\/adatvedelem\/","og_locale":"it_IT","og_type":"article","og_title":"Adatv\u00e9delmi T\u00e1j\u00e9koztat\u00f3 - PKSG Italiana Ciuri Ciuri Bistro","og_description":"A Pksg Italiana Ciuri Ciuri Bistro adatv\u00e9delmi t\u00e1j\u00e9koztat\u00f3ja. Rendeljetek hozz\u00e1nk h\u00e1zhoz vagy elvitelre, k\u00e1rty\u00e1s fizet\u00e9ssel a weben kereszt\u00fcl","og_url":"https:\/\/www.pksgitaliana.eu\/it\/adatvedelem\/","og_site_name":"PKSG Italiana Ciuri Ciuri Bistro","article_publisher":"https:\/\/www.facebook.com\/pksgitaliana\/","article_modified_time":"2023-12-06T10:30:28+00:00","twitter_card":"summary_large_image","schema":{"@context":"https:\/\/schema.org","@graph":[{"@type":"WebPage","@id":"https:\/\/www.pksgitaliana.eu\/adatvedelem\/","url":"https:\/\/www.pksgitaliana.eu\/adatvedelem\/","name":"Adatv\u00e9delmi T\u00e1j\u00e9koztat\u00f3 - PKSG Italiana Ciuri Ciuri Bistro","isPartOf":{"@id":"https:\/\/www.pksgitaliana.eu\/#website"},"datePublished":"2023-12-06T10:24:56+00:00","dateModified":"2023-12-06T10:30:28+00:00","description":"A Pksg Italiana Ciuri Ciuri Bistro adatv\u00e9delmi t\u00e1j\u00e9koztat\u00f3ja. Rendeljetek hozz\u00e1nk h\u00e1zhoz vagy elvitelre, k\u00e1rty\u00e1s fizet\u00e9ssel a weben kereszt\u00fcl","breadcrumb":{"@id":"https:\/\/www.pksgitaliana.eu\/adatvedelem\/#breadcrumb"},"inLanguage":"it-IT","potentialAction":[{"@type":"ReadAction","target":["https:\/\/www.pksgitaliana.eu\/adatvedelem\/"]}]},{"@type":"BreadcrumbList","@id":"https:\/\/www.pksgitaliana.eu\/adatvedelem\/#breadcrumb","itemListElement":[{"@type":"ListItem","position":1,"name":"Home","item":"https:\/\/www.pksgitaliana.eu\/"},{"@type":"ListItem","position":2,"name":"Adatv\u00e9delmi T\u00e1j\u00e9koztat\u00f3"}]},{"@type":"WebSite","@id":"https:\/\/www.pksgitaliana.eu\/#website","url":"https:\/\/www.pksgitaliana.eu\/","name":"PKSG Italiana Ciuri Ciuri Bistro","description":"Szicil\u00edai \u00e9tterem","publisher":{"@id":"https:\/\/www.pksgitaliana.eu\/#organization"},"alternateName":"PKSG Italiana","potentialAction":[{"@type":"SearchAction","target":{"@type":"EntryPoint","urlTemplate":"https:\/\/www.pksgitaliana.eu\/?s={search_term_string}"},"query-input":"required name=search_term_string"}],"inLanguage":"it-IT"},{"@type":"Organization","@id":"https:\/\/www.pksgitaliana.eu\/#organization","name":"PKSG Italiana Ciuri Ciuri Bistro","alternateName":"PKSG Italiana","url":"https:\/\/www.pksgitaliana.eu\/","logo":{"@type":"ImageObject","inLanguage":"it-IT","@id":"https:\/\/www.pksgitaliana.eu\/#\/schema\/logo\/image\/","url":"https:\/\/www.pksgitaliana.eu\/wp-content\/uploads\/2024\/02\/cropped-sajat-logo-1.webp","contentUrl":"https:\/\/www.pksgitaliana.eu\/wp-content\/uploads\/2024\/02\/cropped-sajat-logo-1.webp","width":886,"height":296,"caption":"PKSG Italiana Ciuri Ciuri Bistro"},"image":{"@id":"https:\/\/www.pksgitaliana.eu\/#\/schema\/logo\/image\/"},"sameAs":["https:\/\/www.facebook.com\/pksgitaliana\/"]}]}},"_links":{"self":[{"href":"https:\/\/www.pksgitaliana.eu\/it\/wp-json\/wp\/v2\/pages\/6567","targetHints":{"allow":["GET"]}}],"collection":[{"href":"https:\/\/www.pksgitaliana.eu\/it\/wp-json\/wp\/v2\/pages"}],"about":[{"href":"https:\/\/www.pksgitaliana.eu\/it\/wp-json\/wp\/v2\/types\/page"}],"author":[{"embeddable":true,"href":"https:\/\/www.pksgitaliana.eu\/it\/wp-json\/wp\/v2\/users\/1"}],"replies":[{"embeddable":true,"href":"https:\/\/www.pksgitaliana.eu\/it\/wp-json\/wp\/v2\/comments?post=6567"}],"version-history":[{"count":0,"href":"https:\/\/www.pksgitaliana.eu\/it\/wp-json\/wp\/v2\/pages\/6567\/revisions"}],"wp:attachment":[{"href":"https:\/\/www.pksgitaliana.eu\/it\/wp-json\/wp\/v2\/media?parent=6567"}],"curies":[{"name":"wp","href":"https:\/\/api.w.org\/{rel}","templated":true}]}}