{"id":6391,"date":"2023-11-28T11:07:58","date_gmt":"2023-11-28T11:07:58","guid":{"rendered":"https:\/\/www.pksgitaliana.eu\/?page_id=6391"},"modified":"2024-02-07T12:47:25","modified_gmt":"2024-02-07T12:47:25","slug":"cikkek","status":"publish","type":"page","link":"https:\/\/www.pksgitaliana.eu\/it\/cikkek\/","title":{"rendered":"Press"},"content":{"rendered":"<div data-elementor-type=\"wp-page\" data-elementor-id=\"6391\" class=\"elementor elementor-6391\" data-elementor-post-type=\"page\">\n\t\t\t\t<div class=\"elementor-element elementor-element-f42951e e-flex e-con-boxed e-con e-parent\" data-id=\"f42951e\" data-element_type=\"container\" data-settings=\"{&quot;background_background&quot;:&quot;classic&quot;}\">\n\t\t\t\t\t<div class=\"e-con-inner\">\n\t\t\t\t<div class=\"elementor-element elementor-element-82e60ce elementor-hidden-tablet elementor-widget elementor-widget-heading\" data-id=\"82e60ce\" data-element_type=\"widget\" data-widget_type=\"heading.default\">\n\t\t\t\t<div class=\"elementor-widget-container\">\n\t\t\t<style>\/*! elementor - v3.23.0 - 05-08-2024 *\/\n.elementor-heading-title{padding:0;margin:0;line-height:1}.elementor-widget-heading .elementor-heading-title[class*=elementor-size-]>a{color:inherit;font-size:inherit;line-height:inherit}.elementor-widget-heading .elementor-heading-title.elementor-size-small{font-size:15px}.elementor-widget-heading .elementor-heading-title.elementor-size-medium{font-size:19px}.elementor-widget-heading .elementor-heading-title.elementor-size-large{font-size:29px}.elementor-widget-heading .elementor-heading-title.elementor-size-xl{font-size:39px}.elementor-widget-heading .elementor-heading-title.elementor-size-xxl{font-size:59px}<\/style><h1 class=\"elementor-heading-title elementor-size-default\">Articoli sul nostro ristorante<\/h1>\t\t<\/div>\n\t\t\t\t<\/div>\n\t\t\t\t\t<\/div>\n\t\t\t\t<\/div>\n\t\t<div class=\"elementor-element elementor-element-32e9593 e-flex e-con-boxed e-con e-parent\" data-id=\"32e9593\" data-element_type=\"container\">\n\t\t\t\t\t<div class=\"e-con-inner\">\n\t\t<div class=\"elementor-element elementor-element-d28f406 e-con-full e-flex e-con e-child\" data-id=\"d28f406\" data-element_type=\"container\" data-settings=\"{&quot;background_background&quot;:&quot;classic&quot;}\">\n\t\t\t\t<div class=\"elementor-element elementor-element-0affc5b elementor-widget elementor-widget-heading\" data-id=\"0affc5b\" data-element_type=\"widget\" data-widget_type=\"heading.default\">\n\t\t\t\t<div class=\"elementor-widget-container\">\n\t\t\t<h2 class=\"elementor-heading-title elementor-size-default\">Cucina la pizza, prepara il caff\u00e8 e il tiramis\u00f9 Nunzio La Monica...<\/h2>\t\t<\/div>\n\t\t\t\t<\/div>\n\t\t<div class=\"elementor-element elementor-element-6b1f35a e-flex e-con-boxed e-con e-child\" data-id=\"6b1f35a\" data-element_type=\"container\">\n\t\t\t\t\t<div class=\"e-con-inner\">\n\t\t\t\t<div class=\"elementor-element elementor-element-7134310 elementor-widget elementor-widget-image\" data-id=\"7134310\" data-element_type=\"widget\" data-widget_type=\"image.default\">\n\t\t\t\t<div class=\"elementor-widget-container\">\n\t\t\t<style>\/*! elementor - v3.23.0 - 05-08-2024 *\/\n.elementor-widget-image{text-align:center}.elementor-widget-image a{display:inline-block}.elementor-widget-image a img[src$=\".svg\"]{width:48px}.elementor-widget-image img{vertical-align:middle;display:inline-block}<\/style>\t\t\t\t\t\t\t\t\t\t\t<a href=\"https:\/\/streetkitchen.hu\/cikkek\/teszteltuk\/pizza-tiramisu-kave-olasz-pksg-italiana\/\">\n\t\t\t\t\t\t\t<img fetchpriority=\"high\" decoding=\"async\" width=\"830\" height=\"830\" src=\"https:\/\/www.pksgitaliana.eu\/wp-content\/uploads\/2024\/02\/hir2-830x830.webp\" class=\"attachment-large size-large wp-image-6988\" alt=\"\" srcset=\"https:\/\/www.pksgitaliana.eu\/wp-content\/uploads\/2024\/02\/hir2-830x830.webp 830w, https:\/\/www.pksgitaliana.eu\/wp-content\/uploads\/2024\/02\/hir2-450x450.webp 450w, https:\/\/www.pksgitaliana.eu\/wp-content\/uploads\/2024\/02\/hir2-768x768.webp 768w, https:\/\/www.pksgitaliana.eu\/wp-content\/uploads\/2024\/02\/hir2-12x12.webp 12w, https:\/\/www.pksgitaliana.eu\/wp-content\/uploads\/2024\/02\/hir2-300x300.webp 300w, https:\/\/www.pksgitaliana.eu\/wp-content\/uploads\/2024\/02\/hir2-600x600.webp 600w, https:\/\/www.pksgitaliana.eu\/wp-content\/uploads\/2024\/02\/hir2-100x100.webp 100w, https:\/\/www.pksgitaliana.eu\/wp-content\/uploads\/2024\/02\/hir2.webp 1080w\" sizes=\"(max-width: 830px) 100vw, 830px\" \/>\t\t\t\t\t\t\t\t<\/a>\n\t\t\t\t\t\t\t\t\t\t\t\t\t<\/div>\n\t\t\t\t<\/div>\n\t\t\t\t\t<\/div>\n\t\t\t\t<\/div>\n\t\t\t\t<div class=\"elementor-element elementor-element-d0cd448 elementor-align-justify elementor-widget elementor-widget-button\" data-id=\"d0cd448\" data-element_type=\"widget\" data-widget_type=\"button.default\">\n\t\t\t\t<div class=\"elementor-widget-container\">\n\t\t\t\t\t<div class=\"elementor-button-wrapper\">\n\t\t\t<a class=\"elementor-button elementor-button-link elementor-size-sm\" href=\"https:\/\/streetkitchen.hu\/cikkek\/teszteltuk\/pizza-tiramisu-kave-olasz-pksg-italiana\/\" target=\"_blank\">\n\t\t\t\t\t\t<span class=\"elementor-button-content-wrapper\">\n\t\t\t\t\t\t\t\t\t<span class=\"elementor-button-text\">Per saperne di pi\u00f9<\/span>\n\t\t\t\t\t<\/span>\n\t\t\t\t\t<\/a>\n\t\t<\/div>\n\t\t\t\t<\/div>\n\t\t\t\t<\/div>\n\t\t\t\t<\/div>\n\t\t<div class=\"elementor-element elementor-element-550cac3 e-con-full e-flex e-con e-child\" data-id=\"550cac3\" data-element_type=\"container\" data-settings=\"{&quot;background_background&quot;:&quot;classic&quot;}\">\n\t\t\t\t<div class=\"elementor-element elementor-element-ce333b9 elementor-widget elementor-widget-heading\" data-id=\"ce333b9\" data-element_type=\"widget\" data-widget_type=\"heading.default\">\n\t\t\t\t<div class=\"elementor-widget-container\">\n\t\t\t<h2 class=\"elementor-heading-title elementor-size-default\">Ventriloquo: una dolce vita quotidiana in un bistrot siciliano a Buda...<\/h2>\t\t<\/div>\n\t\t\t\t<\/div>\n\t\t<div class=\"elementor-element elementor-element-08c33d2 e-flex e-con-boxed e-con e-child\" data-id=\"08c33d2\" data-element_type=\"container\">\n\t\t\t\t\t<div class=\"e-con-inner\">\n\t\t\t\t<div class=\"elementor-element elementor-element-97f394a elementor-widget elementor-widget-image\" data-id=\"97f394a\" data-element_type=\"widget\" data-widget_type=\"image.default\">\n\t\t\t\t<div class=\"elementor-widget-container\">\n\t\t\t\t\t\t\t\t\t\t\t\t\t\t<a href=\"https:\/\/streetkitchen.hu\/cikkek\/teszteltuk\/pizza-tiramisu-kave-olasz-pksg-italiana\/\">\n\t\t\t\t\t\t\t<img decoding=\"async\" width=\"830\" height=\"830\" src=\"https:\/\/www.pksgitaliana.eu\/wp-content\/uploads\/2024\/02\/hir3-1-830x830.webp\" class=\"attachment-large size-large wp-image-7064\" alt=\"\" srcset=\"https:\/\/www.pksgitaliana.eu\/wp-content\/uploads\/2024\/02\/hir3-1-830x830.webp 830w, https:\/\/www.pksgitaliana.eu\/wp-content\/uploads\/2024\/02\/hir3-1-450x450.webp 450w, https:\/\/www.pksgitaliana.eu\/wp-content\/uploads\/2024\/02\/hir3-1-768x768.webp 768w, https:\/\/www.pksgitaliana.eu\/wp-content\/uploads\/2024\/02\/hir3-1-12x12.webp 12w, https:\/\/www.pksgitaliana.eu\/wp-content\/uploads\/2024\/02\/hir3-1-300x300.webp 300w, https:\/\/www.pksgitaliana.eu\/wp-content\/uploads\/2024\/02\/hir3-1-600x600.webp 600w, https:\/\/www.pksgitaliana.eu\/wp-content\/uploads\/2024\/02\/hir3-1-100x100.webp 100w, https:\/\/www.pksgitaliana.eu\/wp-content\/uploads\/2024\/02\/hir3-1.webp 1080w\" sizes=\"(max-width: 830px) 100vw, 830px\" \/>\t\t\t\t\t\t\t\t<\/a>\n\t\t\t\t\t\t\t\t\t\t\t\t\t<\/div>\n\t\t\t\t<\/div>\n\t\t\t\t\t<\/div>\n\t\t\t\t<\/div>\n\t\t\t\t<div class=\"elementor-element elementor-element-e2398cf elementor-align-justify elementor-widget elementor-widget-button\" data-id=\"e2398cf\" data-element_type=\"widget\" data-widget_type=\"button.default\">\n\t\t\t\t<div class=\"elementor-widget-container\">\n\t\t\t\t\t<div class=\"elementor-button-wrapper\">\n\t\t\t<a class=\"elementor-button elementor-button-link elementor-size-sm\" href=\"https:\/\/hvg.hu\/360\/20231124_hasbeszelo_pksg_italiana_ciuri_ciuri\" target=\"_blank\">\n\t\t\t\t\t\t<span class=\"elementor-button-content-wrapper\">\n\t\t\t\t\t\t\t\t\t<span class=\"elementor-button-text\">Per saperne di pi\u00f9<\/span>\n\t\t\t\t\t<\/span>\n\t\t\t\t\t<\/a>\n\t\t<\/div>\n\t\t\t\t<\/div>\n\t\t\t\t<\/div>\n\t\t\t\t<\/div>\n\t\t<div class=\"elementor-element elementor-element-452338e e-con-full e-flex e-con e-child\" data-id=\"452338e\" data-element_type=\"container\" data-settings=\"{&quot;background_background&quot;:&quot;classic&quot;}\">\n\t\t\t\t<div class=\"elementor-element elementor-element-57a40f2 elementor-widget elementor-widget-heading\" data-id=\"57a40f2\" data-element_type=\"widget\" data-widget_type=\"heading.default\">\n\t\t\t\t<div class=\"elementor-widget-container\">\n\t\t\t<h2 class=\"elementor-heading-title elementor-size-default\">Un boccone di Sicilia + video esclusivo...<\/h2>\t\t<\/div>\n\t\t\t\t<\/div>\n\t\t<div class=\"elementor-element elementor-element-e2be164 e-flex e-con-boxed e-con e-child\" data-id=\"e2be164\" data-element_type=\"container\">\n\t\t\t\t\t<div class=\"e-con-inner\">\n\t\t\t\t<div class=\"elementor-element elementor-element-23ce4f2 elementor-widget elementor-widget-image\" data-id=\"23ce4f2\" data-element_type=\"widget\" data-widget_type=\"image.default\">\n\t\t\t\t<div class=\"elementor-widget-container\">\n\t\t\t\t\t\t\t\t\t\t\t\t\t\t<a href=\"https:\/\/magyarnemzet.hu\/kultura\/2023\/11\/szicilia-exkluziv-video\">\n\t\t\t\t\t\t\t<img decoding=\"async\" width=\"830\" height=\"830\" src=\"https:\/\/www.pksgitaliana.eu\/wp-content\/uploads\/2024\/02\/hir-1-830x830.webp\" class=\"attachment-large size-large wp-image-6987\" alt=\"\" srcset=\"https:\/\/www.pksgitaliana.eu\/wp-content\/uploads\/2024\/02\/hir-1-830x830.webp 830w, https:\/\/www.pksgitaliana.eu\/wp-content\/uploads\/2024\/02\/hir-1-450x450.webp 450w, https:\/\/www.pksgitaliana.eu\/wp-content\/uploads\/2024\/02\/hir-1-768x768.webp 768w, https:\/\/www.pksgitaliana.eu\/wp-content\/uploads\/2024\/02\/hir-1-12x12.webp 12w, https:\/\/www.pksgitaliana.eu\/wp-content\/uploads\/2024\/02\/hir-1-300x300.webp 300w, https:\/\/www.pksgitaliana.eu\/wp-content\/uploads\/2024\/02\/hir-1-600x600.webp 600w, https:\/\/www.pksgitaliana.eu\/wp-content\/uploads\/2024\/02\/hir-1-100x100.webp 100w, https:\/\/www.pksgitaliana.eu\/wp-content\/uploads\/2024\/02\/hir-1.webp 1080w\" sizes=\"(max-width: 830px) 100vw, 830px\" \/>\t\t\t\t\t\t\t\t<\/a>\n\t\t\t\t\t\t\t\t\t\t\t\t\t<\/div>\n\t\t\t\t<\/div>\n\t\t\t\t\t<\/div>\n\t\t\t\t<\/div>\n\t\t\t\t<div class=\"elementor-element elementor-element-edf8085 elementor-align-justify elementor-widget elementor-widget-button\" data-id=\"edf8085\" data-element_type=\"widget\" data-widget_type=\"button.default\">\n\t\t\t\t<div class=\"elementor-widget-container\">\n\t\t\t\t\t<div class=\"elementor-button-wrapper\">\n\t\t\t<a class=\"elementor-button elementor-button-link elementor-size-sm\" href=\"https:\/\/magyarnemzet.hu\/kultura\/2023\/11\/szicilia-exkluziv-video\" target=\"_blank\">\n\t\t\t\t\t\t<span class=\"elementor-button-content-wrapper\">\n\t\t\t\t\t\t\t\t\t<span class=\"elementor-button-text\">Per saperne di pi\u00f9<\/span>\n\t\t\t\t\t<\/span>\n\t\t\t\t\t<\/a>\n\t\t<\/div>\n\t\t\t\t<\/div>\n\t\t\t\t<\/div>\n\t\t\t\t<\/div>\n\t\t\t\t\t<\/div>\n\t\t\t\t<\/div>\n\t\t\t\t<\/div>","protected":false},"excerpt":{"rendered":"<p>Cikkek \u00e9tterm\u00fcnkr\u0151l Pizz\u00e1t s\u00fct, k\u00e1v\u00e9t f\u0151z, \u00e9s tiramisut k\u00e9sz\u00edt Nunzio La Monica&#8230; Elolvasom Hasbesz\u00e9l\u0151: H\u00e9tk\u00f6znapi dolce vita egy szic\u00edliai bisztr\u00f3ban, Bud\u00e1n&#8230; Elolvasom Harapj bele Szic\u00edli\u00e1ba! + exkluz\u00edv vide\u00f3&#8230; Elolvasom<\/p>","protected":false},"author":1,"featured_media":0,"parent":0,"menu_order":0,"comment_status":"closed","ping_status":"closed","template":"","meta":{"site-sidebar-layout":"no-sidebar","site-content-layout":"page-builder","ast-site-content-layout":"full-width-container","site-content-style":"default","site-sidebar-style":"default","ast-global-header-display":"","ast-banner-title-visibility":"","ast-main-header-display":"","ast-hfb-above-header-display":"","ast-hfb-below-header-display":"","ast-hfb-mobile-header-display":"","site-post-title":"disabled","ast-breadcrumbs-content":"","ast-featured-img":"disabled","footer-sml-layout":"","theme-transparent-header-meta":"","adv-header-id-meta":"","stick-header-meta":"","header-above-stick-meta":"","header-main-stick-meta":"","header-below-stick-meta":"","astra-migrate-meta-layouts":"set","ast-page-background-enabled":"default","ast-page-background-meta":{"desktop":{"background-color":"","background-image":"","background-repeat":"repeat","background-position":"center center","background-size":"auto","background-attachment":"scroll","background-type":"","background-media":"","overlay-type":"","overlay-color":"","overlay-gradient":""},"tablet":{"background-color":"","background-image":"","background-repeat":"repeat","background-position":"center center","background-size":"auto","background-attachment":"scroll","background-type":"","background-media":"","overlay-type":"","overlay-color":"","overlay-gradient":""},"mobile":{"background-color":"","background-image":"","background-repeat":"repeat","background-position":"center center","background-size":"auto","background-attachment":"scroll","background-type":"","background-media":"","overlay-type":"","overlay-color":"","overlay-gradient":""}},"ast-content-background-meta":{"desktop":{"background-color":"var(--ast-global-color-5)","background-image":"","background-repeat":"repeat","background-position":"center center","background-size":"auto","background-attachment":"scroll","background-type":"","background-media":"","overlay-type":"","overlay-color":"","overlay-gradient":""},"tablet":{"background-color":"var(--ast-global-color-5)","background-image":"","background-repeat":"repeat","background-position":"center center","background-size":"auto","background-attachment":"scroll","background-type":"","background-media":"","overlay-type":"","overlay-color":"","overlay-gradient":""},"mobile":{"background-color":"var(--ast-global-color-5)","background-image":"","background-repeat":"repeat","background-position":"center center","background-size":"auto","background-attachment":"scroll","background-type":"","background-media":"","overlay-type":"","overlay-color":"","overlay-gradient":""}},"footnotes":""},"class_list":["post-6391","page","type-page","status-publish","hentry"],"yoast_head":"<!-- This site is optimized with the Yoast SEO plugin v23.2 - https:\/\/yoast.com\/wordpress\/plugins\/seo\/ -->\n<title>Cikkek - PKSG Italiana Ciuri Ciuri Bistro<\/title>\n<meta name=\"description\" content=\"Mer\u00fclj\u00f6n el a PKSG Italiana vil\u00e1g\u00e1ban a Cikkek oldalunkon! Fedezze fel a legfrissebb h\u00edreket, \u00e9rdekess\u00e9geket \u00e9s szak\u00e1csaink legjobb titkait.\" \/>\n<meta name=\"robots\" content=\"index, follow, max-snippet:-1, max-image-preview:large, max-video-preview:-1\" \/>\n<link rel=\"canonical\" href=\"https:\/\/www.pksgitaliana.eu\/it\/cikkek\/\" \/>\n<meta property=\"og:locale\" content=\"it_IT\" \/>\n<meta property=\"og:type\" content=\"article\" \/>\n<meta property=\"og:title\" content=\"Cikkek - PKSG Italiana Ciuri Ciuri Bistro\" \/>\n<meta property=\"og:description\" content=\"Mer\u00fclj\u00f6n el a PKSG Italiana vil\u00e1g\u00e1ban a Cikkek oldalunkon! Fedezze fel a legfrissebb h\u00edreket, \u00e9rdekess\u00e9geket \u00e9s szak\u00e1csaink legjobb titkait.\" \/>\n<meta property=\"og:url\" content=\"https:\/\/www.pksgitaliana.eu\/it\/cikkek\/\" \/>\n<meta property=\"og:site_name\" content=\"PKSG Italiana Ciuri Ciuri Bistro\" \/>\n<meta property=\"article:publisher\" content=\"https:\/\/www.facebook.com\/pksgitaliana\/\" \/>\n<meta property=\"article:modified_time\" content=\"2024-02-07T12:47:25+00:00\" \/>\n<meta property=\"og:image\" content=\"https:\/\/www.pksgitaliana.eu\/wp-content\/uploads\/2024\/02\/hir2-830x830.webp\" \/>\n<meta name=\"twitter:card\" content=\"summary_large_image\" \/>\n<meta name=\"twitter:label1\" content=\"Tempo di lettura stimato\" \/>\n\t<meta name=\"twitter:data1\" content=\"1 minuto\" \/>\n<script type=\"application\/ld+json\" class=\"yoast-schema-graph\">{\"@context\":\"https:\/\/schema.org\",\"@graph\":[{\"@type\":\"WebPage\",\"@id\":\"https:\/\/www.pksgitaliana.eu\/cikkek\/\",\"url\":\"https:\/\/www.pksgitaliana.eu\/cikkek\/\",\"name\":\"Cikkek - PKSG Italiana Ciuri Ciuri Bistro\",\"isPartOf\":{\"@id\":\"https:\/\/www.pksgitaliana.eu\/#website\"},\"primaryImageOfPage\":{\"@id\":\"https:\/\/www.pksgitaliana.eu\/cikkek\/#primaryimage\"},\"image\":{\"@id\":\"https:\/\/www.pksgitaliana.eu\/cikkek\/#primaryimage\"},\"thumbnailUrl\":\"https:\/\/www.pksgitaliana.eu\/wp-content\/uploads\/2024\/02\/hir2-830x830.webp\",\"datePublished\":\"2023-11-28T11:07:58+00:00\",\"dateModified\":\"2024-02-07T12:47:25+00:00\",\"description\":\"Mer\u00fclj\u00f6n el a PKSG Italiana vil\u00e1g\u00e1ban a Cikkek oldalunkon! Fedezze fel a legfrissebb h\u00edreket, \u00e9rdekess\u00e9geket \u00e9s szak\u00e1csaink legjobb titkait.\",\"breadcrumb\":{\"@id\":\"https:\/\/www.pksgitaliana.eu\/cikkek\/#breadcrumb\"},\"inLanguage\":\"it-IT\",\"potentialAction\":[{\"@type\":\"ReadAction\",\"target\":[\"https:\/\/www.pksgitaliana.eu\/cikkek\/\"]}]},{\"@type\":\"ImageObject\",\"inLanguage\":\"it-IT\",\"@id\":\"https:\/\/www.pksgitaliana.eu\/cikkek\/#primaryimage\",\"url\":\"https:\/\/www.pksgitaliana.eu\/wp-content\/uploads\/2024\/02\/hir2-830x830.webp\",\"contentUrl\":\"https:\/\/www.pksgitaliana.eu\/wp-content\/uploads\/2024\/02\/hir2-830x830.webp\"},{\"@type\":\"BreadcrumbList\",\"@id\":\"https:\/\/www.pksgitaliana.eu\/cikkek\/#breadcrumb\",\"itemListElement\":[{\"@type\":\"ListItem\",\"position\":1,\"name\":\"Home\",\"item\":\"https:\/\/www.pksgitaliana.eu\/\"},{\"@type\":\"ListItem\",\"position\":2,\"name\":\"Cikkek\"}]},{\"@type\":\"WebSite\",\"@id\":\"https:\/\/www.pksgitaliana.eu\/#website\",\"url\":\"https:\/\/www.pksgitaliana.eu\/\",\"name\":\"PKSG Italiana Ciuri Ciuri Bistro\",\"description\":\"Szicil\u00edai \u00e9tterem\",\"publisher\":{\"@id\":\"https:\/\/www.pksgitaliana.eu\/#organization\"},\"alternateName\":\"PKSG Italiana\",\"potentialAction\":[{\"@type\":\"SearchAction\",\"target\":{\"@type\":\"EntryPoint\",\"urlTemplate\":\"https:\/\/www.pksgitaliana.eu\/?s={search_term_string}\"},\"query-input\":\"required name=search_term_string\"}],\"inLanguage\":\"it-IT\"},{\"@type\":\"Organization\",\"@id\":\"https:\/\/www.pksgitaliana.eu\/#organization\",\"name\":\"PKSG Italiana Ciuri Ciuri Bistro\",\"alternateName\":\"PKSG Italiana\",\"url\":\"https:\/\/www.pksgitaliana.eu\/\",\"logo\":{\"@type\":\"ImageObject\",\"inLanguage\":\"it-IT\",\"@id\":\"https:\/\/www.pksgitaliana.eu\/#\/schema\/logo\/image\/\",\"url\":\"https:\/\/www.pksgitaliana.eu\/wp-content\/uploads\/2024\/02\/cropped-sajat-logo-1.webp\",\"contentUrl\":\"https:\/\/www.pksgitaliana.eu\/wp-content\/uploads\/2024\/02\/cropped-sajat-logo-1.webp\",\"width\":886,\"height\":296,\"caption\":\"PKSG Italiana Ciuri Ciuri Bistro\"},\"image\":{\"@id\":\"https:\/\/www.pksgitaliana.eu\/#\/schema\/logo\/image\/\"},\"sameAs\":[\"https:\/\/www.facebook.com\/pksgitaliana\/\"]}]}<\/script>\n<!-- \/ Yoast SEO plugin. -->","yoast_head_json":{"title":"Cikkek - PKSG Italiana Ciuri Ciuri Bistro","description":"Mer\u00fclj\u00f6n el a PKSG Italiana vil\u00e1g\u00e1ban a Cikkek oldalunkon! Fedezze fel a legfrissebb h\u00edreket, \u00e9rdekess\u00e9geket \u00e9s szak\u00e1csaink legjobb titkait.","robots":{"index":"index","follow":"follow","max-snippet":"max-snippet:-1","max-image-preview":"max-image-preview:large","max-video-preview":"max-video-preview:-1"},"canonical":"https:\/\/www.pksgitaliana.eu\/it\/cikkek\/","og_locale":"it_IT","og_type":"article","og_title":"Cikkek - PKSG Italiana Ciuri Ciuri Bistro","og_description":"Mer\u00fclj\u00f6n el a PKSG Italiana vil\u00e1g\u00e1ban a Cikkek oldalunkon! Fedezze fel a legfrissebb h\u00edreket, \u00e9rdekess\u00e9geket \u00e9s szak\u00e1csaink legjobb titkait.","og_url":"https:\/\/www.pksgitaliana.eu\/it\/cikkek\/","og_site_name":"PKSG Italiana Ciuri Ciuri Bistro","article_publisher":"https:\/\/www.facebook.com\/pksgitaliana\/","article_modified_time":"2024-02-07T12:47:25+00:00","og_image":[{"url":"https:\/\/www.pksgitaliana.eu\/wp-content\/uploads\/2024\/02\/hir2-830x830.webp"}],"twitter_card":"summary_large_image","twitter_misc":{"Tempo di lettura stimato":"1 minuto"},"schema":{"@context":"https:\/\/schema.org","@graph":[{"@type":"WebPage","@id":"https:\/\/www.pksgitaliana.eu\/cikkek\/","url":"https:\/\/www.pksgitaliana.eu\/cikkek\/","name":"Cikkek - PKSG Italiana Ciuri Ciuri Bistro","isPartOf":{"@id":"https:\/\/www.pksgitaliana.eu\/#website"},"primaryImageOfPage":{"@id":"https:\/\/www.pksgitaliana.eu\/cikkek\/#primaryimage"},"image":{"@id":"https:\/\/www.pksgitaliana.eu\/cikkek\/#primaryimage"},"thumbnailUrl":"https:\/\/www.pksgitaliana.eu\/wp-content\/uploads\/2024\/02\/hir2-830x830.webp","datePublished":"2023-11-28T11:07:58+00:00","dateModified":"2024-02-07T12:47:25+00:00","description":"Mer\u00fclj\u00f6n el a PKSG Italiana vil\u00e1g\u00e1ban a Cikkek oldalunkon! Fedezze fel a legfrissebb h\u00edreket, \u00e9rdekess\u00e9geket \u00e9s szak\u00e1csaink legjobb titkait.","breadcrumb":{"@id":"https:\/\/www.pksgitaliana.eu\/cikkek\/#breadcrumb"},"inLanguage":"it-IT","potentialAction":[{"@type":"ReadAction","target":["https:\/\/www.pksgitaliana.eu\/cikkek\/"]}]},{"@type":"ImageObject","inLanguage":"it-IT","@id":"https:\/\/www.pksgitaliana.eu\/cikkek\/#primaryimage","url":"https:\/\/www.pksgitaliana.eu\/wp-content\/uploads\/2024\/02\/hir2-830x830.webp","contentUrl":"https:\/\/www.pksgitaliana.eu\/wp-content\/uploads\/2024\/02\/hir2-830x830.webp"},{"@type":"BreadcrumbList","@id":"https:\/\/www.pksgitaliana.eu\/cikkek\/#breadcrumb","itemListElement":[{"@type":"ListItem","position":1,"name":"Home","item":"https:\/\/www.pksgitaliana.eu\/"},{"@type":"ListItem","position":2,"name":"Cikkek"}]},{"@type":"WebSite","@id":"https:\/\/www.pksgitaliana.eu\/#website","url":"https:\/\/www.pksgitaliana.eu\/","name":"PKSG Italiana Ciuri Ciuri Bistro","description":"Szicil\u00edai \u00e9tterem","publisher":{"@id":"https:\/\/www.pksgitaliana.eu\/#organization"},"alternateName":"PKSG Italiana","potentialAction":[{"@type":"SearchAction","target":{"@type":"EntryPoint","urlTemplate":"https:\/\/www.pksgitaliana.eu\/?s={search_term_string}"},"query-input":"required name=search_term_string"}],"inLanguage":"it-IT"},{"@type":"Organization","@id":"https:\/\/www.pksgitaliana.eu\/#organization","name":"PKSG Italiana Ciuri Ciuri Bistro","alternateName":"PKSG Italiana","url":"https:\/\/www.pksgitaliana.eu\/","logo":{"@type":"ImageObject","inLanguage":"it-IT","@id":"https:\/\/www.pksgitaliana.eu\/#\/schema\/logo\/image\/","url":"https:\/\/www.pksgitaliana.eu\/wp-content\/uploads\/2024\/02\/cropped-sajat-logo-1.webp","contentUrl":"https:\/\/www.pksgitaliana.eu\/wp-content\/uploads\/2024\/02\/cropped-sajat-logo-1.webp","width":886,"height":296,"caption":"PKSG Italiana Ciuri Ciuri Bistro"},"image":{"@id":"https:\/\/www.pksgitaliana.eu\/#\/schema\/logo\/image\/"},"sameAs":["https:\/\/www.facebook.com\/pksgitaliana\/"]}]}},"_links":{"self":[{"href":"https:\/\/www.pksgitaliana.eu\/it\/wp-json\/wp\/v2\/pages\/6391","targetHints":{"allow":["GET"]}}],"collection":[{"href":"https:\/\/www.pksgitaliana.eu\/it\/wp-json\/wp\/v2\/pages"}],"about":[{"href":"https:\/\/www.pksgitaliana.eu\/it\/wp-json\/wp\/v2\/types\/page"}],"author":[{"embeddable":true,"href":"https:\/\/www.pksgitaliana.eu\/it\/wp-json\/wp\/v2\/users\/1"}],"replies":[{"embeddable":true,"href":"https:\/\/www.pksgitaliana.eu\/it\/wp-json\/wp\/v2\/comments?post=6391"}],"version-history":[{"count":0,"href":"https:\/\/www.pksgitaliana.eu\/it\/wp-json\/wp\/v2\/pages\/6391\/revisions"}],"wp:attachment":[{"href":"https:\/\/www.pksgitaliana.eu\/it\/wp-json\/wp\/v2\/media?parent=6391"}],"curies":[{"name":"wp","href":"https:\/\/api.w.org\/{rel}","templated":true}]}}