{"id":6173,"date":"2023-10-27T14:01:57","date_gmt":"2023-10-27T14:01:57","guid":{"rendered":"http:\/\/www.pksgitaliana.eu\/?post_type=product&#038;p=6173"},"modified":"2024-02-07T12:24:10","modified_gmt":"2024-02-07T12:24:10","slug":"panna-cotta-frutti-di-bosco","status":"publish","type":"product","link":"https:\/\/www.pksgitaliana.eu\/en\/product\/panna-cotta-frutti-di-bosco\/","title":{"rendered":"Panna Cotta Frutti di Bosco"},"content":{"rendered":"<p>Panna Cotta Frutti di Bosco is a sweet Italian dessert that combines the sophistication of Italian cuisine with the harmony of its delicious ingredients. This silky, soft panna cotta, topped with fresh forest fruits, is a true culinary delight.<\/p>\n<p>Panna Cotta is based on a perfect balance of milk and cream, resulting in a pleasantly silky texture. The sweetening is delicately balanced, so you can taste the freshness of sweet and sour fruits in every bite. Forest fruits such as raspberries, blueberries and blackberries are not only delicious, but also add an eye-catching colour to the dish.<\/p>\n<p>This dessert is the ideal choice for those who like simplicity but still crave for flavour. Easy to prepare at home, anyone can experience the magic of Italian cuisine in their own kitchen. Discover Panna Cotta Frutti di Bosco and let the sweet Italian flavours enchant you!<\/p>","protected":false},"excerpt":{"rendered":"<p>Panna Cotta Frutti di Bosco is a sweet Italian dessert that combines the sophistication of Italian cuisine with the harmony of its delicious ingredients. This silky, soft panna cotta, topped with fresh forest fruits, is a true culinary delight.<\/p>","protected":false},"featured_media":7058,"template":"","meta":{"site-sidebar-layout":"default","site-content-layout":"","ast-site-content-layout":"default","site-content-style":"default","site-sidebar-style":"default","ast-global-header-display":"","ast-banner-title-visibility":"","ast-main-header-display":"","ast-hfb-above-header-display":"","ast-hfb-below-header-display":"","ast-hfb-mobile-header-display":"","site-post-title":"","ast-breadcrumbs-content":"","ast-featured-img":"","footer-sml-layout":"","theme-transparent-header-meta":"default","adv-header-id-meta":"","stick-header-meta":"","header-above-stick-meta":"","header-main-stick-meta":"","header-below-stick-meta":"","astra-migrate-meta-layouts":"set","ast-page-background-enabled":"default","ast-page-background-meta":{"desktop":{"background-color":"","background-image":"","background-repeat":"repeat","background-position":"center center","background-size":"auto","background-attachment":"scroll","background-type":"","background-media":"","overlay-type":"","overlay-color":"","overlay-gradient":""},"tablet":{"background-color":"","background-image":"","background-repeat":"repeat","background-position":"center center","background-size":"auto","background-attachment":"scroll","background-type":"","background-media":"","overlay-type":"","overlay-color":"","overlay-gradient":""},"mobile":{"background-color":"","background-image":"","background-repeat":"repeat","background-position":"center center","background-size":"auto","background-attachment":"scroll","background-type":"","background-media":"","overlay-type":"","overlay-color":"","overlay-gradient":""}},"ast-content-background-meta":{"desktop":{"background-color":"var(--ast-global-color-5)","background-image":"","background-repeat":"repeat","background-position":"center center","background-size":"auto","background-attachment":"scroll","background-type":"","background-media":"","overlay-type":"","overlay-color":"","overlay-gradient":""},"tablet":{"background-color":"var(--ast-global-color-5)","background-image":"","background-repeat":"repeat","background-position":"center center","background-size":"auto","background-attachment":"scroll","background-type":"","background-media":"","overlay-type":"","overlay-color":"","overlay-gradient":""},"mobile":{"background-color":"var(--ast-global-color-5)","background-image":"","background-repeat":"repeat","background-position":"center center","background-size":"auto","background-attachment":"scroll","background-type":"","background-media":"","overlay-type":"","overlay-color":"","overlay-gradient":""}}},"product_cat":[80],"product_tag":[],"class_list":{"0":"post-6173","1":"product","2":"type-product","3":"status-publish","4":"has-post-thumbnail","6":"product_cat-desszert","7":"desktop-align-center","8":"tablet-align-center","9":"mobile-align-center","11":"first","12":"instock","13":"shipping-taxable","14":"purchasable","15":"product-type-simple"},"yoast_head":"<!-- This site is optimized with the Yoast SEO plugin v23.2 - https:\/\/yoast.com\/wordpress\/plugins\/seo\/ -->\n<title>Panna Cotta Frutti di Bosco - PKSG Italiana Ciuri Ciuri Bistro<\/title>\n<meta name=\"description\" content=\"K\u00f3stold meg a mennyei Panna Cotta Frutti di Bosco-t! Fedezd fel a receptet \u00e9s k\u00e9sz\u00edtsd el otthon ezt a k\u00f6nnyen elk\u00e9sz\u00edthet\u0151 \u00e9dess\u00e9get!\" \/>\n<meta name=\"robots\" content=\"index, follow, max-snippet:-1, max-image-preview:large, max-video-preview:-1\" \/>\n<link rel=\"canonical\" href=\"https:\/\/www.pksgitaliana.eu\/en\/product\/panna-cotta-frutti-di-bosco\/\" \/>\n<meta property=\"og:locale\" content=\"en_GB\" \/>\n<meta property=\"og:type\" content=\"article\" \/>\n<meta property=\"og:title\" content=\"Panna Cotta Frutti di Bosco - PKSG Italiana Ciuri Ciuri Bistro\" \/>\n<meta property=\"og:description\" content=\"K\u00f3stold meg a mennyei Panna Cotta Frutti di Bosco-t! Fedezd fel a receptet \u00e9s k\u00e9sz\u00edtsd el otthon ezt a k\u00f6nnyen elk\u00e9sz\u00edthet\u0151 \u00e9dess\u00e9get!\" \/>\n<meta property=\"og:url\" content=\"https:\/\/www.pksgitaliana.eu\/en\/product\/panna-cotta-frutti-di-bosco\/\" \/>\n<meta property=\"og:site_name\" content=\"PKSG Italiana Ciuri Ciuri Bistro\" \/>\n<meta property=\"article:publisher\" content=\"https:\/\/www.facebook.com\/pksgitaliana\/\" \/>\n<meta property=\"article:modified_time\" content=\"2024-02-07T12:24:10+00:00\" \/>\n<meta property=\"og:image\" content=\"https:\/\/www.pksgitaliana.eu\/wp-content\/uploads\/2023\/10\/panna-1webp.webp\" \/>\n\t<meta property=\"og:image:width\" content=\"1619\" \/>\n\t<meta property=\"og:image:height\" content=\"1245\" \/>\n\t<meta property=\"og:image:type\" content=\"image\/webp\" \/>\n<meta name=\"twitter:card\" content=\"summary_large_image\" \/>\n<meta name=\"twitter:label1\" content=\"Estimated reading time\" \/>\n\t<meta name=\"twitter:data1\" content=\"1 minute\" \/>\n<script type=\"application\/ld+json\" class=\"yoast-schema-graph\">{\"@context\":\"https:\/\/schema.org\",\"@graph\":[{\"@type\":\"WebPage\",\"@id\":\"https:\/\/www.pksgitaliana.eu\/product\/panna-cotta-frutti-di-bosco\/\",\"url\":\"https:\/\/www.pksgitaliana.eu\/product\/panna-cotta-frutti-di-bosco\/\",\"name\":\"Panna Cotta Frutti di Bosco - PKSG Italiana Ciuri Ciuri Bistro\",\"isPartOf\":{\"@id\":\"https:\/\/www.pksgitaliana.eu\/#website\"},\"primaryImageOfPage\":{\"@id\":\"https:\/\/www.pksgitaliana.eu\/product\/panna-cotta-frutti-di-bosco\/#primaryimage\"},\"image\":{\"@id\":\"https:\/\/www.pksgitaliana.eu\/product\/panna-cotta-frutti-di-bosco\/#primaryimage\"},\"thumbnailUrl\":\"https:\/\/www.pksgitaliana.eu\/wp-content\/uploads\/2023\/10\/panna-1webp.webp\",\"datePublished\":\"2023-10-27T14:01:57+00:00\",\"dateModified\":\"2024-02-07T12:24:10+00:00\",\"description\":\"K\u00f3stold meg a mennyei Panna Cotta Frutti di Bosco-t! Fedezd fel a receptet \u00e9s k\u00e9sz\u00edtsd el otthon ezt a k\u00f6nnyen elk\u00e9sz\u00edthet\u0151 \u00e9dess\u00e9get!\",\"breadcrumb\":{\"@id\":\"https:\/\/www.pksgitaliana.eu\/product\/panna-cotta-frutti-di-bosco\/#breadcrumb\"},\"inLanguage\":\"en-GB\",\"potentialAction\":[{\"@type\":\"ReadAction\",\"target\":[\"https:\/\/www.pksgitaliana.eu\/product\/panna-cotta-frutti-di-bosco\/\"]}]},{\"@type\":\"ImageObject\",\"inLanguage\":\"en-GB\",\"@id\":\"https:\/\/www.pksgitaliana.eu\/product\/panna-cotta-frutti-di-bosco\/#primaryimage\",\"url\":\"https:\/\/www.pksgitaliana.eu\/wp-content\/uploads\/2023\/10\/panna-1webp.webp\",\"contentUrl\":\"https:\/\/www.pksgitaliana.eu\/wp-content\/uploads\/2023\/10\/panna-1webp.webp\",\"width\":1619,\"height\":1245},{\"@type\":\"BreadcrumbList\",\"@id\":\"https:\/\/www.pksgitaliana.eu\/product\/panna-cotta-frutti-di-bosco\/#breadcrumb\",\"itemListElement\":[{\"@type\":\"ListItem\",\"position\":1,\"name\":\"Home\",\"item\":\"https:\/\/www.pksgitaliana.eu\/\"},{\"@type\":\"ListItem\",\"position\":2,\"name\":\"Rendel\u00e9s\",\"item\":\"https:\/\/www.pksgitaliana.eu\/rendeles\/\"},{\"@type\":\"ListItem\",\"position\":3,\"name\":\"Panna Cotta Frutti di Bosco\"}]},{\"@type\":\"WebSite\",\"@id\":\"https:\/\/www.pksgitaliana.eu\/#website\",\"url\":\"https:\/\/www.pksgitaliana.eu\/\",\"name\":\"PKSG Italiana Ciuri Ciuri Bistro\",\"description\":\"Szicil\u00edai \u00e9tterem\",\"publisher\":{\"@id\":\"https:\/\/www.pksgitaliana.eu\/#organization\"},\"alternateName\":\"PKSG Italiana\",\"potentialAction\":[{\"@type\":\"SearchAction\",\"target\":{\"@type\":\"EntryPoint\",\"urlTemplate\":\"https:\/\/www.pksgitaliana.eu\/?s={search_term_string}\"},\"query-input\":\"required name=search_term_string\"}],\"inLanguage\":\"en-GB\"},{\"@type\":\"Organization\",\"@id\":\"https:\/\/www.pksgitaliana.eu\/#organization\",\"name\":\"PKSG Italiana Ciuri Ciuri Bistro\",\"alternateName\":\"PKSG Italiana\",\"url\":\"https:\/\/www.pksgitaliana.eu\/\",\"logo\":{\"@type\":\"ImageObject\",\"inLanguage\":\"en-GB\",\"@id\":\"https:\/\/www.pksgitaliana.eu\/#\/schema\/logo\/image\/\",\"url\":\"https:\/\/www.pksgitaliana.eu\/wp-content\/uploads\/2024\/02\/cropped-sajat-logo-1.webp\",\"contentUrl\":\"https:\/\/www.pksgitaliana.eu\/wp-content\/uploads\/2024\/02\/cropped-sajat-logo-1.webp\",\"width\":886,\"height\":296,\"caption\":\"PKSG Italiana Ciuri Ciuri Bistro\"},\"image\":{\"@id\":\"https:\/\/www.pksgitaliana.eu\/#\/schema\/logo\/image\/\"},\"sameAs\":[\"https:\/\/www.facebook.com\/pksgitaliana\/\"]}]}<\/script>\n<!-- \/ Yoast SEO plugin. -->","yoast_head_json":{"title":"Panna Cotta Frutti di Bosco - PKSG Italiana Ciuri Ciuri Bistro","description":"K\u00f3stold meg a mennyei Panna Cotta Frutti di Bosco-t! Fedezd fel a receptet \u00e9s k\u00e9sz\u00edtsd el otthon ezt a k\u00f6nnyen elk\u00e9sz\u00edthet\u0151 \u00e9dess\u00e9get!","robots":{"index":"index","follow":"follow","max-snippet":"max-snippet:-1","max-image-preview":"max-image-preview:large","max-video-preview":"max-video-preview:-1"},"canonical":"https:\/\/www.pksgitaliana.eu\/en\/product\/panna-cotta-frutti-di-bosco\/","og_locale":"en_GB","og_type":"article","og_title":"Panna Cotta Frutti di Bosco - PKSG Italiana Ciuri Ciuri Bistro","og_description":"K\u00f3stold meg a mennyei Panna Cotta Frutti di Bosco-t! Fedezd fel a receptet \u00e9s k\u00e9sz\u00edtsd el otthon ezt a k\u00f6nnyen elk\u00e9sz\u00edthet\u0151 \u00e9dess\u00e9get!","og_url":"https:\/\/www.pksgitaliana.eu\/en\/product\/panna-cotta-frutti-di-bosco\/","og_site_name":"PKSG Italiana Ciuri Ciuri Bistro","article_publisher":"https:\/\/www.facebook.com\/pksgitaliana\/","article_modified_time":"2024-02-07T12:24:10+00:00","og_image":[{"width":1619,"height":1245,"url":"https:\/\/www.pksgitaliana.eu\/wp-content\/uploads\/2023\/10\/panna-1webp.webp","type":"image\/webp"}],"twitter_card":"summary_large_image","twitter_misc":{"Estimated reading time":"1 minute"},"schema":{"@context":"https:\/\/schema.org","@graph":[{"@type":"WebPage","@id":"https:\/\/www.pksgitaliana.eu\/product\/panna-cotta-frutti-di-bosco\/","url":"https:\/\/www.pksgitaliana.eu\/product\/panna-cotta-frutti-di-bosco\/","name":"Panna Cotta Frutti di Bosco - PKSG Italiana Ciuri Ciuri Bistro","isPartOf":{"@id":"https:\/\/www.pksgitaliana.eu\/#website"},"primaryImageOfPage":{"@id":"https:\/\/www.pksgitaliana.eu\/product\/panna-cotta-frutti-di-bosco\/#primaryimage"},"image":{"@id":"https:\/\/www.pksgitaliana.eu\/product\/panna-cotta-frutti-di-bosco\/#primaryimage"},"thumbnailUrl":"https:\/\/www.pksgitaliana.eu\/wp-content\/uploads\/2023\/10\/panna-1webp.webp","datePublished":"2023-10-27T14:01:57+00:00","dateModified":"2024-02-07T12:24:10+00:00","description":"K\u00f3stold meg a mennyei Panna Cotta Frutti di Bosco-t! Fedezd fel a receptet \u00e9s k\u00e9sz\u00edtsd el otthon ezt a k\u00f6nnyen elk\u00e9sz\u00edthet\u0151 \u00e9dess\u00e9get!","breadcrumb":{"@id":"https:\/\/www.pksgitaliana.eu\/product\/panna-cotta-frutti-di-bosco\/#breadcrumb"},"inLanguage":"en-GB","potentialAction":[{"@type":"ReadAction","target":["https:\/\/www.pksgitaliana.eu\/product\/panna-cotta-frutti-di-bosco\/"]}]},{"@type":"ImageObject","inLanguage":"en-GB","@id":"https:\/\/www.pksgitaliana.eu\/product\/panna-cotta-frutti-di-bosco\/#primaryimage","url":"https:\/\/www.pksgitaliana.eu\/wp-content\/uploads\/2023\/10\/panna-1webp.webp","contentUrl":"https:\/\/www.pksgitaliana.eu\/wp-content\/uploads\/2023\/10\/panna-1webp.webp","width":1619,"height":1245},{"@type":"BreadcrumbList","@id":"https:\/\/www.pksgitaliana.eu\/product\/panna-cotta-frutti-di-bosco\/#breadcrumb","itemListElement":[{"@type":"ListItem","position":1,"name":"Home","item":"https:\/\/www.pksgitaliana.eu\/"},{"@type":"ListItem","position":2,"name":"Rendel\u00e9s","item":"https:\/\/www.pksgitaliana.eu\/rendeles\/"},{"@type":"ListItem","position":3,"name":"Panna Cotta Frutti di Bosco"}]},{"@type":"WebSite","@id":"https:\/\/www.pksgitaliana.eu\/#website","url":"https:\/\/www.pksgitaliana.eu\/","name":"PKSG Italiana Ciuri Ciuri Bistro","description":"Szicil\u00edai \u00e9tterem","publisher":{"@id":"https:\/\/www.pksgitaliana.eu\/#organization"},"alternateName":"PKSG Italiana","potentialAction":[{"@type":"SearchAction","target":{"@type":"EntryPoint","urlTemplate":"https:\/\/www.pksgitaliana.eu\/?s={search_term_string}"},"query-input":"required name=search_term_string"}],"inLanguage":"en-GB"},{"@type":"Organization","@id":"https:\/\/www.pksgitaliana.eu\/#organization","name":"PKSG Italiana Ciuri Ciuri Bistro","alternateName":"PKSG Italiana","url":"https:\/\/www.pksgitaliana.eu\/","logo":{"@type":"ImageObject","inLanguage":"en-GB","@id":"https:\/\/www.pksgitaliana.eu\/#\/schema\/logo\/image\/","url":"https:\/\/www.pksgitaliana.eu\/wp-content\/uploads\/2024\/02\/cropped-sajat-logo-1.webp","contentUrl":"https:\/\/www.pksgitaliana.eu\/wp-content\/uploads\/2024\/02\/cropped-sajat-logo-1.webp","width":886,"height":296,"caption":"PKSG Italiana Ciuri Ciuri Bistro"},"image":{"@id":"https:\/\/www.pksgitaliana.eu\/#\/schema\/logo\/image\/"},"sameAs":["https:\/\/www.facebook.com\/pksgitaliana\/"]}]}},"_links":{"self":[{"href":"https:\/\/www.pksgitaliana.eu\/en\/wp-json\/wp\/v2\/product\/6173","targetHints":{"allow":["GET"]}}],"collection":[{"href":"https:\/\/www.pksgitaliana.eu\/en\/wp-json\/wp\/v2\/product"}],"about":[{"href":"https:\/\/www.pksgitaliana.eu\/en\/wp-json\/wp\/v2\/types\/product"}],"wp:featuredmedia":[{"embeddable":true,"href":"https:\/\/www.pksgitaliana.eu\/en\/wp-json\/wp\/v2\/media\/7058"}],"wp:attachment":[{"href":"https:\/\/www.pksgitaliana.eu\/en\/wp-json\/wp\/v2\/media?parent=6173"}],"wp:term":[{"taxonomy":"product_cat","embeddable":true,"href":"https:\/\/www.pksgitaliana.eu\/en\/wp-json\/wp\/v2\/product_cat?post=6173"},{"taxonomy":"product_tag","embeddable":true,"href":"https:\/\/www.pksgitaliana.eu\/en\/wp-json\/wp\/v2\/product_tag?post=6173"}],"curies":[{"name":"wp","href":"https:\/\/api.w.org\/{rel}","templated":true}]}}