{"id":6169,"date":"2023-10-27T13:59:15","date_gmt":"2023-10-27T13:59:15","guid":{"rendered":"http:\/\/www.pksgitaliana.eu\/?post_type=product&#038;p=6169"},"modified":"2024-02-07T12:26:02","modified_gmt":"2024-02-07T12:26:02","slug":"profitteroles-al-cioccolato","status":"publish","type":"product","link":"https:\/\/www.pksgitaliana.eu\/en\/product\/profitteroles-al-cioccolato\/","title":{"rendered":"Profitteroles al Cioccolato"},"content":{"rendered":"<p>Profitteroles al Cioccolato are sweets of French origin, made from small sponge cakes and then filled with various creams or fillings. These delicious little dumplings are usually round and light, and the dough is soft and slightly sweet. Profiteroles are made using high quality ingredients and no artificial additives to ensure the highest possible quality.<\/p>\n<p>&nbsp;<\/p>\n<p><strong>Allergen information:<\/strong> May contain eggs, flour and dairy products. To avoid allergic reactions, check ingredients and consult for any food intolerance or sensitivity issues.<\/p>","protected":false},"excerpt":{"rendered":"<p>profiterolokal al Cioccolato are sweets of French origin, made from small sponge cakes and then filled with various creams or fillings. These delicious little dumplings are usually round and light, and the dough is soft and slightly sweet. Profiteroles are made using high quality ingredients and no artificial additives to ensure the highest possible quality.<\/p>","protected":false},"featured_media":7059,"template":"","meta":{"site-sidebar-layout":"default","site-content-layout":"","ast-site-content-layout":"default","site-content-style":"default","site-sidebar-style":"default","ast-global-header-display":"","ast-banner-title-visibility":"","ast-main-header-display":"","ast-hfb-above-header-display":"","ast-hfb-below-header-display":"","ast-hfb-mobile-header-display":"","site-post-title":"","ast-breadcrumbs-content":"","ast-featured-img":"","footer-sml-layout":"","theme-transparent-header-meta":"default","adv-header-id-meta":"","stick-header-meta":"","header-above-stick-meta":"","header-main-stick-meta":"","header-below-stick-meta":"","astra-migrate-meta-layouts":"set","ast-page-background-enabled":"default","ast-page-background-meta":{"desktop":{"background-color":"","background-image":"","background-repeat":"repeat","background-position":"center center","background-size":"auto","background-attachment":"scroll","background-type":"","background-media":"","overlay-type":"","overlay-color":"","overlay-gradient":""},"tablet":{"background-color":"","background-image":"","background-repeat":"repeat","background-position":"center center","background-size":"auto","background-attachment":"scroll","background-type":"","background-media":"","overlay-type":"","overlay-color":"","overlay-gradient":""},"mobile":{"background-color":"","background-image":"","background-repeat":"repeat","background-position":"center center","background-size":"auto","background-attachment":"scroll","background-type":"","background-media":"","overlay-type":"","overlay-color":"","overlay-gradient":""}},"ast-content-background-meta":{"desktop":{"background-color":"var(--ast-global-color-5)","background-image":"","background-repeat":"repeat","background-position":"center center","background-size":"auto","background-attachment":"scroll","background-type":"","background-media":"","overlay-type":"","overlay-color":"","overlay-gradient":""},"tablet":{"background-color":"var(--ast-global-color-5)","background-image":"","background-repeat":"repeat","background-position":"center center","background-size":"auto","background-attachment":"scroll","background-type":"","background-media":"","overlay-type":"","overlay-color":"","overlay-gradient":""},"mobile":{"background-color":"var(--ast-global-color-5)","background-image":"","background-repeat":"repeat","background-position":"center center","background-size":"auto","background-attachment":"scroll","background-type":"","background-media":"","overlay-type":"","overlay-color":"","overlay-gradient":""}}},"product_cat":[80],"product_tag":[],"class_list":{"0":"post-6169","1":"product","2":"type-product","3":"status-publish","4":"has-post-thumbnail","6":"product_cat-desszert","7":"desktop-align-center","8":"tablet-align-center","9":"mobile-align-center","11":"first","12":"instock","13":"shipping-taxable","14":"purchasable","15":"product-type-simple"},"yoast_head":"<!-- This site is optimized with the Yoast SEO plugin v23.2 - https:\/\/yoast.com\/wordpress\/plugins\/seo\/ -->\n<title>Profitteroles al Cioccolato - PKSG Italiana Ciuri Ciuri Bistro<\/title>\n<meta name=\"description\" content=\"Profitteroles al Cioccolato Finom pisk\u00f3t\u00e1b\u00f3l k\u00e9sz\u00fclt gomb\u00f3cok, melyeket l\u00e1gy tejsz\u00ednhabokkal \u00e9s kr\u00e9mekkel t\u00f6lt\u00fcnk meg, majd csokol\u00e1d\u00e9\u00f6ntettel koron\u00e1zunk.\" \/>\n<meta name=\"robots\" content=\"index, follow, max-snippet:-1, max-image-preview:large, max-video-preview:-1\" \/>\n<link rel=\"canonical\" href=\"https:\/\/www.pksgitaliana.eu\/en\/product\/profitteroles-al-cioccolato\/\" \/>\n<meta property=\"og:locale\" content=\"en_GB\" \/>\n<meta property=\"og:type\" content=\"article\" \/>\n<meta property=\"og:title\" content=\"Profitteroles al Cioccolato - PKSG Italiana Ciuri Ciuri Bistro\" \/>\n<meta property=\"og:description\" content=\"Profitteroles al Cioccolato Finom pisk\u00f3t\u00e1b\u00f3l k\u00e9sz\u00fclt gomb\u00f3cok, melyeket l\u00e1gy tejsz\u00ednhabokkal \u00e9s kr\u00e9mekkel t\u00f6lt\u00fcnk meg, majd csokol\u00e1d\u00e9\u00f6ntettel koron\u00e1zunk.\" \/>\n<meta property=\"og:url\" content=\"https:\/\/www.pksgitaliana.eu\/en\/product\/profitteroles-al-cioccolato\/\" \/>\n<meta property=\"og:site_name\" content=\"PKSG Italiana Ciuri Ciuri Bistro\" \/>\n<meta property=\"article:publisher\" content=\"https:\/\/www.facebook.com\/pksgitaliana\/\" \/>\n<meta property=\"article:modified_time\" content=\"2024-02-07T12:26:02+00:00\" \/>\n<meta property=\"og:image\" content=\"https:\/\/www.pksgitaliana.eu\/wp-content\/uploads\/2023\/10\/profiterol.webp\" \/>\n\t<meta property=\"og:image:width\" content=\"1536\" \/>\n\t<meta property=\"og:image:height\" content=\"2048\" \/>\n\t<meta property=\"og:image:type\" content=\"image\/webp\" \/>\n<meta name=\"twitter:card\" content=\"summary_large_image\" \/>\n<meta name=\"twitter:label1\" content=\"Estimated reading time\" \/>\n\t<meta name=\"twitter:data1\" content=\"1 minute\" \/>\n<script type=\"application\/ld+json\" class=\"yoast-schema-graph\">{\"@context\":\"https:\/\/schema.org\",\"@graph\":[{\"@type\":\"WebPage\",\"@id\":\"https:\/\/www.pksgitaliana.eu\/product\/profitteroles-al-cioccolato\/\",\"url\":\"https:\/\/www.pksgitaliana.eu\/product\/profitteroles-al-cioccolato\/\",\"name\":\"Profitteroles al Cioccolato - PKSG Italiana Ciuri Ciuri Bistro\",\"isPartOf\":{\"@id\":\"https:\/\/www.pksgitaliana.eu\/#website\"},\"primaryImageOfPage\":{\"@id\":\"https:\/\/www.pksgitaliana.eu\/product\/profitteroles-al-cioccolato\/#primaryimage\"},\"image\":{\"@id\":\"https:\/\/www.pksgitaliana.eu\/product\/profitteroles-al-cioccolato\/#primaryimage\"},\"thumbnailUrl\":\"https:\/\/www.pksgitaliana.eu\/wp-content\/uploads\/2023\/10\/profiterol.webp\",\"datePublished\":\"2023-10-27T13:59:15+00:00\",\"dateModified\":\"2024-02-07T12:26:02+00:00\",\"description\":\"Profitteroles al Cioccolato Finom pisk\u00f3t\u00e1b\u00f3l k\u00e9sz\u00fclt gomb\u00f3cok, melyeket l\u00e1gy tejsz\u00ednhabokkal \u00e9s kr\u00e9mekkel t\u00f6lt\u00fcnk meg, majd csokol\u00e1d\u00e9\u00f6ntettel koron\u00e1zunk.\",\"breadcrumb\":{\"@id\":\"https:\/\/www.pksgitaliana.eu\/product\/profitteroles-al-cioccolato\/#breadcrumb\"},\"inLanguage\":\"en-GB\",\"potentialAction\":[{\"@type\":\"ReadAction\",\"target\":[\"https:\/\/www.pksgitaliana.eu\/product\/profitteroles-al-cioccolato\/\"]}]},{\"@type\":\"ImageObject\",\"inLanguage\":\"en-GB\",\"@id\":\"https:\/\/www.pksgitaliana.eu\/product\/profitteroles-al-cioccolato\/#primaryimage\",\"url\":\"https:\/\/www.pksgitaliana.eu\/wp-content\/uploads\/2023\/10\/profiterol.webp\",\"contentUrl\":\"https:\/\/www.pksgitaliana.eu\/wp-content\/uploads\/2023\/10\/profiterol.webp\",\"width\":1536,\"height\":2048},{\"@type\":\"BreadcrumbList\",\"@id\":\"https:\/\/www.pksgitaliana.eu\/product\/profitteroles-al-cioccolato\/#breadcrumb\",\"itemListElement\":[{\"@type\":\"ListItem\",\"position\":1,\"name\":\"Home\",\"item\":\"https:\/\/www.pksgitaliana.eu\/\"},{\"@type\":\"ListItem\",\"position\":2,\"name\":\"Rendel\u00e9s\",\"item\":\"https:\/\/www.pksgitaliana.eu\/rendeles\/\"},{\"@type\":\"ListItem\",\"position\":3,\"name\":\"Profitteroles al Cioccolato\"}]},{\"@type\":\"WebSite\",\"@id\":\"https:\/\/www.pksgitaliana.eu\/#website\",\"url\":\"https:\/\/www.pksgitaliana.eu\/\",\"name\":\"PKSG Italiana Ciuri Ciuri Bistro\",\"description\":\"Szicil\u00edai \u00e9tterem\",\"publisher\":{\"@id\":\"https:\/\/www.pksgitaliana.eu\/#organization\"},\"alternateName\":\"PKSG Italiana\",\"potentialAction\":[{\"@type\":\"SearchAction\",\"target\":{\"@type\":\"EntryPoint\",\"urlTemplate\":\"https:\/\/www.pksgitaliana.eu\/?s={search_term_string}\"},\"query-input\":\"required name=search_term_string\"}],\"inLanguage\":\"en-GB\"},{\"@type\":\"Organization\",\"@id\":\"https:\/\/www.pksgitaliana.eu\/#organization\",\"name\":\"PKSG Italiana Ciuri Ciuri Bistro\",\"alternateName\":\"PKSG Italiana\",\"url\":\"https:\/\/www.pksgitaliana.eu\/\",\"logo\":{\"@type\":\"ImageObject\",\"inLanguage\":\"en-GB\",\"@id\":\"https:\/\/www.pksgitaliana.eu\/#\/schema\/logo\/image\/\",\"url\":\"https:\/\/www.pksgitaliana.eu\/wp-content\/uploads\/2024\/02\/cropped-sajat-logo-1.webp\",\"contentUrl\":\"https:\/\/www.pksgitaliana.eu\/wp-content\/uploads\/2024\/02\/cropped-sajat-logo-1.webp\",\"width\":886,\"height\":296,\"caption\":\"PKSG Italiana Ciuri Ciuri Bistro\"},\"image\":{\"@id\":\"https:\/\/www.pksgitaliana.eu\/#\/schema\/logo\/image\/\"},\"sameAs\":[\"https:\/\/www.facebook.com\/pksgitaliana\/\"]}]}<\/script>\n<!-- \/ Yoast SEO plugin. -->","yoast_head_json":{"title":"Profitteroles al Cioccolato - PKSG Italiana Ciuri Ciuri Bistro","description":"Profitteroles al Cioccolato Finom pisk\u00f3t\u00e1b\u00f3l k\u00e9sz\u00fclt gomb\u00f3cok, melyeket l\u00e1gy tejsz\u00ednhabokkal \u00e9s kr\u00e9mekkel t\u00f6lt\u00fcnk meg, majd csokol\u00e1d\u00e9\u00f6ntettel koron\u00e1zunk.","robots":{"index":"index","follow":"follow","max-snippet":"max-snippet:-1","max-image-preview":"max-image-preview:large","max-video-preview":"max-video-preview:-1"},"canonical":"https:\/\/www.pksgitaliana.eu\/en\/product\/profitteroles-al-cioccolato\/","og_locale":"en_GB","og_type":"article","og_title":"Profitteroles al Cioccolato - PKSG Italiana Ciuri Ciuri Bistro","og_description":"Profitteroles al Cioccolato Finom pisk\u00f3t\u00e1b\u00f3l k\u00e9sz\u00fclt gomb\u00f3cok, melyeket l\u00e1gy tejsz\u00ednhabokkal \u00e9s kr\u00e9mekkel t\u00f6lt\u00fcnk meg, majd csokol\u00e1d\u00e9\u00f6ntettel koron\u00e1zunk.","og_url":"https:\/\/www.pksgitaliana.eu\/en\/product\/profitteroles-al-cioccolato\/","og_site_name":"PKSG Italiana Ciuri Ciuri Bistro","article_publisher":"https:\/\/www.facebook.com\/pksgitaliana\/","article_modified_time":"2024-02-07T12:26:02+00:00","og_image":[{"width":1536,"height":2048,"url":"https:\/\/www.pksgitaliana.eu\/wp-content\/uploads\/2023\/10\/profiterol.webp","type":"image\/webp"}],"twitter_card":"summary_large_image","twitter_misc":{"Estimated reading time":"1 minute"},"schema":{"@context":"https:\/\/schema.org","@graph":[{"@type":"WebPage","@id":"https:\/\/www.pksgitaliana.eu\/product\/profitteroles-al-cioccolato\/","url":"https:\/\/www.pksgitaliana.eu\/product\/profitteroles-al-cioccolato\/","name":"Profitteroles al Cioccolato - PKSG Italiana Ciuri Ciuri Bistro","isPartOf":{"@id":"https:\/\/www.pksgitaliana.eu\/#website"},"primaryImageOfPage":{"@id":"https:\/\/www.pksgitaliana.eu\/product\/profitteroles-al-cioccolato\/#primaryimage"},"image":{"@id":"https:\/\/www.pksgitaliana.eu\/product\/profitteroles-al-cioccolato\/#primaryimage"},"thumbnailUrl":"https:\/\/www.pksgitaliana.eu\/wp-content\/uploads\/2023\/10\/profiterol.webp","datePublished":"2023-10-27T13:59:15+00:00","dateModified":"2024-02-07T12:26:02+00:00","description":"Profitteroles al Cioccolato Finom pisk\u00f3t\u00e1b\u00f3l k\u00e9sz\u00fclt gomb\u00f3cok, melyeket l\u00e1gy tejsz\u00ednhabokkal \u00e9s kr\u00e9mekkel t\u00f6lt\u00fcnk meg, majd csokol\u00e1d\u00e9\u00f6ntettel koron\u00e1zunk.","breadcrumb":{"@id":"https:\/\/www.pksgitaliana.eu\/product\/profitteroles-al-cioccolato\/#breadcrumb"},"inLanguage":"en-GB","potentialAction":[{"@type":"ReadAction","target":["https:\/\/www.pksgitaliana.eu\/product\/profitteroles-al-cioccolato\/"]}]},{"@type":"ImageObject","inLanguage":"en-GB","@id":"https:\/\/www.pksgitaliana.eu\/product\/profitteroles-al-cioccolato\/#primaryimage","url":"https:\/\/www.pksgitaliana.eu\/wp-content\/uploads\/2023\/10\/profiterol.webp","contentUrl":"https:\/\/www.pksgitaliana.eu\/wp-content\/uploads\/2023\/10\/profiterol.webp","width":1536,"height":2048},{"@type":"BreadcrumbList","@id":"https:\/\/www.pksgitaliana.eu\/product\/profitteroles-al-cioccolato\/#breadcrumb","itemListElement":[{"@type":"ListItem","position":1,"name":"Home","item":"https:\/\/www.pksgitaliana.eu\/"},{"@type":"ListItem","position":2,"name":"Rendel\u00e9s","item":"https:\/\/www.pksgitaliana.eu\/rendeles\/"},{"@type":"ListItem","position":3,"name":"Profitteroles al Cioccolato"}]},{"@type":"WebSite","@id":"https:\/\/www.pksgitaliana.eu\/#website","url":"https:\/\/www.pksgitaliana.eu\/","name":"PKSG Italiana Ciuri Ciuri Bistro","description":"Szicil\u00edai \u00e9tterem","publisher":{"@id":"https:\/\/www.pksgitaliana.eu\/#organization"},"alternateName":"PKSG Italiana","potentialAction":[{"@type":"SearchAction","target":{"@type":"EntryPoint","urlTemplate":"https:\/\/www.pksgitaliana.eu\/?s={search_term_string}"},"query-input":"required name=search_term_string"}],"inLanguage":"en-GB"},{"@type":"Organization","@id":"https:\/\/www.pksgitaliana.eu\/#organization","name":"PKSG Italiana Ciuri Ciuri Bistro","alternateName":"PKSG Italiana","url":"https:\/\/www.pksgitaliana.eu\/","logo":{"@type":"ImageObject","inLanguage":"en-GB","@id":"https:\/\/www.pksgitaliana.eu\/#\/schema\/logo\/image\/","url":"https:\/\/www.pksgitaliana.eu\/wp-content\/uploads\/2024\/02\/cropped-sajat-logo-1.webp","contentUrl":"https:\/\/www.pksgitaliana.eu\/wp-content\/uploads\/2024\/02\/cropped-sajat-logo-1.webp","width":886,"height":296,"caption":"PKSG Italiana Ciuri Ciuri Bistro"},"image":{"@id":"https:\/\/www.pksgitaliana.eu\/#\/schema\/logo\/image\/"},"sameAs":["https:\/\/www.facebook.com\/pksgitaliana\/"]}]}},"_links":{"self":[{"href":"https:\/\/www.pksgitaliana.eu\/en\/wp-json\/wp\/v2\/product\/6169","targetHints":{"allow":["GET"]}}],"collection":[{"href":"https:\/\/www.pksgitaliana.eu\/en\/wp-json\/wp\/v2\/product"}],"about":[{"href":"https:\/\/www.pksgitaliana.eu\/en\/wp-json\/wp\/v2\/types\/product"}],"wp:featuredmedia":[{"embeddable":true,"href":"https:\/\/www.pksgitaliana.eu\/en\/wp-json\/wp\/v2\/media\/7059"}],"wp:attachment":[{"href":"https:\/\/www.pksgitaliana.eu\/en\/wp-json\/wp\/v2\/media?parent=6169"}],"wp:term":[{"taxonomy":"product_cat","embeddable":true,"href":"https:\/\/www.pksgitaliana.eu\/en\/wp-json\/wp\/v2\/product_cat?post=6169"},{"taxonomy":"product_tag","embeddable":true,"href":"https:\/\/www.pksgitaliana.eu\/en\/wp-json\/wp\/v2\/product_tag?post=6169"}],"curies":[{"name":"wp","href":"https:\/\/api.w.org\/{rel}","templated":true}]}}