{"id":6168,"date":"2023-10-27T13:58:43","date_gmt":"2023-10-27T13:58:43","guid":{"rendered":"http:\/\/www.pksgitaliana.eu\/?post_type=product&#038;p=6168"},"modified":"2024-02-07T13:25:55","modified_gmt":"2024-02-07T13:25:55","slug":"tiramisu","status":"publish","type":"product","link":"https:\/\/www.pksgitaliana.eu\/en\/product\/tiramisu\/","title":{"rendered":"Tiramisu"},"content":{"rendered":"<p>Tiramisu is a delicious and popular Italian dessert called \"tir\u00e1-mi-su\", which means \"lift me up\" in Italian. Tiramisu is traditionally made with coffee-infused sponge cake, layered with a creamy mascarpone cheese and egg yolk. The dessert is sprinkled with cocoa powder on top.<\/p>\n<p><strong>Product description: Tiramisu dessert:<\/strong><\/p>\n<p>Our tiramisu is made according to a traditional Italian recipe, using carefully selected ingredients to deliver the highest quality and authentic taste. Each bite invites you on a journey through the world of Italian cuisine.<\/p>\n<p><strong>Key features:<\/strong><\/p>\n<ol>\n<li><strong>Mascarpone cream:<\/strong> Creamy and silky mascarpone cheese cream that complements the flavours perfectly. The mascarpone is the base of the dessert and guarantees a soft, rich texture.<\/li>\n<li><strong>Coffee infused sponge cake:<\/strong> Delicately soft layers of sponge cake, carefully infused with freshly brewed, aromatic coffee. This step adds the intense coffee taste and aroma to the tiramisu.<\/li>\n<li><strong>Egg yolk cream:<\/strong> The egg yolks used to make the cream for the dessert soften the flavours and make the overall effect even creamier.<\/li>\n<li><strong>Cocoa powder:<\/strong> The cocoa powder on top gives the tiramisu a distinctive sweet-bitter flavour that contrasts perfectly with the creamy layers.<\/li>\n<li><strong>Quality and Freshness:<\/strong> It is freshly made and has balanced flavours, where all the ingredients strive for perfect harmony.<\/li>\n<\/ol>\n<p>Enjoy the sweet satisfaction and indulgence of Italian culinary masterpieces with our tiramis, the perfect choice for any occasion or to indulge your dessert lovers.<\/p>","protected":false},"excerpt":{"rendered":"<p>Tiramisu is a delicious and popular Italian dessert called \"tir\u00e1-mi-su\", which means \"lift me up\" in Italian. Tiramisu is traditionally made with coffee-infused sponge cake, layered with a creamy mascarpone cheese and egg yolk. The dessert is sprinkled with cocoa powder on top.<\/p>","protected":false},"featured_media":7103,"template":"","meta":{"site-sidebar-layout":"default","site-content-layout":"","ast-site-content-layout":"default","site-content-style":"default","site-sidebar-style":"default","ast-global-header-display":"","ast-banner-title-visibility":"","ast-main-header-display":"","ast-hfb-above-header-display":"","ast-hfb-below-header-display":"","ast-hfb-mobile-header-display":"","site-post-title":"","ast-breadcrumbs-content":"","ast-featured-img":"","footer-sml-layout":"","theme-transparent-header-meta":"default","adv-header-id-meta":"","stick-header-meta":"","header-above-stick-meta":"","header-main-stick-meta":"","header-below-stick-meta":"","astra-migrate-meta-layouts":"set","ast-page-background-enabled":"default","ast-page-background-meta":{"desktop":{"background-color":"","background-image":"","background-repeat":"repeat","background-position":"center center","background-size":"auto","background-attachment":"scroll","background-type":"","background-media":"","overlay-type":"","overlay-color":"","overlay-gradient":""},"tablet":{"background-color":"","background-image":"","background-repeat":"repeat","background-position":"center center","background-size":"auto","background-attachment":"scroll","background-type":"","background-media":"","overlay-type":"","overlay-color":"","overlay-gradient":""},"mobile":{"background-color":"","background-image":"","background-repeat":"repeat","background-position":"center center","background-size":"auto","background-attachment":"scroll","background-type":"","background-media":"","overlay-type":"","overlay-color":"","overlay-gradient":""}},"ast-content-background-meta":{"desktop":{"background-color":"var(--ast-global-color-5)","background-image":"","background-repeat":"repeat","background-position":"center center","background-size":"auto","background-attachment":"scroll","background-type":"","background-media":"","overlay-type":"","overlay-color":"","overlay-gradient":""},"tablet":{"background-color":"var(--ast-global-color-5)","background-image":"","background-repeat":"repeat","background-position":"center center","background-size":"auto","background-attachment":"scroll","background-type":"","background-media":"","overlay-type":"","overlay-color":"","overlay-gradient":""},"mobile":{"background-color":"var(--ast-global-color-5)","background-image":"","background-repeat":"repeat","background-position":"center center","background-size":"auto","background-attachment":"scroll","background-type":"","background-media":"","overlay-type":"","overlay-color":"","overlay-gradient":""}}},"product_cat":[80],"product_tag":[],"class_list":{"0":"post-6168","1":"product","2":"type-product","3":"status-publish","4":"has-post-thumbnail","6":"product_cat-desszert","7":"desktop-align-center","8":"tablet-align-center","9":"mobile-align-center","11":"first","12":"instock","13":"shipping-taxable","14":"purchasable","15":"product-type-simple"},"yoast_head":"<!-- This site is optimized with the Yoast SEO plugin v23.2 - https:\/\/yoast.com\/wordpress\/plugins\/seo\/ -->\n<title>Tiramisu - PKSG Italiana Ciuri Ciuri Bistro<\/title>\n<meta name=\"description\" content=\"Fedezze fel az autentikus olasz \u00edzek var\u00e1zs\u00e1t a mi frissen k\u00e9sz\u00fclt Tiramisu desszert\u00fcnkkel. \u00c9lvezze a kr\u00e9mes mascarpone r\u00e9tegek \u00e9s a k\u00e1v\u00e9val \u00e1titatott\" \/>\n<meta name=\"robots\" content=\"index, follow, max-snippet:-1, max-image-preview:large, max-video-preview:-1\" \/>\n<link rel=\"canonical\" href=\"https:\/\/www.pksgitaliana.eu\/en\/product\/tiramisu\/\" \/>\n<meta property=\"og:locale\" content=\"en_GB\" \/>\n<meta property=\"og:type\" content=\"article\" \/>\n<meta property=\"og:title\" content=\"Tiramisu - PKSG Italiana Ciuri Ciuri Bistro\" \/>\n<meta property=\"og:description\" content=\"Fedezze fel az autentikus olasz \u00edzek var\u00e1zs\u00e1t a mi frissen k\u00e9sz\u00fclt Tiramisu desszert\u00fcnkkel. \u00c9lvezze a kr\u00e9mes mascarpone r\u00e9tegek \u00e9s a k\u00e1v\u00e9val \u00e1titatott\" \/>\n<meta property=\"og:url\" content=\"https:\/\/www.pksgitaliana.eu\/en\/product\/tiramisu\/\" \/>\n<meta property=\"og:site_name\" content=\"PKSG Italiana Ciuri Ciuri Bistro\" \/>\n<meta property=\"article:publisher\" content=\"https:\/\/www.facebook.com\/pksgitaliana\/\" \/>\n<meta property=\"article:modified_time\" content=\"2024-02-07T13:25:55+00:00\" \/>\n<meta property=\"og:image\" content=\"https:\/\/www.pksgitaliana.eu\/wp-content\/uploads\/2023\/10\/111-tiramisu.webp\" \/>\n\t<meta property=\"og:image:width\" content=\"1536\" \/>\n\t<meta property=\"og:image:height\" content=\"2048\" \/>\n\t<meta property=\"og:image:type\" content=\"image\/webp\" \/>\n<meta name=\"twitter:card\" content=\"summary_large_image\" \/>\n<meta name=\"twitter:label1\" content=\"Estimated reading time\" \/>\n\t<meta name=\"twitter:data1\" content=\"2 minutes\" \/>\n<script type=\"application\/ld+json\" class=\"yoast-schema-graph\">{\"@context\":\"https:\/\/schema.org\",\"@graph\":[{\"@type\":\"WebPage\",\"@id\":\"https:\/\/www.pksgitaliana.eu\/product\/tiramisu\/\",\"url\":\"https:\/\/www.pksgitaliana.eu\/product\/tiramisu\/\",\"name\":\"Tiramisu - PKSG Italiana Ciuri Ciuri Bistro\",\"isPartOf\":{\"@id\":\"https:\/\/www.pksgitaliana.eu\/#website\"},\"primaryImageOfPage\":{\"@id\":\"https:\/\/www.pksgitaliana.eu\/product\/tiramisu\/#primaryimage\"},\"image\":{\"@id\":\"https:\/\/www.pksgitaliana.eu\/product\/tiramisu\/#primaryimage\"},\"thumbnailUrl\":\"https:\/\/www.pksgitaliana.eu\/wp-content\/uploads\/2023\/10\/111-tiramisu.webp\",\"datePublished\":\"2023-10-27T13:58:43+00:00\",\"dateModified\":\"2024-02-07T13:25:55+00:00\",\"description\":\"Fedezze fel az autentikus olasz \u00edzek var\u00e1zs\u00e1t a mi frissen k\u00e9sz\u00fclt Tiramisu desszert\u00fcnkkel. \u00c9lvezze a kr\u00e9mes mascarpone r\u00e9tegek \u00e9s a k\u00e1v\u00e9val \u00e1titatott\",\"breadcrumb\":{\"@id\":\"https:\/\/www.pksgitaliana.eu\/product\/tiramisu\/#breadcrumb\"},\"inLanguage\":\"en-GB\",\"potentialAction\":[{\"@type\":\"ReadAction\",\"target\":[\"https:\/\/www.pksgitaliana.eu\/product\/tiramisu\/\"]}]},{\"@type\":\"ImageObject\",\"inLanguage\":\"en-GB\",\"@id\":\"https:\/\/www.pksgitaliana.eu\/product\/tiramisu\/#primaryimage\",\"url\":\"https:\/\/www.pksgitaliana.eu\/wp-content\/uploads\/2023\/10\/111-tiramisu.webp\",\"contentUrl\":\"https:\/\/www.pksgitaliana.eu\/wp-content\/uploads\/2023\/10\/111-tiramisu.webp\",\"width\":1536,\"height\":2048},{\"@type\":\"BreadcrumbList\",\"@id\":\"https:\/\/www.pksgitaliana.eu\/product\/tiramisu\/#breadcrumb\",\"itemListElement\":[{\"@type\":\"ListItem\",\"position\":1,\"name\":\"Home\",\"item\":\"https:\/\/www.pksgitaliana.eu\/\"},{\"@type\":\"ListItem\",\"position\":2,\"name\":\"Rendel\u00e9s\",\"item\":\"https:\/\/www.pksgitaliana.eu\/rendeles\/\"},{\"@type\":\"ListItem\",\"position\":3,\"name\":\"Tiramisu\"}]},{\"@type\":\"WebSite\",\"@id\":\"https:\/\/www.pksgitaliana.eu\/#website\",\"url\":\"https:\/\/www.pksgitaliana.eu\/\",\"name\":\"PKSG Italiana Ciuri Ciuri Bistro\",\"description\":\"Szicil\u00edai \u00e9tterem\",\"publisher\":{\"@id\":\"https:\/\/www.pksgitaliana.eu\/#organization\"},\"alternateName\":\"PKSG Italiana\",\"potentialAction\":[{\"@type\":\"SearchAction\",\"target\":{\"@type\":\"EntryPoint\",\"urlTemplate\":\"https:\/\/www.pksgitaliana.eu\/?s={search_term_string}\"},\"query-input\":\"required name=search_term_string\"}],\"inLanguage\":\"en-GB\"},{\"@type\":\"Organization\",\"@id\":\"https:\/\/www.pksgitaliana.eu\/#organization\",\"name\":\"PKSG Italiana Ciuri Ciuri Bistro\",\"alternateName\":\"PKSG Italiana\",\"url\":\"https:\/\/www.pksgitaliana.eu\/\",\"logo\":{\"@type\":\"ImageObject\",\"inLanguage\":\"en-GB\",\"@id\":\"https:\/\/www.pksgitaliana.eu\/#\/schema\/logo\/image\/\",\"url\":\"https:\/\/www.pksgitaliana.eu\/wp-content\/uploads\/2024\/02\/cropped-sajat-logo-1.webp\",\"contentUrl\":\"https:\/\/www.pksgitaliana.eu\/wp-content\/uploads\/2024\/02\/cropped-sajat-logo-1.webp\",\"width\":886,\"height\":296,\"caption\":\"PKSG Italiana Ciuri Ciuri Bistro\"},\"image\":{\"@id\":\"https:\/\/www.pksgitaliana.eu\/#\/schema\/logo\/image\/\"},\"sameAs\":[\"https:\/\/www.facebook.com\/pksgitaliana\/\"]}]}<\/script>\n<!-- \/ Yoast SEO plugin. -->","yoast_head_json":{"title":"Tiramisu - PKSG Italiana Ciuri Ciuri Bistro","description":"Fedezze fel az autentikus olasz \u00edzek var\u00e1zs\u00e1t a mi frissen k\u00e9sz\u00fclt Tiramisu desszert\u00fcnkkel. \u00c9lvezze a kr\u00e9mes mascarpone r\u00e9tegek \u00e9s a k\u00e1v\u00e9val \u00e1titatott","robots":{"index":"index","follow":"follow","max-snippet":"max-snippet:-1","max-image-preview":"max-image-preview:large","max-video-preview":"max-video-preview:-1"},"canonical":"https:\/\/www.pksgitaliana.eu\/en\/product\/tiramisu\/","og_locale":"en_GB","og_type":"article","og_title":"Tiramisu - PKSG Italiana Ciuri Ciuri Bistro","og_description":"Fedezze fel az autentikus olasz \u00edzek var\u00e1zs\u00e1t a mi frissen k\u00e9sz\u00fclt Tiramisu desszert\u00fcnkkel. \u00c9lvezze a kr\u00e9mes mascarpone r\u00e9tegek \u00e9s a k\u00e1v\u00e9val \u00e1titatott","og_url":"https:\/\/www.pksgitaliana.eu\/en\/product\/tiramisu\/","og_site_name":"PKSG Italiana Ciuri Ciuri Bistro","article_publisher":"https:\/\/www.facebook.com\/pksgitaliana\/","article_modified_time":"2024-02-07T13:25:55+00:00","og_image":[{"width":1536,"height":2048,"url":"https:\/\/www.pksgitaliana.eu\/wp-content\/uploads\/2023\/10\/111-tiramisu.webp","type":"image\/webp"}],"twitter_card":"summary_large_image","twitter_misc":{"Estimated reading time":"2 minutes"},"schema":{"@context":"https:\/\/schema.org","@graph":[{"@type":"WebPage","@id":"https:\/\/www.pksgitaliana.eu\/product\/tiramisu\/","url":"https:\/\/www.pksgitaliana.eu\/product\/tiramisu\/","name":"Tiramisu - PKSG Italiana Ciuri Ciuri Bistro","isPartOf":{"@id":"https:\/\/www.pksgitaliana.eu\/#website"},"primaryImageOfPage":{"@id":"https:\/\/www.pksgitaliana.eu\/product\/tiramisu\/#primaryimage"},"image":{"@id":"https:\/\/www.pksgitaliana.eu\/product\/tiramisu\/#primaryimage"},"thumbnailUrl":"https:\/\/www.pksgitaliana.eu\/wp-content\/uploads\/2023\/10\/111-tiramisu.webp","datePublished":"2023-10-27T13:58:43+00:00","dateModified":"2024-02-07T13:25:55+00:00","description":"Fedezze fel az autentikus olasz \u00edzek var\u00e1zs\u00e1t a mi frissen k\u00e9sz\u00fclt Tiramisu desszert\u00fcnkkel. \u00c9lvezze a kr\u00e9mes mascarpone r\u00e9tegek \u00e9s a k\u00e1v\u00e9val \u00e1titatott","breadcrumb":{"@id":"https:\/\/www.pksgitaliana.eu\/product\/tiramisu\/#breadcrumb"},"inLanguage":"en-GB","potentialAction":[{"@type":"ReadAction","target":["https:\/\/www.pksgitaliana.eu\/product\/tiramisu\/"]}]},{"@type":"ImageObject","inLanguage":"en-GB","@id":"https:\/\/www.pksgitaliana.eu\/product\/tiramisu\/#primaryimage","url":"https:\/\/www.pksgitaliana.eu\/wp-content\/uploads\/2023\/10\/111-tiramisu.webp","contentUrl":"https:\/\/www.pksgitaliana.eu\/wp-content\/uploads\/2023\/10\/111-tiramisu.webp","width":1536,"height":2048},{"@type":"BreadcrumbList","@id":"https:\/\/www.pksgitaliana.eu\/product\/tiramisu\/#breadcrumb","itemListElement":[{"@type":"ListItem","position":1,"name":"Home","item":"https:\/\/www.pksgitaliana.eu\/"},{"@type":"ListItem","position":2,"name":"Rendel\u00e9s","item":"https:\/\/www.pksgitaliana.eu\/rendeles\/"},{"@type":"ListItem","position":3,"name":"Tiramisu"}]},{"@type":"WebSite","@id":"https:\/\/www.pksgitaliana.eu\/#website","url":"https:\/\/www.pksgitaliana.eu\/","name":"PKSG Italiana Ciuri Ciuri Bistro","description":"Szicil\u00edai \u00e9tterem","publisher":{"@id":"https:\/\/www.pksgitaliana.eu\/#organization"},"alternateName":"PKSG Italiana","potentialAction":[{"@type":"SearchAction","target":{"@type":"EntryPoint","urlTemplate":"https:\/\/www.pksgitaliana.eu\/?s={search_term_string}"},"query-input":"required name=search_term_string"}],"inLanguage":"en-GB"},{"@type":"Organization","@id":"https:\/\/www.pksgitaliana.eu\/#organization","name":"PKSG Italiana Ciuri Ciuri Bistro","alternateName":"PKSG Italiana","url":"https:\/\/www.pksgitaliana.eu\/","logo":{"@type":"ImageObject","inLanguage":"en-GB","@id":"https:\/\/www.pksgitaliana.eu\/#\/schema\/logo\/image\/","url":"https:\/\/www.pksgitaliana.eu\/wp-content\/uploads\/2024\/02\/cropped-sajat-logo-1.webp","contentUrl":"https:\/\/www.pksgitaliana.eu\/wp-content\/uploads\/2024\/02\/cropped-sajat-logo-1.webp","width":886,"height":296,"caption":"PKSG Italiana Ciuri Ciuri Bistro"},"image":{"@id":"https:\/\/www.pksgitaliana.eu\/#\/schema\/logo\/image\/"},"sameAs":["https:\/\/www.facebook.com\/pksgitaliana\/"]}]}},"_links":{"self":[{"href":"https:\/\/www.pksgitaliana.eu\/en\/wp-json\/wp\/v2\/product\/6168","targetHints":{"allow":["GET"]}}],"collection":[{"href":"https:\/\/www.pksgitaliana.eu\/en\/wp-json\/wp\/v2\/product"}],"about":[{"href":"https:\/\/www.pksgitaliana.eu\/en\/wp-json\/wp\/v2\/types\/product"}],"wp:featuredmedia":[{"embeddable":true,"href":"https:\/\/www.pksgitaliana.eu\/en\/wp-json\/wp\/v2\/media\/7103"}],"wp:attachment":[{"href":"https:\/\/www.pksgitaliana.eu\/en\/wp-json\/wp\/v2\/media?parent=6168"}],"wp:term":[{"taxonomy":"product_cat","embeddable":true,"href":"https:\/\/www.pksgitaliana.eu\/en\/wp-json\/wp\/v2\/product_cat?post=6168"},{"taxonomy":"product_tag","embeddable":true,"href":"https:\/\/www.pksgitaliana.eu\/en\/wp-json\/wp\/v2\/product_tag?post=6168"}],"curies":[{"name":"wp","href":"https:\/\/api.w.org\/{rel}","templated":true}]}}