{"id":6166,"date":"2023-10-27T13:57:09","date_gmt":"2023-10-27T13:57:09","guid":{"rendered":"http:\/\/www.pksgitaliana.eu\/?post_type=product&#038;p=6166"},"modified":"2024-02-07T12:03:00","modified_gmt":"2024-02-07T12:03:00","slug":"penne-spaghetti-o-fusilli-al-pomodoro-e-basilico","status":"publish","type":"product","link":"https:\/\/www.pksgitaliana.eu\/en\/product\/penne-spaghetti-o-fusilli-al-pomodoro-e-basilico\/","title":{"rendered":"Penne Spaghetti or Fusilli al Pomodoro e Basilico"},"content":{"rendered":"<p>Welcome to the world of delicious and authentic Italian cuisine! We present to you Penne Spaghetti o Fusilli al Pomodoro e Basilico, an exceptional dish that embodies the true flavours of Italy.<\/p>\n<p>This special blend combines penne, spaghetti and fusilli pasta with classic Italian tomato and basil sauce to create a guaranteed treat for your taste buds. Each bite invites you on a journey through the world of Italian cuisine.<\/p>\n<p>The pasta is cooked perfectly al dente, so you can enjoy the authentic experience of traditional Italian pasta dishes. The pomodoro and basilico sauce is made with fresh tomatoes, paired with carefully selected fresh basil and high quality olive oil. The result is a rich and tasty sauce that perfectly combines the sweetness of tomatoes and the freshness of basil.<\/p>\n<p>This special dish is an ideal choice for anyone who loves tasty and light, yet satisfying food. Penne Spaghetti o Fusilli al Pomodoro e Basilico is not just a dish, it is an experience, with every bite of Italian cuisine.<\/p>\n<p>Prepare it at home to instantly immerse yourself in the Italian way of life, or treat your loved ones to this exclusive experience. Real Italian cuisine is just a bite away -<\/p>","protected":false},"excerpt":{"rendered":"<p>Welcome to the world of delicious and authentic Italian cuisine! We present to you Penne Spaghetti o Fusilli al Pomodoro e Basilico, an exceptional dish that embodies the true flavours of Italy.<\/p>","protected":false},"featured_media":7057,"template":"","meta":{"site-sidebar-layout":"default","site-content-layout":"","ast-site-content-layout":"default","site-content-style":"default","site-sidebar-style":"default","ast-global-header-display":"","ast-banner-title-visibility":"","ast-main-header-display":"","ast-hfb-above-header-display":"","ast-hfb-below-header-display":"","ast-hfb-mobile-header-display":"","site-post-title":"","ast-breadcrumbs-content":"","ast-featured-img":"","footer-sml-layout":"","theme-transparent-header-meta":"default","adv-header-id-meta":"","stick-header-meta":"","header-above-stick-meta":"","header-main-stick-meta":"","header-below-stick-meta":"","astra-migrate-meta-layouts":"set","ast-page-background-enabled":"default","ast-page-background-meta":{"desktop":{"background-color":"","background-image":"","background-repeat":"repeat","background-position":"center center","background-size":"auto","background-attachment":"scroll","background-type":"","background-media":"","overlay-type":"","overlay-color":"","overlay-gradient":""},"tablet":{"background-color":"","background-image":"","background-repeat":"repeat","background-position":"center center","background-size":"auto","background-attachment":"scroll","background-type":"","background-media":"","overlay-type":"","overlay-color":"","overlay-gradient":""},"mobile":{"background-color":"","background-image":"","background-repeat":"repeat","background-position":"center center","background-size":"auto","background-attachment":"scroll","background-type":"","background-media":"","overlay-type":"","overlay-color":"","overlay-gradient":""}},"ast-content-background-meta":{"desktop":{"background-color":"var(--ast-global-color-5)","background-image":"","background-repeat":"repeat","background-position":"center center","background-size":"auto","background-attachment":"scroll","background-type":"","background-media":"","overlay-type":"","overlay-color":"","overlay-gradient":""},"tablet":{"background-color":"var(--ast-global-color-5)","background-image":"","background-repeat":"repeat","background-position":"center center","background-size":"auto","background-attachment":"scroll","background-type":"","background-media":"","overlay-type":"","overlay-color":"","overlay-gradient":""},"mobile":{"background-color":"var(--ast-global-color-5)","background-image":"","background-repeat":"repeat","background-position":"center center","background-size":"auto","background-attachment":"scroll","background-type":"","background-media":"","overlay-type":"","overlay-color":"","overlay-gradient":""}}},"product_cat":[37],"product_tag":[],"class_list":{"0":"post-6166","1":"product","2":"type-product","3":"status-publish","4":"has-post-thumbnail","6":"product_cat-teszta","7":"desktop-align-center","8":"tablet-align-center","9":"mobile-align-center","11":"first","12":"instock","13":"shipping-taxable","14":"purchasable","15":"product-type-simple"},"yoast_head":"<!-- This site is optimized with the Yoast SEO plugin v23.2 - https:\/\/yoast.com\/wordpress\/plugins\/seo\/ -->\n<title>Penne Spaghetti o Fusilli al Pomodoro e Basilico - PKSG Italiana Ciuri Ciuri Bistro<\/title>\n<meta name=\"description\" content=\"A Penne Spaghetti o Fusilli al Pomodoro e Basilico , k\u00f6r\u00fcl\u00f6leli a gazdag, h\u00e1zi k\u00e9sz\u00edt\u00e9s\u0171 paradicsomsz\u00f3sz \u00e9s a friss bazsalikom harmonikus \u00edz\u00e9\" \/>\n<meta name=\"robots\" content=\"index, follow, max-snippet:-1, max-image-preview:large, max-video-preview:-1\" \/>\n<link rel=\"canonical\" href=\"https:\/\/www.pksgitaliana.eu\/en\/product\/penne-spaghetti-o-fusilli-al-pomodoro-e-basilico\/\" \/>\n<meta property=\"og:locale\" content=\"en_GB\" \/>\n<meta property=\"og:type\" content=\"article\" \/>\n<meta property=\"og:title\" content=\"Penne Spaghetti o Fusilli al Pomodoro e Basilico - PKSG Italiana Ciuri Ciuri Bistro\" \/>\n<meta property=\"og:description\" content=\"A Penne Spaghetti o Fusilli al Pomodoro e Basilico , k\u00f6r\u00fcl\u00f6leli a gazdag, h\u00e1zi k\u00e9sz\u00edt\u00e9s\u0171 paradicsomsz\u00f3sz \u00e9s a friss bazsalikom harmonikus \u00edz\u00e9\" \/>\n<meta property=\"og:url\" content=\"https:\/\/www.pksgitaliana.eu\/en\/product\/penne-spaghetti-o-fusilli-al-pomodoro-e-basilico\/\" \/>\n<meta property=\"og:site_name\" content=\"PKSG Italiana Ciuri Ciuri Bistro\" \/>\n<meta property=\"article:publisher\" content=\"https:\/\/www.facebook.com\/pksgitaliana\/\" \/>\n<meta property=\"article:modified_time\" content=\"2024-02-07T12:03:00+00:00\" \/>\n<meta property=\"og:image\" content=\"https:\/\/www.pksgitaliana.eu\/wp-content\/uploads\/2023\/10\/penne-spaghetti-o-fusili-al-pomodoro.webp\" \/>\n\t<meta property=\"og:image:width\" content=\"1536\" \/>\n\t<meta property=\"og:image:height\" content=\"2048\" \/>\n\t<meta property=\"og:image:type\" content=\"image\/webp\" \/>\n<meta name=\"twitter:card\" content=\"summary_large_image\" \/>\n<meta name=\"twitter:label1\" content=\"Estimated reading time\" \/>\n\t<meta name=\"twitter:data1\" content=\"2 minutes\" \/>\n<script type=\"application\/ld+json\" class=\"yoast-schema-graph\">{\"@context\":\"https:\/\/schema.org\",\"@graph\":[{\"@type\":\"WebPage\",\"@id\":\"https:\/\/www.pksgitaliana.eu\/product\/penne-spaghetti-o-fusilli-al-pomodoro-e-basilico\/\",\"url\":\"https:\/\/www.pksgitaliana.eu\/product\/penne-spaghetti-o-fusilli-al-pomodoro-e-basilico\/\",\"name\":\"Penne Spaghetti o Fusilli al Pomodoro e Basilico - PKSG Italiana Ciuri Ciuri Bistro\",\"isPartOf\":{\"@id\":\"https:\/\/www.pksgitaliana.eu\/#website\"},\"primaryImageOfPage\":{\"@id\":\"https:\/\/www.pksgitaliana.eu\/product\/penne-spaghetti-o-fusilli-al-pomodoro-e-basilico\/#primaryimage\"},\"image\":{\"@id\":\"https:\/\/www.pksgitaliana.eu\/product\/penne-spaghetti-o-fusilli-al-pomodoro-e-basilico\/#primaryimage\"},\"thumbnailUrl\":\"https:\/\/www.pksgitaliana.eu\/wp-content\/uploads\/2023\/10\/penne-spaghetti-o-fusili-al-pomodoro.webp\",\"datePublished\":\"2023-10-27T13:57:09+00:00\",\"dateModified\":\"2024-02-07T12:03:00+00:00\",\"description\":\"A Penne Spaghetti o Fusilli al Pomodoro e Basilico , k\u00f6r\u00fcl\u00f6leli a gazdag, h\u00e1zi k\u00e9sz\u00edt\u00e9s\u0171 paradicsomsz\u00f3sz \u00e9s a friss bazsalikom harmonikus \u00edz\u00e9\",\"breadcrumb\":{\"@id\":\"https:\/\/www.pksgitaliana.eu\/product\/penne-spaghetti-o-fusilli-al-pomodoro-e-basilico\/#breadcrumb\"},\"inLanguage\":\"en-GB\",\"potentialAction\":[{\"@type\":\"ReadAction\",\"target\":[\"https:\/\/www.pksgitaliana.eu\/product\/penne-spaghetti-o-fusilli-al-pomodoro-e-basilico\/\"]}]},{\"@type\":\"ImageObject\",\"inLanguage\":\"en-GB\",\"@id\":\"https:\/\/www.pksgitaliana.eu\/product\/penne-spaghetti-o-fusilli-al-pomodoro-e-basilico\/#primaryimage\",\"url\":\"https:\/\/www.pksgitaliana.eu\/wp-content\/uploads\/2023\/10\/penne-spaghetti-o-fusili-al-pomodoro.webp\",\"contentUrl\":\"https:\/\/www.pksgitaliana.eu\/wp-content\/uploads\/2023\/10\/penne-spaghetti-o-fusili-al-pomodoro.webp\",\"width\":1536,\"height\":2048},{\"@type\":\"BreadcrumbList\",\"@id\":\"https:\/\/www.pksgitaliana.eu\/product\/penne-spaghetti-o-fusilli-al-pomodoro-e-basilico\/#breadcrumb\",\"itemListElement\":[{\"@type\":\"ListItem\",\"position\":1,\"name\":\"Home\",\"item\":\"https:\/\/www.pksgitaliana.eu\/\"},{\"@type\":\"ListItem\",\"position\":2,\"name\":\"Rendel\u00e9s\",\"item\":\"https:\/\/www.pksgitaliana.eu\/rendeles\/\"},{\"@type\":\"ListItem\",\"position\":3,\"name\":\"Penne Spaghetti o Fusilli al Pomodoro e Basilico\"}]},{\"@type\":\"WebSite\",\"@id\":\"https:\/\/www.pksgitaliana.eu\/#website\",\"url\":\"https:\/\/www.pksgitaliana.eu\/\",\"name\":\"PKSG Italiana Ciuri Ciuri Bistro\",\"description\":\"Szicil\u00edai \u00e9tterem\",\"publisher\":{\"@id\":\"https:\/\/www.pksgitaliana.eu\/#organization\"},\"alternateName\":\"PKSG Italiana\",\"potentialAction\":[{\"@type\":\"SearchAction\",\"target\":{\"@type\":\"EntryPoint\",\"urlTemplate\":\"https:\/\/www.pksgitaliana.eu\/?s={search_term_string}\"},\"query-input\":\"required name=search_term_string\"}],\"inLanguage\":\"en-GB\"},{\"@type\":\"Organization\",\"@id\":\"https:\/\/www.pksgitaliana.eu\/#organization\",\"name\":\"PKSG Italiana Ciuri Ciuri Bistro\",\"alternateName\":\"PKSG Italiana\",\"url\":\"https:\/\/www.pksgitaliana.eu\/\",\"logo\":{\"@type\":\"ImageObject\",\"inLanguage\":\"en-GB\",\"@id\":\"https:\/\/www.pksgitaliana.eu\/#\/schema\/logo\/image\/\",\"url\":\"https:\/\/www.pksgitaliana.eu\/wp-content\/uploads\/2024\/02\/cropped-sajat-logo-1.webp\",\"contentUrl\":\"https:\/\/www.pksgitaliana.eu\/wp-content\/uploads\/2024\/02\/cropped-sajat-logo-1.webp\",\"width\":886,\"height\":296,\"caption\":\"PKSG Italiana Ciuri Ciuri Bistro\"},\"image\":{\"@id\":\"https:\/\/www.pksgitaliana.eu\/#\/schema\/logo\/image\/\"},\"sameAs\":[\"https:\/\/www.facebook.com\/pksgitaliana\/\"]}]}<\/script>\n<!-- \/ Yoast SEO plugin. -->","yoast_head_json":{"title":"Penne Spaghetti o Fusilli al Pomodoro e Basilico - PKSG Italiana Ciuri Ciuri Bistro","description":"A Penne Spaghetti o Fusilli al Pomodoro e Basilico , k\u00f6r\u00fcl\u00f6leli a gazdag, h\u00e1zi k\u00e9sz\u00edt\u00e9s\u0171 paradicsomsz\u00f3sz \u00e9s a friss bazsalikom harmonikus \u00edz\u00e9","robots":{"index":"index","follow":"follow","max-snippet":"max-snippet:-1","max-image-preview":"max-image-preview:large","max-video-preview":"max-video-preview:-1"},"canonical":"https:\/\/www.pksgitaliana.eu\/en\/product\/penne-spaghetti-o-fusilli-al-pomodoro-e-basilico\/","og_locale":"en_GB","og_type":"article","og_title":"Penne Spaghetti o Fusilli al Pomodoro e Basilico - PKSG Italiana Ciuri Ciuri Bistro","og_description":"A Penne Spaghetti o Fusilli al Pomodoro e Basilico , k\u00f6r\u00fcl\u00f6leli a gazdag, h\u00e1zi k\u00e9sz\u00edt\u00e9s\u0171 paradicsomsz\u00f3sz \u00e9s a friss bazsalikom harmonikus \u00edz\u00e9","og_url":"https:\/\/www.pksgitaliana.eu\/en\/product\/penne-spaghetti-o-fusilli-al-pomodoro-e-basilico\/","og_site_name":"PKSG Italiana Ciuri Ciuri Bistro","article_publisher":"https:\/\/www.facebook.com\/pksgitaliana\/","article_modified_time":"2024-02-07T12:03:00+00:00","og_image":[{"width":1536,"height":2048,"url":"https:\/\/www.pksgitaliana.eu\/wp-content\/uploads\/2023\/10\/penne-spaghetti-o-fusili-al-pomodoro.webp","type":"image\/webp"}],"twitter_card":"summary_large_image","twitter_misc":{"Estimated reading time":"2 minutes"},"schema":{"@context":"https:\/\/schema.org","@graph":[{"@type":"WebPage","@id":"https:\/\/www.pksgitaliana.eu\/product\/penne-spaghetti-o-fusilli-al-pomodoro-e-basilico\/","url":"https:\/\/www.pksgitaliana.eu\/product\/penne-spaghetti-o-fusilli-al-pomodoro-e-basilico\/","name":"Penne Spaghetti o Fusilli al Pomodoro e Basilico - PKSG Italiana Ciuri Ciuri Bistro","isPartOf":{"@id":"https:\/\/www.pksgitaliana.eu\/#website"},"primaryImageOfPage":{"@id":"https:\/\/www.pksgitaliana.eu\/product\/penne-spaghetti-o-fusilli-al-pomodoro-e-basilico\/#primaryimage"},"image":{"@id":"https:\/\/www.pksgitaliana.eu\/product\/penne-spaghetti-o-fusilli-al-pomodoro-e-basilico\/#primaryimage"},"thumbnailUrl":"https:\/\/www.pksgitaliana.eu\/wp-content\/uploads\/2023\/10\/penne-spaghetti-o-fusili-al-pomodoro.webp","datePublished":"2023-10-27T13:57:09+00:00","dateModified":"2024-02-07T12:03:00+00:00","description":"A Penne Spaghetti o Fusilli al Pomodoro e Basilico , k\u00f6r\u00fcl\u00f6leli a gazdag, h\u00e1zi k\u00e9sz\u00edt\u00e9s\u0171 paradicsomsz\u00f3sz \u00e9s a friss bazsalikom harmonikus \u00edz\u00e9","breadcrumb":{"@id":"https:\/\/www.pksgitaliana.eu\/product\/penne-spaghetti-o-fusilli-al-pomodoro-e-basilico\/#breadcrumb"},"inLanguage":"en-GB","potentialAction":[{"@type":"ReadAction","target":["https:\/\/www.pksgitaliana.eu\/product\/penne-spaghetti-o-fusilli-al-pomodoro-e-basilico\/"]}]},{"@type":"ImageObject","inLanguage":"en-GB","@id":"https:\/\/www.pksgitaliana.eu\/product\/penne-spaghetti-o-fusilli-al-pomodoro-e-basilico\/#primaryimage","url":"https:\/\/www.pksgitaliana.eu\/wp-content\/uploads\/2023\/10\/penne-spaghetti-o-fusili-al-pomodoro.webp","contentUrl":"https:\/\/www.pksgitaliana.eu\/wp-content\/uploads\/2023\/10\/penne-spaghetti-o-fusili-al-pomodoro.webp","width":1536,"height":2048},{"@type":"BreadcrumbList","@id":"https:\/\/www.pksgitaliana.eu\/product\/penne-spaghetti-o-fusilli-al-pomodoro-e-basilico\/#breadcrumb","itemListElement":[{"@type":"ListItem","position":1,"name":"Home","item":"https:\/\/www.pksgitaliana.eu\/"},{"@type":"ListItem","position":2,"name":"Rendel\u00e9s","item":"https:\/\/www.pksgitaliana.eu\/rendeles\/"},{"@type":"ListItem","position":3,"name":"Penne Spaghetti o Fusilli al Pomodoro e Basilico"}]},{"@type":"WebSite","@id":"https:\/\/www.pksgitaliana.eu\/#website","url":"https:\/\/www.pksgitaliana.eu\/","name":"PKSG Italiana Ciuri Ciuri Bistro","description":"Szicil\u00edai \u00e9tterem","publisher":{"@id":"https:\/\/www.pksgitaliana.eu\/#organization"},"alternateName":"PKSG Italiana","potentialAction":[{"@type":"SearchAction","target":{"@type":"EntryPoint","urlTemplate":"https:\/\/www.pksgitaliana.eu\/?s={search_term_string}"},"query-input":"required name=search_term_string"}],"inLanguage":"en-GB"},{"@type":"Organization","@id":"https:\/\/www.pksgitaliana.eu\/#organization","name":"PKSG Italiana Ciuri Ciuri Bistro","alternateName":"PKSG Italiana","url":"https:\/\/www.pksgitaliana.eu\/","logo":{"@type":"ImageObject","inLanguage":"en-GB","@id":"https:\/\/www.pksgitaliana.eu\/#\/schema\/logo\/image\/","url":"https:\/\/www.pksgitaliana.eu\/wp-content\/uploads\/2024\/02\/cropped-sajat-logo-1.webp","contentUrl":"https:\/\/www.pksgitaliana.eu\/wp-content\/uploads\/2024\/02\/cropped-sajat-logo-1.webp","width":886,"height":296,"caption":"PKSG Italiana Ciuri Ciuri Bistro"},"image":{"@id":"https:\/\/www.pksgitaliana.eu\/#\/schema\/logo\/image\/"},"sameAs":["https:\/\/www.facebook.com\/pksgitaliana\/"]}]}},"_links":{"self":[{"href":"https:\/\/www.pksgitaliana.eu\/en\/wp-json\/wp\/v2\/product\/6166","targetHints":{"allow":["GET"]}}],"collection":[{"href":"https:\/\/www.pksgitaliana.eu\/en\/wp-json\/wp\/v2\/product"}],"about":[{"href":"https:\/\/www.pksgitaliana.eu\/en\/wp-json\/wp\/v2\/types\/product"}],"wp:featuredmedia":[{"embeddable":true,"href":"https:\/\/www.pksgitaliana.eu\/en\/wp-json\/wp\/v2\/media\/7057"}],"wp:attachment":[{"href":"https:\/\/www.pksgitaliana.eu\/en\/wp-json\/wp\/v2\/media?parent=6166"}],"wp:term":[{"taxonomy":"product_cat","embeddable":true,"href":"https:\/\/www.pksgitaliana.eu\/en\/wp-json\/wp\/v2\/product_cat?post=6166"},{"taxonomy":"product_tag","embeddable":true,"href":"https:\/\/www.pksgitaliana.eu\/en\/wp-json\/wp\/v2\/product_tag?post=6166"}],"curies":[{"name":"wp","href":"https:\/\/api.w.org\/{rel}","templated":true}]}}